{"id":534474,"date":"2024-12-12T14:22:25","date_gmt":"2024-12-12T14:22:25","guid":{"rendered":"https:\/\/harristweed-shop.be\/product\/harris-tweed-kilbride-mini-bowling-bag-in-multi-colour-tartan\/"},"modified":"2026-04-08T04:55:30","modified_gmt":"2026-04-08T04:55:30","slug":"harris-tweed-kilbride-mini-bowling-bag-in-multi-colour-tartan","status":"publish","type":"product","link":"https:\/\/harristweed-shop.be\/fr\/produit\/sac-de-bowling-mini-kilbride-en-tweed-harris-a-carreaux-multicolores\/","title":{"rendered":"Sac de bowling miniature Harris Tweed &#039;Kilbride&#039; \u00e0 carreaux multicolores"},"content":{"rendered":"<p>Mini sac bowling \u00ab Kilbride \u00bb en Harris Tweed. Poign\u00e9es de transport et bandouli\u00e8re r\u00e9glable et amovible. Compartiment principal zipp\u00e9 et poches int\u00e9rieures. Ext\u00e9rieur en Harris Tweed de laine 100% et finitions en PU. Doublure en polyester. Dimensions : 17 x 20 x 11 cm.<\/p>","protected":false},"excerpt":{"rendered":"<p>Mini sac bowling \u00ab Kilbride \u00bb en Harris Tweed. Poign\u00e9es de transport et bandouli\u00e8re r\u00e9glable et amovible. Compartiment principal zipp\u00e9 et poches int\u00e9rieures. Ext\u00e9rieur en Harris Tweed de laine 100% et finitions en PU. Doublure en polyester. Dimensions : 17 x 20 x 11 cm.<\/p>","protected":false},"featured_media":534475,"template":"","meta":[],"product_brand":[],"product_cat":[899,638,903,904,1163,1139,1162,1138,901,898,808],"product_tag":[],"class_list":{"0":"post-534474","1":"product","2":"type-product","3":"status-publish","4":"has-post-thumbnail","6":"product_cat-geschenke","7":"product_cat-gifts","8":"product_cat-handtas","9":"product_cat-handtaschen","10":"product_cat-harris-tweed-handtasche","11":"product_cat-harris-tweed-handtassen","12":"product_cat-harris-tweed-taschen","13":"product_cat-harris-tweed-tassen","14":"product_cat-taschen","15":"product_cat-tassen-gifts","16":"product_cat-tassen","17":"pa_merk-harristweed","19":"first","20":"outofstock","21":"taxable","22":"shipping-taxable","23":"purchasable","24":"product-type-simple"},"df_price":69.95,"df_sale_price":"","df_regular_price":69.95,"df_image_link":"https:\/\/harristweed-shop.be\/wp-content\/uploads\/2024\/12\/f18e1a7110dc4d7d830b410cbd1acd76_Harris_Tweed__Kilbride__Mini_Bowling_Bag_in_Multi_Colour_Tartan-300x300.jpeg","_links":{"self":[{"href":"https:\/\/harristweed-shop.be\/fr\/wp-json\/wp\/v2\/product\/534474","targetHints":{"allow":["GET"]}}],"collection":[{"href":"https:\/\/harristweed-shop.be\/fr\/wp-json\/wp\/v2\/product"}],"about":[{"href":"https:\/\/harristweed-shop.be\/fr\/wp-json\/wp\/v2\/types\/product"}],"wp:featuredmedia":[{"embeddable":true,"href":"https:\/\/harristweed-shop.be\/fr\/wp-json\/wp\/v2\/media\/534475"}],"wp:attachment":[{"href":"https:\/\/harristweed-shop.be\/fr\/wp-json\/wp\/v2\/media?parent=534474"}],"wp:term":[{"taxonomy":"product_brand","embeddable":true,"href":"https:\/\/harristweed-shop.be\/fr\/wp-json\/wp\/v2\/product_brand?post=534474"},{"taxonomy":"product_cat","embeddable":true,"href":"https:\/\/harristweed-shop.be\/fr\/wp-json\/wp\/v2\/product_cat?post=534474"},{"taxonomy":"product_tag","embeddable":true,"href":"https:\/\/harristweed-shop.be\/fr\/wp-json\/wp\/v2\/product_tag?post=534474"}],"curies":[{"name":"wp","href":"https:\/\/api.w.org\/{rel}","templated":true}]}}