{"id":534458,"date":"2024-12-12T14:12:22","date_gmt":"2024-12-12T14:12:22","guid":{"rendered":"https:\/\/harristweed-shop.be\/product\/harris-tweed-spey-tote-bag-in-grey-with-rust-overcheck\/"},"modified":"2026-05-05T04:31:30","modified_gmt":"2026-05-05T04:31:30","slug":"harris-tweed-spey-tote-bag-in-grey-with-rust-overcheck","status":"publish","type":"product","link":"https:\/\/harristweed-shop.be\/fr\/produit\/sac-fourre-tout-spey-en-tweed-harris-gris-a-carreaux-rouille\/","title":{"rendered":"Sac fourre-tout \u00ab Spey \u00bb en tweed Harris gris \u00e0 carreaux rouille"},"content":{"rendered":"<p>Sac fourre-tout \u00ab Spey \u00bb en Harris Tweed. 100%. Ext\u00e9rieur en Harris Tweed de laine, doublure en polyester et finitions en PU. Dimensions\u00a0: 30\u00a0cm x 43\u00a0cm x 10\u00a0cm. Grand sac bandouli\u00e8re zipp\u00e9, avec anses et bandouli\u00e8re r\u00e9glables. Bandouli\u00e8re amovible. Poche zipp\u00e9e et deux autres poches int\u00e9rieures.<\/p>","protected":false},"excerpt":{"rendered":"<p>Sac fourre-tout \u00ab Spey \u00bb en Harris Tweed. 100%. Ext\u00e9rieur en Harris Tweed de laine, doublure en polyester et finitions en PU. Dimensions\u00a0: 30\u00a0cm x 43\u00a0cm x 10\u00a0cm. Grand sac bandouli\u00e8re zipp\u00e9, avec anses et bandouli\u00e8re r\u00e9glables. Bandouli\u00e8re amovible. Poche zipp\u00e9e et deux autres poches int\u00e9rieures.<\/p>","protected":false},"featured_media":534459,"template":"","meta":[],"product_brand":[],"product_cat":[899,638,903,904,1163,1139,1162,1138,901,808,898],"product_tag":[],"class_list":{"0":"post-534458","1":"product","2":"type-product","3":"status-publish","4":"has-post-thumbnail","6":"product_cat-geschenke","7":"product_cat-gifts","8":"product_cat-handtas","9":"product_cat-handtaschen","10":"product_cat-harris-tweed-handtasche","11":"product_cat-harris-tweed-handtassen","12":"product_cat-harris-tweed-taschen","13":"product_cat-harris-tweed-tassen","14":"product_cat-taschen","15":"product_cat-tassen","16":"product_cat-tassen-gifts","17":"pa_merk-harristweed","19":"first","20":"instock","21":"taxable","22":"shipping-taxable","23":"purchasable","24":"product-type-simple"},"df_price":119.95,"df_sale_price":"","df_regular_price":119.95,"df_image_link":"https:\/\/harristweed-shop.be\/wp-content\/uploads\/2024\/12\/5ed7801e4c13dafe97af4e60eb680219_Harris_Tweed__Spey__Tote_Bag_in_Grey_with_Rust_Overcheck-300x300.jpeg","_links":{"self":[{"href":"https:\/\/harristweed-shop.be\/fr\/wp-json\/wp\/v2\/product\/534458","targetHints":{"allow":["GET"]}}],"collection":[{"href":"https:\/\/harristweed-shop.be\/fr\/wp-json\/wp\/v2\/product"}],"about":[{"href":"https:\/\/harristweed-shop.be\/fr\/wp-json\/wp\/v2\/types\/product"}],"wp:featuredmedia":[{"embeddable":true,"href":"https:\/\/harristweed-shop.be\/fr\/wp-json\/wp\/v2\/media\/534459"}],"wp:attachment":[{"href":"https:\/\/harristweed-shop.be\/fr\/wp-json\/wp\/v2\/media?parent=534458"}],"wp:term":[{"taxonomy":"product_brand","embeddable":true,"href":"https:\/\/harristweed-shop.be\/fr\/wp-json\/wp\/v2\/product_brand?post=534458"},{"taxonomy":"product_cat","embeddable":true,"href":"https:\/\/harristweed-shop.be\/fr\/wp-json\/wp\/v2\/product_cat?post=534458"},{"taxonomy":"product_tag","embeddable":true,"href":"https:\/\/harristweed-shop.be\/fr\/wp-json\/wp\/v2\/product_tag?post=534458"}],"curies":[{"name":"wp","href":"https:\/\/api.w.org\/{rel}","templated":true}]}}