{"id":534443,"date":"2024-12-12T13:52:19","date_gmt":"2024-12-12T13:52:19","guid":{"rendered":"https:\/\/harristweed-shop.be\/product\/harris-tweed-strathy-wallet-shoulder-bag-in-peach-and-purple-tartan\/"},"modified":"2026-04-18T12:03:56","modified_gmt":"2026-04-18T12:03:56","slug":"harris-tweed-strathy-wallet-shoulder-bag-in-peach-and-purple-tartan","status":"publish","type":"product","link":"https:\/\/harristweed-shop.be\/fr\/produit\/sac-a-bandouliere-portefeuille-en-tweed-harris-strathy-en-tartan-peche-et-violet\/","title":{"rendered":"Sac \u00e0 bandouli\u00e8re portefeuille \u00ab\u00a0Strathy\u00a0\u00bb en tweed Harris, motif tartan p\u00eache et violet"},"content":{"rendered":"<p>Sac \u00e0 bandouli\u00e8re portefeuille \u00ab\u00a0Strathy\u00a0\u00bb en tweed Harris 19 x 13 x 6 cm<\/p>","protected":false},"excerpt":{"rendered":"<p>Sac \u00e0 bandouli\u00e8re portefeuille \u00ab\u00a0Strathy\u00a0\u00bb en tweed Harris 19 x 13 x 6 cm<\/p>","protected":false},"featured_media":534444,"template":"","meta":[],"product_brand":[],"product_cat":[899,638,903,904,1163,1139,1162,1138,901,808,898],"product_tag":[],"class_list":{"0":"post-534443","1":"product","2":"type-product","3":"status-publish","4":"has-post-thumbnail","6":"product_cat-geschenke","7":"product_cat-gifts","8":"product_cat-handtas","9":"product_cat-handtaschen","10":"product_cat-harris-tweed-handtasche","11":"product_cat-harris-tweed-handtassen","12":"product_cat-harris-tweed-taschen","13":"product_cat-harris-tweed-tassen","14":"product_cat-taschen","15":"product_cat-tassen","16":"product_cat-tassen-gifts","17":"pa_merk-harristweed","19":"first","20":"instock","21":"taxable","22":"shipping-taxable","23":"purchasable","24":"product-type-simple"},"df_price":59.95,"df_sale_price":"","df_regular_price":59.95,"df_image_link":"https:\/\/harristweed-shop.be\/wp-content\/uploads\/2024\/12\/694cae335f9828bd7c8628389996b1cc_Harris_Tweed__Strathy__Wallet_Shoulder_Bag_in_Peach_and_Purple_Tartan-300x300.jpeg","_links":{"self":[{"href":"https:\/\/harristweed-shop.be\/fr\/wp-json\/wp\/v2\/product\/534443","targetHints":{"allow":["GET"]}}],"collection":[{"href":"https:\/\/harristweed-shop.be\/fr\/wp-json\/wp\/v2\/product"}],"about":[{"href":"https:\/\/harristweed-shop.be\/fr\/wp-json\/wp\/v2\/types\/product"}],"wp:featuredmedia":[{"embeddable":true,"href":"https:\/\/harristweed-shop.be\/fr\/wp-json\/wp\/v2\/media\/534444"}],"wp:attachment":[{"href":"https:\/\/harristweed-shop.be\/fr\/wp-json\/wp\/v2\/media?parent=534443"}],"wp:term":[{"taxonomy":"product_brand","embeddable":true,"href":"https:\/\/harristweed-shop.be\/fr\/wp-json\/wp\/v2\/product_brand?post=534443"},{"taxonomy":"product_cat","embeddable":true,"href":"https:\/\/harristweed-shop.be\/fr\/wp-json\/wp\/v2\/product_cat?post=534443"},{"taxonomy":"product_tag","embeddable":true,"href":"https:\/\/harristweed-shop.be\/fr\/wp-json\/wp\/v2\/product_tag?post=534443"}],"curies":[{"name":"wp","href":"https:\/\/api.w.org\/{rel}","templated":true}]}}