{"id":534435,"date":"2024-12-12T10:32:20","date_gmt":"2024-12-12T10:32:20","guid":{"rendered":"https:\/\/harristweed-shop.be\/product\/harris-tweed-brora-small-tote-in-muted-green-purple-tartan\/"},"modified":"2026-05-05T04:32:24","modified_gmt":"2026-05-05T04:32:24","slug":"harris-tweed-brora-small-tote-in-muted-green-purple-tartan","status":"publish","type":"product","link":"https:\/\/harristweed-shop.be\/fr\/produit\/petit-sac-fourre-tout-brora-en-tweed-harris-en-tartan-vert-violet-attenue\/","title":{"rendered":"Petit sac fourre-tout Harris Tweed \u00ab Brora \u00bb en tartan vert et violet"},"content":{"rendered":"<p>Petit cabas \u00ab\u00a0Brora\u00a0\u00bb en Harris Tweed. Ext\u00e9rieur en Harris Tweed de laine 100%, doublure en polyester et finitions en PU. Deux grandes poches zipp\u00e9es sur les bords ext\u00e9rieurs, un compartiment central ouvert avec fermeture magn\u00e9tique, deux poches ouvertes et une poche zipp\u00e9e \u00e0 l&#039;int\u00e9rieur. Bandouli\u00e8re r\u00e9glable et amovible. Dimensions\u00a0: 20\u00a0cm x 30\u00a0cm x 11\u00a0cm.<\/p>","protected":false},"excerpt":{"rendered":"<p>Petit cabas \u00ab\u00a0Brora\u00a0\u00bb en Harris Tweed. Ext\u00e9rieur en Harris Tweed de laine 100%, doublure en polyester et finitions en PU. Deux grandes poches zipp\u00e9es sur les bords ext\u00e9rieurs, un compartiment central ouvert avec fermeture magn\u00e9tique, deux poches ouvertes et une poche zipp\u00e9e \u00e0 l&#039;int\u00e9rieur. Bandouli\u00e8re r\u00e9glable et amovible. Dimensions\u00a0: 20\u00a0cm x 30\u00a0cm x 11\u00a0cm.<\/p>","protected":false},"featured_media":534436,"template":"","meta":[],"product_brand":[],"product_cat":[899,638,903,904,1163,1139,1162,1138,901,808,898],"product_tag":[],"class_list":{"0":"post-534435","1":"product","2":"type-product","3":"status-publish","4":"has-post-thumbnail","6":"product_cat-geschenke","7":"product_cat-gifts","8":"product_cat-handtas","9":"product_cat-handtaschen","10":"product_cat-harris-tweed-handtasche","11":"product_cat-harris-tweed-handtassen","12":"product_cat-harris-tweed-taschen","13":"product_cat-harris-tweed-tassen","14":"product_cat-taschen","15":"product_cat-tassen","16":"product_cat-tassen-gifts","17":"pa_merk-harristweed","19":"first","20":"instock","21":"taxable","22":"shipping-taxable","23":"purchasable","24":"product-type-simple"},"df_price":99.95,"df_sale_price":"","df_regular_price":99.95,"df_image_link":"https:\/\/harristweed-shop.be\/wp-content\/uploads\/2024\/12\/82caa1c6608d049112e634c07b6de301_Harris_Tweed__Brora__Small_Tote_in_Muted_Green___Purple_Tartan-300x300.jpeg","_links":{"self":[{"href":"https:\/\/harristweed-shop.be\/fr\/wp-json\/wp\/v2\/product\/534435","targetHints":{"allow":["GET"]}}],"collection":[{"href":"https:\/\/harristweed-shop.be\/fr\/wp-json\/wp\/v2\/product"}],"about":[{"href":"https:\/\/harristweed-shop.be\/fr\/wp-json\/wp\/v2\/types\/product"}],"wp:featuredmedia":[{"embeddable":true,"href":"https:\/\/harristweed-shop.be\/fr\/wp-json\/wp\/v2\/media\/534436"}],"wp:attachment":[{"href":"https:\/\/harristweed-shop.be\/fr\/wp-json\/wp\/v2\/media?parent=534435"}],"wp:term":[{"taxonomy":"product_brand","embeddable":true,"href":"https:\/\/harristweed-shop.be\/fr\/wp-json\/wp\/v2\/product_brand?post=534435"},{"taxonomy":"product_cat","embeddable":true,"href":"https:\/\/harristweed-shop.be\/fr\/wp-json\/wp\/v2\/product_cat?post=534435"},{"taxonomy":"product_tag","embeddable":true,"href":"https:\/\/harristweed-shop.be\/fr\/wp-json\/wp\/v2\/product_tag?post=534435"}],"curies":[{"name":"wp","href":"https:\/\/api.w.org\/{rel}","templated":true}]}}