{"id":534405,"date":"2024-12-12T10:12:27","date_gmt":"2024-12-12T10:12:27","guid":{"rendered":"https:\/\/harristweed-shop.be\/product\/ladies-brown-leather-tweed-gloves-in-heather-check\/"},"modified":"2026-04-08T05:40:22","modified_gmt":"2026-04-08T05:40:22","slug":"ladies-brown-leather-tweed-gloves-in-heather-check","status":"publish","type":"product","link":"https:\/\/harristweed-shop.be\/fr\/produit\/gants-en-tweed-et-cuir-marron-pour-femme-a-carreaux-chines\/","title":{"rendered":"Gants en cuir et tweed marron pour femme \u00e0 carreaux chin\u00e9s"},"content":{"rendered":"<p>Gants femme en tweed Harris et cuir marron souple de premi\u00e8re qualit\u00e9. Doublure douce au toucher. <\/p>","protected":false},"excerpt":{"rendered":"<p>Gants femme en tweed Harris et cuir marron souple de premi\u00e8re qualit\u00e9. Doublure douce au toucher. <\/p>","protected":false},"featured_media":534410,"template":"","meta":[],"product_brand":[],"product_cat":[869,926,886,1136,1172,105],"product_tag":[],"class_list":{"0":"post-534405","1":"product","2":"type-product","3":"status-publish","4":"has-post-thumbnail","6":"product_cat-handschoenen","7":"product_cat-handschoenen-shawls-shawls","8":"product_cat-handschuhe","9":"product_cat-harris-tweed-handschoenen","10":"product_cat-harris-tweed-handschuhe","11":"product_cat-shawls","12":"pa_merk-harristweed","14":"first","15":"instock","16":"taxable","17":"shipping-taxable","18":"purchasable","19":"product-type-variable"},"df_price":59.95,"df_sale_price":"","df_regular_price":59.95,"df_image_link":"https:\/\/harristweed-shop.be\/wp-content\/uploads\/2024\/12\/82508d70c9a4c66410f22030f8bd0d72_Ladies_Brown_Leather___Tweed_Gloves_in_Heather_Check-300x300.jpeg","_links":{"self":[{"href":"https:\/\/harristweed-shop.be\/fr\/wp-json\/wp\/v2\/product\/534405","targetHints":{"allow":["GET"]}}],"collection":[{"href":"https:\/\/harristweed-shop.be\/fr\/wp-json\/wp\/v2\/product"}],"about":[{"href":"https:\/\/harristweed-shop.be\/fr\/wp-json\/wp\/v2\/types\/product"}],"wp:featuredmedia":[{"embeddable":true,"href":"https:\/\/harristweed-shop.be\/fr\/wp-json\/wp\/v2\/media\/534410"}],"wp:attachment":[{"href":"https:\/\/harristweed-shop.be\/fr\/wp-json\/wp\/v2\/media?parent=534405"}],"wp:term":[{"taxonomy":"product_brand","embeddable":true,"href":"https:\/\/harristweed-shop.be\/fr\/wp-json\/wp\/v2\/product_brand?post=534405"},{"taxonomy":"product_cat","embeddable":true,"href":"https:\/\/harristweed-shop.be\/fr\/wp-json\/wp\/v2\/product_cat?post=534405"},{"taxonomy":"product_tag","embeddable":true,"href":"https:\/\/harristweed-shop.be\/fr\/wp-json\/wp\/v2\/product_tag?post=534405"}],"curies":[{"name":"wp","href":"https:\/\/api.w.org\/{rel}","templated":true}]}}