{"id":534393,"date":"2024-12-11T19:23:05","date_gmt":"2024-12-11T19:23:05","guid":{"rendered":"https:\/\/harristweed-shop.be\/product\/classic-england-rugby-vintage-polo\/"},"modified":"2026-05-02T12:04:27","modified_gmt":"2026-05-02T12:04:27","slug":"classic-england-rugby-vintage-polo","status":"publish","type":"product","link":"https:\/\/harristweed-shop.be\/fr\/produit\/polo-vintage-de-rugby-anglais-classique\/","title":{"rendered":"Polo vintage classique de rugby anglais"},"content":{"rendered":"<p>Introduction au maillot de rugby classique de l&#039;Angleterre<\/p>\n<p>Produit par Ellis Rugby, le polo de rugby classique d&#039;Angleterre Triple Blue est un maillot d&#039;une qualit\u00e9 exceptionnelle. Inspir\u00e9 du polo de rugby classique d&#039;Angleterre Triple Blue, il rend hommage aux grandes \u00e9quipes de rugby anglaises de 1913 et 1914. La cl\u00e9 du succ\u00e8s de ces grandes \u00e9quipes fut CN Lowe, qui, alors qu&#039;il \u00e9tait \u00e0 l&#039;universit\u00e9 de Cambridge, remporta le titre de \u00ab\u00a0Triple Blue\u00a0\u00bb en 1911, 1912 et 1913, ce qui en fait un rare \u00ab\u00a0Triple Blue\u00a0\u00bb. Nous avons incorpor\u00e9 un blason en quartiers orn\u00e9 de la rose anglaise et de symboles c\u00e9l\u00e9brant les exploits militaires de CN Lowe.<\/p>\n<p>GRAND CHELEM D&#039;ANGLETERRE 1913<\/p>\n<p>L&#039;\u00e9quipe d&#039;Angleterre du Tournoi des Cinq Nations de 1913 \u00e9tait men\u00e9e par le capitaine Norman Wodehouse, un homme inspirant. Wodehouse \u00e9tait un excellent attaquant, intransigeant. Sp\u00e9cialiste des touches, il \u00e9tait surtout un excellent meneur d&#039;hommes, sur le terrain comme en dehors. S\u00e9lectionn\u00e9 pour la premi\u00e8re fois en 1910 contre la France, il fut un \u00e9l\u00e9ment incontournable de l&#039;\u00e9quipe pendant les deux saisons suivantes. En 1912, il fut promu capitaine.<\/p>\n<p>En savoir plus<\/p>\n<p>L&#039;Angleterre a d&#039;abord battu le Pays de Galles \u00e0 Twickenham 12 points \u00e0 0. Pillman a jou\u00e9 un r\u00f4le cl\u00e9 dans la victoire en inscrivant un excellent essai et Poulton a conc\u00e9d\u00e9 un but. L&#039;Angleterre a ensuite remport\u00e9 une victoire \u00e9clatante 20 points \u00e0 0 contre la France, o\u00f9 Pillman a inscrit deux buts. L&#039;Angleterre a ensuite remport\u00e9 une victoire convaincante 15 points \u00e0 4 contre Dublin. Le dernier match a \u00e9t\u00e9 tr\u00e8s serr\u00e9, l&#039;Angleterre s&#039;imposant 3 points \u00e0 0 contre l&#039;\u00c9cosse.<\/p>\n<p>L&#039;Angleterre a remport\u00e9 la Triple Couronne pour la quatri\u00e8me fois et le Grand Chelem pour la premi\u00e8re fois. Elle n&#039;a conc\u00e9d\u00e9 qu&#039;un seul but durant le tournoi, un drop marqu\u00e9 par l&#039;Irlande. Wodehouse est devenu le premier capitaine anglais \u00e0 mener son \u00e9quipe \u00e0 un palmar\u00e8s sans appel. Malheureusement, lors de sa derni\u00e8re saison de rugby, il a perdu la vie en 1941, lorsque son navire marchand a \u00e9t\u00e9 coul\u00e9 par des sous-marins allemands.<\/p>\n<p>GRAND CHELEM D&#039;ANGLETERRE 1914<\/p>\n<p>Sans Wodehouse, en raison de ses engagements dans la Navy, l&#039;Angleterre confia le capitanat \u00e0 son trois-quarts \u00e9toile Ronnie Poulton. Poulton s&#039;est fait conna\u00eetre en jouant pour les Harlequins, le Liverpool FC, le Balliol College et l&#039;Oxford University RFC. Talentueux, il est l&#039;un des trois seuls joueurs \u00e0 avoir inscrit un tripl\u00e9 d&#039;essais lors du Varsity Match \u2013 il en marqua cinq en 1909, ce qui constitue toujours le record individuel de cette rencontre.<\/p>\n<p>L&#039;Angleterre a fait bonne figure lors du premier match contre le Pays de Galles, une \u00e9quipe qu&#039;elle n&#039;avait pas battue \u00e0 l&#039;ext\u00e9rieur depuis 1895. Bruno Brown et Pillman de Blackheath ont marqu\u00e9 des essais et Fred Chapman a marqu\u00e9 deux buts pour une victoire serr\u00e9e de 10 points \u00e0 9.<\/p>\n<p>\u00c0 propos des matchs<\/p>\n<p>40\u00a0000 spectateurs se sont rassembl\u00e9s pour le match suivant de l&#039;Angleterre contre l&#039;Irlande. Poulton a affront\u00e9 son co\u00e9quipier du Liverpool FC, le demi d&#039;ouverture et capitaine irlandais Dickie Lloyd, qui a salu\u00e9 sa belle performance lors de la victoire 17 points \u00e0 12.<\/p>\n<p>Le match suivant s&#039;est d\u00e9roul\u00e9 contre l&#039;\u00c9cosse pour la Calcutta Cup et la Triple Couronne. Ce match a \u00e9t\u00e9 domin\u00e9 par le l\u00e9gendaire ailier anglais Cyril Lowe, qui a inscrit un superbe essai, donnant ainsi l&#039;avantage \u00e0 son \u00e9quipe. L&#039;\u00c9cosse est revenue dans le match en fin de match, mais au grand soulagement de l&#039;Angleterre, le score s&#039;est termin\u00e9 en sa faveur (16 points \u00e0 15).<\/p>\n<p>Le dernier obstacle \u00e0 franchir pour remporter un deuxi\u00e8me Grand Chelem cons\u00e9cutif \u00e9tait la France. Le dernier match international de rugby avant la Premi\u00e8re Guerre mondiale eut lieu \u00e0 Colombes, \u00e0 Paris, le 13 avril 1914. La performance de Poulton fut v\u00e9ritablement exceptionnelle, inscrivant quatre essais lors de la victoire anglaise 39-13. Poulton \u00e9tait r\u00e9put\u00e9 pour son insaisissabilit\u00e9 et son style de jeu glamour \u2013 \u00ab la simple \u00e9vocation de l&#039;errance \u00e9voque le regrett\u00e9 Ronald Poulton, le vagabond par excellence \u00bb.<\/p>","protected":false},"excerpt":{"rendered":"<p>CN Lowe MC, DFC, international anglais de rugby (18 essais, 25 s\u00e9lections), as de l&#039;aviation de la Premi\u00e8re Guerre mondiale cr\u00e9dit\u00e9 de neuf victoires, et consid\u00e9r\u00e9 comme l&#039;inspiration du personnage de WE Johns \u00ab Biggles \u00bb<\/p>","protected":false},"featured_media":534394,"template":"","meta":[],"product_brand":[],"product_cat":[1024,957,556,406,1000,394,955,555],"product_tag":[],"class_list":{"0":"post-534393","1":"product","2":"type-product","3":"status-publish","4":"has-post-thumbnail","6":"product_cat-ellis-rugby-polos","7":"product_cat-england-shop-by-country-club","8":"product_cat-international-vintage-rugby-shirts","9":"product_cat-polos","10":"product_cat-poloshirts","11":"product_cat-rugby-shirts-2","12":"product_cat-shop-by-country-club","13":"product_cat-vintage-rugby-shirts","14":"pa_merk-ellis-rugby","16":"first","17":"instock","18":"taxable","19":"shipping-taxable","20":"purchasable","21":"product-type-variable"},"df_price":69.95,"df_sale_price":"","df_regular_price":69.95,"df_image_link":"https:\/\/harristweed-shop.be\/wp-content\/uploads\/2024\/12\/1b658151d32be6acc1085e8dfbfe96f5_Classic_England_Rugby_Vintage_Polo-300x300.jpg","_links":{"self":[{"href":"https:\/\/harristweed-shop.be\/fr\/wp-json\/wp\/v2\/product\/534393","targetHints":{"allow":["GET"]}}],"collection":[{"href":"https:\/\/harristweed-shop.be\/fr\/wp-json\/wp\/v2\/product"}],"about":[{"href":"https:\/\/harristweed-shop.be\/fr\/wp-json\/wp\/v2\/types\/product"}],"wp:featuredmedia":[{"embeddable":true,"href":"https:\/\/harristweed-shop.be\/fr\/wp-json\/wp\/v2\/media\/534394"}],"wp:attachment":[{"href":"https:\/\/harristweed-shop.be\/fr\/wp-json\/wp\/v2\/media?parent=534393"}],"wp:term":[{"taxonomy":"product_brand","embeddable":true,"href":"https:\/\/harristweed-shop.be\/fr\/wp-json\/wp\/v2\/product_brand?post=534393"},{"taxonomy":"product_cat","embeddable":true,"href":"https:\/\/harristweed-shop.be\/fr\/wp-json\/wp\/v2\/product_cat?post=534393"},{"taxonomy":"product_tag","embeddable":true,"href":"https:\/\/harristweed-shop.be\/fr\/wp-json\/wp\/v2\/product_tag?post=534393"}],"curies":[{"name":"wp","href":"https:\/\/api.w.org\/{rel}","templated":true}]}}