{"id":534385,"date":"2024-12-11T16:04:24","date_gmt":"2024-12-11T16:04:24","guid":{"rendered":"https:\/\/harristweed-shop.be\/product\/cognac-katoenen-herensokken\/"},"modified":"2026-03-11T03:11:29","modified_gmt":"2026-03-11T03:11:29","slug":"cognac-katoenen-herensokken","status":"publish","type":"product","link":"https:\/\/harristweed-shop.be\/fr\/produit\/chaussettes-homme-en-coton-cognac\/","title":{"rendered":"Chaussettes pour homme en coton Terra Cognac"},"content":{"rendered":"<p>Les chaussettes pour homme couleur cognac de la ligne Terra de Carlo Lanza allient chaleur et \u00e9l\u00e9gance italienne. Leur teinte riche et chaleureuse \u00e9voque le cuir, l&#039;automne et les mati\u00e8res luxueuses \u2013 parfaites pour les hommes de style. Confectionn\u00e9es en coton \u00e9gyptien de haute qualit\u00e9, ces chaussettes offrent respirabilit\u00e9 et confort durable. Gr\u00e2ce \u00e0 la couture des orteils r\u00e9alis\u00e9e \u00e0 la main et au bord-c\u00f4te sur\u00e9lev\u00e9, vous les porterez avec un confort optimal jour apr\u00e8s jour. Fabriqu\u00e9es en Italie, elles sont soumises \u00e0 un contr\u00f4le qualit\u00e9 rigoureux, puis lav\u00e9es et repass\u00e9es pour \u00e9viter tout r\u00e9tr\u00e9cissement. Choisir les chaussettes pour homme Carlo Lanza, c&#039;est opter pour le meilleur : raffin\u00e9es, confortables et r\u00e9sistantes. Ces chaussettes couleur cognac s&#039;accordent \u00e0 merveille avec les tons naturels, le denim ou le bleu marine. Pour pr\u00e9server leur qualit\u00e9, lavez-les \u00e0 l&#039;envers \u00e0 30 degr\u00e9s Celsius et laissez-les s\u00e9cher \u00e0 l&#039;air libre.<\/p>\n<p>Toutes les chaussettes et bas haut de gamme de la marque Carlo Lanza sont confectionn\u00e9s artisanalement avec le plus grand soin dans une usine italienne. Ici, la fabrication de chaussettes est un v\u00e9ritable art. Au sein de cette entreprise familiale, seuls les tissus les plus fins au monde sont utilis\u00e9s pour garantir la qualit\u00e9 de leurs produits. Cependant, ces mati\u00e8res \u00e9tant d\u00e9licates, il est important de manipuler et de nettoyer vos chaussettes et bas haut de gamme avec pr\u00e9caution.<\/p>\n<p>Nos chaussettes de qualit\u00e9 finissent souvent par se retrouver dans le tas de linge sale et, malheureusement, elles ne re\u00e7oivent pas beaucoup d&#039;attention. Cependant, nous souhaitons vous donner quelques conseils pour laver vos chaussettes et pr\u00e9server ainsi leur belle couleur. Si vous suivez les conseils ci-dessous apr\u00e8s avoir achet\u00e9 nos chaussettes, vous constaterez qu&#039;ils prolongeront leur dur\u00e9e de vie\u00a0:<\/p>\n<ul>\n<li>Lavez vos chaussettes \u00e0 une temp\u00e9rature maximale de 30 degr\u00e9s.<\/li>\n<li>Il est pr\u00e9f\u00e9rable de laver ses chaussettes \u00e0 l&#039;envers.<\/li>\n<li>Faites s\u00e9cher vos chaussettes sur l&#039;\u00e9tendoir \u00e0 linge et non dans le s\u00e8che-linge.<\/li>\n<li>\u00c9vitez autant que possible de porter des chaussettes \u00e0 l&#039;int\u00e9rieur. Portez des chaussons ou des tongs confortables pour pr\u00e9server vos chaussettes.<\/li>\n<\/ul>\n<p>Marque : Carlo Lanza<br \/>\nMati\u00e8re : 80% coton \u00e9gyptien | 16% polyamide | 4% \u00e9lasthanne<br \/>\nTraitement suppl\u00e9mentaire : le fil d&#039;\u00e9cosse apporte un \u00e9clat soyeux sur les chaussettes<br \/>\nDisponible dans les tailles : S (39-43) et M (44-48).<br \/>\nLongueur de la chaussette \u00e0 partir du talon : \u00b1 27 cm<br \/>\nD\u00e9tails\u00a0: Bout remaill\u00e9 \u00e0 la main. Le bout et le talon sont renforc\u00e9s de nylon, ce qui les rend tr\u00e8s r\u00e9sistants.<br \/>\nLabel de qualit\u00e9 Oeko Tex\u00ae<br \/>\nFabriqu\u00e9 en Italie<\/p>","protected":false},"excerpt":{"rendered":"<p>Chaussettes pour hommes en coton Terra Cognac.<\/p>\n<p>Les chaussettes pour homme couleur cognac de la ligne Terra de Carlo Lanza allient chaleur et \u00e9l\u00e9gance italienne. Leur teinte riche et chaleureuse \u00e9voque le cuir, l&#039;automne et les mati\u00e8res luxueuses \u2013 id\u00e9ale pour les hommes de style. Confectionn\u00e9es en coton \u00e9gyptien de haute qualit\u00e9, ces chaussettes offrent respirabilit\u00e9 et confort durable.<\/p>","protected":false},"featured_media":534388,"template":"","meta":[],"product_brand":[],"product_cat":[925,134],"product_tag":[],"class_list":{"0":"post-534385","1":"product","2":"type-product","3":"status-publish","4":"has-post-thumbnail","6":"product_cat-socken","7":"product_cat-sokken","8":"pa_merk-carlolanza","10":"first","11":"instock","12":"taxable","13":"shipping-taxable","14":"purchasable","15":"product-type-variable"},"df_price":17.95,"df_sale_price":"","df_regular_price":17.95,"df_image_link":"https:\/\/harristweed-shop.be\/wp-content\/uploads\/2024\/12\/47c904a3c5f189b2beb80df388dc06fd_Cognac_Katoenen_Herensokken-300x300.jpeg","_links":{"self":[{"href":"https:\/\/harristweed-shop.be\/fr\/wp-json\/wp\/v2\/product\/534385","targetHints":{"allow":["GET"]}}],"collection":[{"href":"https:\/\/harristweed-shop.be\/fr\/wp-json\/wp\/v2\/product"}],"about":[{"href":"https:\/\/harristweed-shop.be\/fr\/wp-json\/wp\/v2\/types\/product"}],"wp:featuredmedia":[{"embeddable":true,"href":"https:\/\/harristweed-shop.be\/fr\/wp-json\/wp\/v2\/media\/534388"}],"wp:attachment":[{"href":"https:\/\/harristweed-shop.be\/fr\/wp-json\/wp\/v2\/media?parent=534385"}],"wp:term":[{"taxonomy":"product_brand","embeddable":true,"href":"https:\/\/harristweed-shop.be\/fr\/wp-json\/wp\/v2\/product_brand?post=534385"},{"taxonomy":"product_cat","embeddable":true,"href":"https:\/\/harristweed-shop.be\/fr\/wp-json\/wp\/v2\/product_cat?post=534385"},{"taxonomy":"product_tag","embeddable":true,"href":"https:\/\/harristweed-shop.be\/fr\/wp-json\/wp\/v2\/product_tag?post=534385"}],"curies":[{"name":"wp","href":"https:\/\/api.w.org\/{rel}","templated":true}]}}