{"id":534375,"date":"2024-12-11T15:47:38","date_gmt":"2024-12-11T15:47:38","guid":{"rendered":"https:\/\/harristweed-shop.be\/product\/sokken-roze-katoen\/"},"modified":"2026-05-05T04:34:57","modified_gmt":"2026-05-05T04:34:57","slug":"sokken-roze-katoen","status":"publish","type":"product","link":"https:\/\/harristweed-shop.be\/fr\/produit\/chaussettes-roses-en-coton\/","title":{"rendered":"Chaussettes Homme Coton Tutti Colori Rose Clair"},"content":{"rendered":"<p>Les chaussettes roses de la collection Tutti Colori de Carlo Lanza sont destin\u00e9es \u00e0 l&#039;homme audacieux. Cette couleur vive apporte \u00e9nergie et style \u00e0 votre tenue sans sacrifier l&#039;\u00e9l\u00e9gance. Id\u00e9ales pour ceux qui souhaitent ajouter une touche de gaiet\u00e9 \u00e0 leur look\u00a0: un style affirm\u00e9 sans exc\u00e8s. Confectionn\u00e9es en luxueux coton \u00e9gyptien, ces chaussettes offrent une douceur incomparable, une respirabilit\u00e9 optimale et un maintien parfait. La couture des orteils, r\u00e9alis\u00e9e \u00e0 la main, pr\u00e9vient les irritations, et le bord-c\u00f4te plus haut assure un confort durable. Fabriqu\u00e9es en Italie, ces chaussettes sont soigneusement lav\u00e9es, repass\u00e9es et soumises \u00e0 un contr\u00f4le qualit\u00e9 rigoureux. Acheter des chaussettes pour homme chez Carlo Lanza, c&#039;est s&#039;offrir une exp\u00e9rience alliant savoir-faire, confort et style. Elles se marient parfaitement avec des teintes neutres comme le gris ou le bleu marine, ou avec un costume d&#039;\u00e9t\u00e9 l\u00e9ger pour un look surprenant. Pour une meilleure durabilit\u00e9, lavez-les \u00e0 l&#039;envers \u00e0 30\u00a0\u00b0C et laissez-les s\u00e9cher \u00e0 plat.<\/p>\n<p>Toutes les chaussettes et bas haut de gamme de la marque Carlo Lanza sont confectionn\u00e9s artisanalement avec le plus grand soin dans une usine italienne. Ici, la fabrication de chaussettes est un v\u00e9ritable art. Au sein de cette entreprise familiale, seuls les tissus les plus fins au monde sont utilis\u00e9s pour garantir la qualit\u00e9 de leurs produits. Cependant, ces mati\u00e8res \u00e9tant d\u00e9licates, il est important de manipuler et de nettoyer vos chaussettes et bas haut de gamme avec pr\u00e9caution.<\/p>\n<p>Nos chaussettes de qualit\u00e9 finissent souvent par se retrouver dans le tas de linge sale et, malheureusement, elles ne re\u00e7oivent pas beaucoup d&#039;attention. Cependant, nous souhaitons vous donner quelques conseils pour laver vos chaussettes et pr\u00e9server ainsi leur belle couleur. Si vous suivez les conseils ci-dessous apr\u00e8s avoir achet\u00e9 nos chaussettes, vous constaterez qu&#039;ils prolongeront leur dur\u00e9e de vie\u00a0:<\/p>\n<ul>\n<li>Lavez vos chaussettes \u00e0 une temp\u00e9rature maximale de 30 degr\u00e9s.<\/li>\n<li>Il est pr\u00e9f\u00e9rable de laver ses chaussettes \u00e0 l&#039;envers.<\/li>\n<li>Faites s\u00e9cher vos chaussettes sur l&#039;\u00e9tendoir \u00e0 linge et non dans le s\u00e8che-linge.<\/li>\n<li>\u00c9vitez autant que possible de porter des chaussettes \u00e0 l&#039;int\u00e9rieur. Portez des chaussons ou des tongs confortables pour pr\u00e9server vos chaussettes.<\/li>\n<\/ul>\n<p>Marque : Carlo Lanza<br \/>\nMati\u00e8re : 80% coton \u00e9gyptien | 16% polyamide | 4% \u00e9lasthanne<br \/>\nTraitement suppl\u00e9mentaire : le fil d&#039;\u00e9cosse apporte un \u00e9clat soyeux sur les chaussettes<br \/>\nDisponible dans les tailles : S (39-43) et M (44-48).<br \/>\nLongueur de la chaussette \u00e0 partir du talon : \u00b1 27 cm<br \/>\nD\u00e9tails\u00a0: Bout remaill\u00e9 \u00e0 la main. Le bout et le talon sont renforc\u00e9s de nylon, ce qui les rend tr\u00e8s r\u00e9sistants.<br \/>\nLabel de qualit\u00e9 Oeko Tex\u00ae<br \/>\nFabriqu\u00e9 en Italie<\/p>","protected":false},"excerpt":{"rendered":"<p>Chaussettes Homme Coton Tutti Colori Rose Clair.<\/p>\n<p>Les chaussettes roses de la collection Tutti Colori de Carlo Lanza sont destin\u00e9es \u00e0 l&#039;homme audacieux. Cette couleur vive apporte \u00e9nergie et style \u00e0 votre tenue sans rien perdre de son \u00e9l\u00e9gance. Id\u00e9ales pour ceux qui souhaitent ajouter une touche de gaiet\u00e9 \u00e0 leur garde-robe\u00a0: un style impeccable sans en faire trop.<\/p>","protected":false},"featured_media":534378,"template":"","meta":[],"product_brand":[],"product_cat":[925,134],"product_tag":[],"class_list":{"0":"post-534375","1":"product","2":"type-product","3":"status-publish","4":"has-post-thumbnail","6":"product_cat-socken","7":"product_cat-sokken","8":"pa_merk-carlolanza","10":"first","11":"instock","12":"taxable","13":"shipping-taxable","14":"purchasable","15":"product-type-variable"},"df_price":17.95,"df_sale_price":"","df_regular_price":17.95,"df_image_link":"https:\/\/harristweed-shop.be\/wp-content\/uploads\/2024\/12\/d38d187e5a5dd256fdb190ad247d942f_Sokken_Roze-300x300.jpeg","_links":{"self":[{"href":"https:\/\/harristweed-shop.be\/fr\/wp-json\/wp\/v2\/product\/534375","targetHints":{"allow":["GET"]}}],"collection":[{"href":"https:\/\/harristweed-shop.be\/fr\/wp-json\/wp\/v2\/product"}],"about":[{"href":"https:\/\/harristweed-shop.be\/fr\/wp-json\/wp\/v2\/types\/product"}],"wp:featuredmedia":[{"embeddable":true,"href":"https:\/\/harristweed-shop.be\/fr\/wp-json\/wp\/v2\/media\/534378"}],"wp:attachment":[{"href":"https:\/\/harristweed-shop.be\/fr\/wp-json\/wp\/v2\/media?parent=534375"}],"wp:term":[{"taxonomy":"product_brand","embeddable":true,"href":"https:\/\/harristweed-shop.be\/fr\/wp-json\/wp\/v2\/product_brand?post=534375"},{"taxonomy":"product_cat","embeddable":true,"href":"https:\/\/harristweed-shop.be\/fr\/wp-json\/wp\/v2\/product_cat?post=534375"},{"taxonomy":"product_tag","embeddable":true,"href":"https:\/\/harristweed-shop.be\/fr\/wp-json\/wp\/v2\/product_tag?post=534375"}],"curies":[{"name":"wp","href":"https:\/\/api.w.org\/{rel}","templated":true}]}}