{"id":534314,"date":"2024-12-07T10:12:24","date_gmt":"2024-12-07T10:12:24","guid":{"rendered":"https:\/\/harristweed-shop.be\/product\/harris-tweed-cassley-classic-handbag-in-dark-green-and-plum-check\/"},"modified":"2026-05-05T04:34:56","modified_gmt":"2026-05-05T04:34:56","slug":"harris-tweed-cassley-classic-handbag-in-dark-green-and-plum-check","status":"publish","type":"product","link":"https:\/\/harristweed-shop.be\/fr\/produit\/sac-a-main-classique-cassley-en-tweed-harris-a-carreaux-vert-fonce-et-prune\/","title":{"rendered":"Sac \u00e0 main classique \u00ab Cassley \u00bb en tweed Harris \u00e0 carreaux vert fonc\u00e9 et prune"},"content":{"rendered":"<p>Sac \u00e0 main classique \u00ab Cassley \u00bb en tweed Harris.<br \/>\n100% Ext\u00e9rieur en laine Harris Tweed,<br \/>\nDoublure en polyester et garniture en PU.<br \/>\n25cm x 38cm x 11cm.<br \/>\nPeut \u00eatre port\u00e9 \u00e0 l&#039;\u00e9paule.<br \/>\nGrande poche centrale zipp\u00e9e avec compartiments de chaque c\u00f4t\u00e9 avec fermeture \u00e0 pression.<\/p>","protected":false},"excerpt":{"rendered":"<p>Sac \u00e0 main classique \u00ab Cassley \u00bb en tweed Harris.<br \/>\n100% Ext\u00e9rieur en laine Harris Tweed,<br \/>\nDoublure en polyester et garniture en PU.<br \/>\n25cm x 38cm x 11cm.<br \/>\nPeut \u00eatre port\u00e9 \u00e0 l&#039;\u00e9paule.<br \/>\nGrande poche centrale zipp\u00e9e avec compartiments de chaque c\u00f4t\u00e9 avec fermeture \u00e0 pression.<\/p>","protected":false},"featured_media":534315,"template":"","meta":[],"product_brand":[],"product_cat":[899,638,903,904,1163,1139,1162,1138,901,808,898],"product_tag":[],"class_list":{"0":"post-534314","1":"product","2":"type-product","3":"status-publish","4":"has-post-thumbnail","6":"product_cat-geschenke","7":"product_cat-gifts","8":"product_cat-handtas","9":"product_cat-handtaschen","10":"product_cat-harris-tweed-handtasche","11":"product_cat-harris-tweed-handtassen","12":"product_cat-harris-tweed-taschen","13":"product_cat-harris-tweed-tassen","14":"product_cat-taschen","15":"product_cat-tassen","16":"product_cat-tassen-gifts","17":"pa_merk-harristweed","19":"first","20":"instock","21":"taxable","22":"shipping-taxable","23":"purchasable","24":"product-type-simple"},"df_price":89.95,"df_sale_price":"","df_regular_price":89.95,"df_image_link":"https:\/\/harristweed-shop.be\/wp-content\/uploads\/2024\/12\/57205c3597e6bb0a19092cbda6975b71_Harris_Tweed__Cassley__Classic_Handbag_in_Dark_Green_and_Plum_Check-300x300.jpeg","_links":{"self":[{"href":"https:\/\/harristweed-shop.be\/fr\/wp-json\/wp\/v2\/product\/534314","targetHints":{"allow":["GET"]}}],"collection":[{"href":"https:\/\/harristweed-shop.be\/fr\/wp-json\/wp\/v2\/product"}],"about":[{"href":"https:\/\/harristweed-shop.be\/fr\/wp-json\/wp\/v2\/types\/product"}],"wp:featuredmedia":[{"embeddable":true,"href":"https:\/\/harristweed-shop.be\/fr\/wp-json\/wp\/v2\/media\/534315"}],"wp:attachment":[{"href":"https:\/\/harristweed-shop.be\/fr\/wp-json\/wp\/v2\/media?parent=534314"}],"wp:term":[{"taxonomy":"product_brand","embeddable":true,"href":"https:\/\/harristweed-shop.be\/fr\/wp-json\/wp\/v2\/product_brand?post=534314"},{"taxonomy":"product_cat","embeddable":true,"href":"https:\/\/harristweed-shop.be\/fr\/wp-json\/wp\/v2\/product_cat?post=534314"},{"taxonomy":"product_tag","embeddable":true,"href":"https:\/\/harristweed-shop.be\/fr\/wp-json\/wp\/v2\/product_tag?post=534314"}],"curies":[{"name":"wp","href":"https:\/\/api.w.org\/{rel}","templated":true}]}}