{"id":534260,"date":"2024-12-07T09:32:14","date_gmt":"2024-12-07T09:32:14","guid":{"rendered":"https:\/\/harristweed-shop.be\/product\/viyella-argyle-socks-beige\/"},"modified":"2026-04-08T06:10:18","modified_gmt":"2026-04-08T06:10:18","slug":"viyella-argyle-socks-beige","status":"publish","type":"product","link":"https:\/\/harristweed-shop.be\/fr\/produit\/chaussettes-viyella-argyle-beiges\/","title":{"rendered":"Chaussettes Viyella Argyle taille unique beige"},"content":{"rendered":"<p>Les chaussettes Viyella Classic Argyle sont fabriqu\u00e9es selon les normes les plus \u00e9lev\u00e9es<br \/>\nDerbyshire, Angleterre.<\/p>\n<p>Fabriqu\u00e9e \u00e0 partir de laine m\u00e9rinos 80% et de nylon 20%, cette chaussette de poids moyen est parfaite<br \/>\npour un usage quotidien.<\/p>\n<p>La longueur de la jambe mesure du talon au haut 10 pouces, soit 25<br \/>\nCentim\u00e8tres. Mi-mollet.<\/p>\n<p>Taille<br \/>\nRoyaume-Uni : 6-11<br \/>\nEURO: 39-46<br \/>\n\u00c9tats-Unis : 7-12<\/p>\n<p>Composition<br \/>\nLaine m\u00e9rinos 80% et nylon 20%<\/p>\n<p>Lavable en machine<br \/>\nLaver les couleurs fonc\u00e9es s\u00e9par\u00e9ment<\/p>","protected":false},"excerpt":{"rendered":"<p>Chaussettes Viyella Argyle Taille Unique Beige.<\/p>\n<p>Les chaussettes Viyella Classic Argyle sont fabriqu\u00e9es selon les normes les plus \u00e9lev\u00e9es<br \/>\nDerbyshire, Angleterre.<\/p>","protected":false},"featured_media":534261,"template":"","meta":[],"product_brand":[],"product_cat":[925,134],"product_tag":[],"class_list":{"0":"post-534260","1":"product","2":"type-product","3":"status-publish","4":"has-post-thumbnail","6":"product_cat-socken","7":"product_cat-sokken","8":"pa_merk-viyella","10":"first","11":"instock","12":"taxable","13":"shipping-taxable","14":"purchasable","15":"product-type-simple"},"df_price":19.95,"df_sale_price":"","df_regular_price":19.95,"df_image_link":"https:\/\/harristweed-shop.be\/wp-content\/uploads\/2024\/12\/396a541ccea8052da4e0086bb079bec1_Viyella_Argyle_Socks_Beige-225x300.jpeg","_links":{"self":[{"href":"https:\/\/harristweed-shop.be\/fr\/wp-json\/wp\/v2\/product\/534260","targetHints":{"allow":["GET"]}}],"collection":[{"href":"https:\/\/harristweed-shop.be\/fr\/wp-json\/wp\/v2\/product"}],"about":[{"href":"https:\/\/harristweed-shop.be\/fr\/wp-json\/wp\/v2\/types\/product"}],"wp:featuredmedia":[{"embeddable":true,"href":"https:\/\/harristweed-shop.be\/fr\/wp-json\/wp\/v2\/media\/534261"}],"wp:attachment":[{"href":"https:\/\/harristweed-shop.be\/fr\/wp-json\/wp\/v2\/media?parent=534260"}],"wp:term":[{"taxonomy":"product_brand","embeddable":true,"href":"https:\/\/harristweed-shop.be\/fr\/wp-json\/wp\/v2\/product_brand?post=534260"},{"taxonomy":"product_cat","embeddable":true,"href":"https:\/\/harristweed-shop.be\/fr\/wp-json\/wp\/v2\/product_cat?post=534260"},{"taxonomy":"product_tag","embeddable":true,"href":"https:\/\/harristweed-shop.be\/fr\/wp-json\/wp\/v2\/product_tag?post=534260"}],"curies":[{"name":"wp","href":"https:\/\/api.w.org\/{rel}","templated":true}]}}