{"id":534250,"date":"2024-12-07T08:52:20","date_gmt":"2024-12-07T08:52:20","guid":{"rendered":"https:\/\/harristweed-shop.be\/product\/viyella-argyle-socks-long-one-size-navy\/"},"modified":"2026-04-08T06:26:17","modified_gmt":"2026-04-08T06:26:17","slug":"viyella-argyle-socks-long-one-size-navy","status":"publish","type":"product","link":"https:\/\/harristweed-shop.be\/fr\/produit\/chaussettes-longues-viyella-argyle-taille-unique-bleu-marine\/","title":{"rendered":"Chaussettes longues Viyella Argyle, taille unique, bleu marine"},"content":{"rendered":"<p>Les chaussettes Viyella Classic Argyle sont fabriqu\u00e9es selon les normes les plus \u00e9lev\u00e9es<br \/>\nDerbyshire, Angleterre.<\/p>\n<p>Fabriqu\u00e9e \u00e0 partir de laine m\u00e9rinos 80% et de nylon 20%, cette chaussette de poids moyen est parfaite<br \/>\npour un usage quotidien.<\/p>\n<p>La longueur de la jambe mesure du talon au haut 15 pouces, soit 25<br \/>\nCentim\u00e8tres. Mi-mollet.<\/p>\n<p>Taille<br \/>\nRoyaume-Uni : 6-11<br \/>\nEURO: 39-46<br \/>\n\u00c9tats-Unis : 7-12<\/p>\n<p>Composition<br \/>\nLaine m\u00e9rinos 80% et nylon 20%<\/p>\n<p>Lavable en machine<br \/>\nLaver les couleurs fonc\u00e9es s\u00e9par\u00e9ment<\/p>","protected":false},"excerpt":{"rendered":"<p>Les chaussettes Viyella Classic Argyle sont fabriqu\u00e9es selon les normes les plus \u00e9lev\u00e9es<br \/>\nDerbyshire, Angleterre.<\/p>\n<p>Fabriqu\u00e9e \u00e0 partir de laine m\u00e9rinos 80% et de nylon 20%, cette chaussette de poids moyen est parfaite<br \/>\npour un usage quotidien.<\/p>\n<p>La longueur de la jambe mesure du talon au haut 15 pouces, soit 25<br \/>\nCentim\u00e8tres. Mi-mollet.<\/p>\n<p>Taille<br \/>\nRoyaume-Uni : 6-11<br \/>\nEURO: 39-46<br \/>\n\u00c9tats-Unis : 7-12<\/p>\n<p>Composition<br \/>\nLaine m\u00e9rinos 80% et nylon 20%<\/p>\n<p>Lavable en machine<br \/>\nLaver les couleurs fonc\u00e9es s\u00e9par\u00e9ment<\/p>","protected":false},"featured_media":534251,"template":"","meta":[],"product_brand":[],"product_cat":[925,134],"product_tag":[],"class_list":{"0":"post-534250","1":"product","2":"type-product","3":"status-publish","4":"has-post-thumbnail","6":"product_cat-socken","7":"product_cat-sokken","8":"pa_merk-viyella","10":"first","11":"instock","12":"taxable","13":"shipping-taxable","14":"purchasable","15":"product-type-simple"},"df_price":23.95,"df_sale_price":"","df_regular_price":23.95,"df_image_link":"https:\/\/harristweed-shop.be\/wp-content\/uploads\/2024\/12\/0d04c426fe18b3a54fcb71ddd326a8eb_Viyella_Argyle_Socks_Long_One_Size_Navy-225x300.jpeg","_links":{"self":[{"href":"https:\/\/harristweed-shop.be\/fr\/wp-json\/wp\/v2\/product\/534250","targetHints":{"allow":["GET"]}}],"collection":[{"href":"https:\/\/harristweed-shop.be\/fr\/wp-json\/wp\/v2\/product"}],"about":[{"href":"https:\/\/harristweed-shop.be\/fr\/wp-json\/wp\/v2\/types\/product"}],"wp:featuredmedia":[{"embeddable":true,"href":"https:\/\/harristweed-shop.be\/fr\/wp-json\/wp\/v2\/media\/534251"}],"wp:attachment":[{"href":"https:\/\/harristweed-shop.be\/fr\/wp-json\/wp\/v2\/media?parent=534250"}],"wp:term":[{"taxonomy":"product_brand","embeddable":true,"href":"https:\/\/harristweed-shop.be\/fr\/wp-json\/wp\/v2\/product_brand?post=534250"},{"taxonomy":"product_cat","embeddable":true,"href":"https:\/\/harristweed-shop.be\/fr\/wp-json\/wp\/v2\/product_cat?post=534250"},{"taxonomy":"product_tag","embeddable":true,"href":"https:\/\/harristweed-shop.be\/fr\/wp-json\/wp\/v2\/product_tag?post=534250"}],"curies":[{"name":"wp","href":"https:\/\/api.w.org\/{rel}","templated":true}]}}