{"id":534235,"date":"2024-12-07T08:42:30","date_gmt":"2024-12-07T08:42:30","guid":{"rendered":"https:\/\/harristweed-shop.be\/product\/viyella-shirt-diamond-tattersall-ocean\/"},"modified":"2026-04-08T06:26:25","modified_gmt":"2026-04-08T06:26:25","slug":"viyella-shirt-diamond-tattersall-ocean","status":"publish","type":"product","link":"https:\/\/harristweed-shop.be\/fr\/produit\/chemise-viyella-diamant-tattersall-ocean\/","title":{"rendered":"Chemise Viyella, Diamond Tattersall Ocean"},"content":{"rendered":"<p>Luxueuse, raffin\u00e9e et pourtant pratique, votre chemise Viyella est chaude mais respire<br \/>\nfacilement.<br \/>\nLa couleur vive et la douceur du tissu sont le r\u00e9sultat d&#039;un processus perfectionn\u00e9<br \/>\nplus de cent ans d&#039;\u00e9volution. Le processus tourne ensemble<br \/>\nun \u00ab m\u00e9lange intime \u00bb de coton \u00e0 fibres longues 80% et<br \/>\nFibres de laine m\u00e9rinos 20%. Le m\u00e9lange parfait de ces deux fibres cr\u00e9e un fil<br \/>\nqui apporte au tissu Viyella sa combinaison embl\u00e9matique de durabilit\u00e9,<br \/>\nprofondeur de couleur et douceur uniques qui am\u00e9liorent<br \/>\navec l&#039;\u00e2ge, il est probable qu&#039;il devienne votre chemise pr\u00e9f\u00e9r\u00e9e.<br \/>\nViyella a \u00e9t\u00e9 le premier tissu de marque au monde et le<br \/>\npremi\u00e8re marque d\u00e9pos\u00e9e enregistr\u00e9e en 1894 et qui est aujourd&#039;hui aussi d\u00e9sirable que<br \/>\nc&#039;\u00e9tait alors.<\/p>\n<p>Les chemises Viyella Classic Fit offrent une coupe plus g\u00e9n\u00e9reuse, elles sont plus droites<br \/>\nsur le c\u00f4t\u00e9, avec un pli lat\u00e9ral \u00e0 la base de l&#039;empi\u00e8cement arri\u00e8re pour faciliter<br \/>\nMouvement au niveau des \u00e9paules. Largeurs de manches et ourlet de corps classiques.<br \/>\nlongueur avec une patte de boutonnage devant et une poche poitrine.<\/p>","protected":false},"excerpt":{"rendered":"<p>Chemise Viyella, Diamond Tattersall Ocean.<\/p>\n<p>Luxueuse, raffin\u00e9e et pourtant pratique, votre chemise Viyella est chaude mais respire<br \/>\nfacilement.<\/p>","protected":false},"featured_media":534242,"template":"","meta":[],"product_brand":[],"product_cat":[304,86,1025],"product_tag":[],"class_list":{"0":"post-534235","1":"product","2":"type-product","3":"status-publish","4":"has-post-thumbnail","6":"product_cat-flanel-shirts","7":"product_cat-shirts-en-overhemden","8":"product_cat-viyella","9":"pa_merk-viyella","11":"first","12":"outofstock","13":"taxable","14":"shipping-taxable","15":"product-type-variable"},"df_price":"","df_sale_price":"","df_regular_price":"","df_image_link":"https:\/\/harristweed-shop.be\/wp-content\/uploads\/2024\/12\/fba77d3c73db2c7554f2e730d3c41146_Viyella_Shirt__Diamond_Tattersall_Ocean-225x300.jpeg","_links":{"self":[{"href":"https:\/\/harristweed-shop.be\/fr\/wp-json\/wp\/v2\/product\/534235","targetHints":{"allow":["GET"]}}],"collection":[{"href":"https:\/\/harristweed-shop.be\/fr\/wp-json\/wp\/v2\/product"}],"about":[{"href":"https:\/\/harristweed-shop.be\/fr\/wp-json\/wp\/v2\/types\/product"}],"wp:featuredmedia":[{"embeddable":true,"href":"https:\/\/harristweed-shop.be\/fr\/wp-json\/wp\/v2\/media\/534242"}],"wp:attachment":[{"href":"https:\/\/harristweed-shop.be\/fr\/wp-json\/wp\/v2\/media?parent=534235"}],"wp:term":[{"taxonomy":"product_brand","embeddable":true,"href":"https:\/\/harristweed-shop.be\/fr\/wp-json\/wp\/v2\/product_brand?post=534235"},{"taxonomy":"product_cat","embeddable":true,"href":"https:\/\/harristweed-shop.be\/fr\/wp-json\/wp\/v2\/product_cat?post=534235"},{"taxonomy":"product_tag","embeddable":true,"href":"https:\/\/harristweed-shop.be\/fr\/wp-json\/wp\/v2\/product_tag?post=534235"}],"curies":[{"name":"wp","href":"https:\/\/api.w.org\/{rel}","templated":true}]}}