{"id":533990,"date":"2024-11-29T12:47:31","date_gmt":"2024-11-29T12:47:31","guid":{"rendered":"https:\/\/harristweed-shop.be\/product\/ribbroek-noterman-beige-donker\/"},"modified":"2026-05-05T04:38:44","modified_gmt":"2026-05-05T04:38:44","slug":"ribbroek-noterman-beige-donker","status":"publish","type":"product","link":"https:\/\/harristweed-shop.be\/fr\/produit\/pantalon-cotele-beige-fonce-noterman\/","title":{"rendered":"Pantalon c\u00f4tel\u00e9 beige fonc\u00e9 Noterman"},"content":{"rendered":"","protected":false},"excerpt":{"rendered":"","protected":false},"featured_media":534001,"template":"","meta":[],"product_brand":[],"product_cat":[513,607,608,603,602,601],"product_tag":[],"class_list":{"0":"post-533990","1":"product","2":"type-product","3":"status-publish","4":"has-post-thumbnail","6":"product_cat-broeken","7":"product_cat-chinos-broeken","8":"product_cat-chinos-hosen","9":"product_cat-cord-hosen","10":"product_cat-hosen","11":"product_cat-ribbroeken","12":"pa_merk-atelier-noterman","14":"first","15":"instock","16":"taxable","17":"shipping-taxable","18":"purchasable","19":"product-type-variable"},"df_price":189.95,"df_sale_price":"","df_regular_price":189.95,"df_image_link":"https:\/\/harristweed-shop.be\/wp-content\/uploads\/2024\/11\/77afa3efe03233260ab6f7c7a99dfa5d_Ribbroek_Noterman_Beige_Donker-225x300.jpeg","_links":{"self":[{"href":"https:\/\/harristweed-shop.be\/fr\/wp-json\/wp\/v2\/product\/533990","targetHints":{"allow":["GET"]}}],"collection":[{"href":"https:\/\/harristweed-shop.be\/fr\/wp-json\/wp\/v2\/product"}],"about":[{"href":"https:\/\/harristweed-shop.be\/fr\/wp-json\/wp\/v2\/types\/product"}],"wp:featuredmedia":[{"embeddable":true,"href":"https:\/\/harristweed-shop.be\/fr\/wp-json\/wp\/v2\/media\/534001"}],"wp:attachment":[{"href":"https:\/\/harristweed-shop.be\/fr\/wp-json\/wp\/v2\/media?parent=533990"}],"wp:term":[{"taxonomy":"product_brand","embeddable":true,"href":"https:\/\/harristweed-shop.be\/fr\/wp-json\/wp\/v2\/product_brand?post=533990"},{"taxonomy":"product_cat","embeddable":true,"href":"https:\/\/harristweed-shop.be\/fr\/wp-json\/wp\/v2\/product_cat?post=533990"},{"taxonomy":"product_tag","embeddable":true,"href":"https:\/\/harristweed-shop.be\/fr\/wp-json\/wp\/v2\/product_tag?post=533990"}],"curies":[{"name":"wp","href":"https:\/\/api.w.org\/{rel}","templated":true}]}}