{"id":533979,"date":"2024-11-29T11:17:52","date_gmt":"2024-11-29T11:17:52","guid":{"rendered":"https:\/\/harristweed-shop.be\/product\/scotland-rugby-cap-navy-vintage-style\/"},"modified":"2026-04-08T06:55:16","modified_gmt":"2026-04-08T06:55:16","slug":"scotland-rugby-cap-navy-vintage-style","status":"publish","type":"product","link":"https:\/\/harristweed-shop.be\/fr\/produit\/casquette-de-rugby-ecossaise-bleu-marine-style-vintage\/","title":{"rendered":"Casquette de rugby \u00e9cossaise bleu marine style vintage"},"content":{"rendered":"<p>La casquette de rugby \u00e9cossaise bleu marine style vintage 1990 s&#039;inspire de l&#039;un des moments les plus marquants du rugby \u00e9cossais. Le match embl\u00e9matique de 1990 entre l&#039;\u00c9cosse et l&#039;Angleterre \u00e0 BT Murrayfield n&#039;\u00e9tait pas qu&#039;un simple match\u00a0; c&#039;\u00e9tait une lutte acharn\u00e9e pour la fiert\u00e9, l&#039;h\u00e9ritage et le titre du Grand Chelem. Cette casquette rend hommage \u00e0 la passion, \u00e0 la force et \u00e0 l&#039;esprit inflexible de l&#039;\u00e9quipe de rugby \u00e9cossaise men\u00e9e par le capitaine David Sole. Ce jour inoubliable du 17\u00a0mars\u00a01990, l&#039;\u00e9quipe d&#039;\u00c9cosse est entr\u00e9e sur le terrain d&#039;\u00c9dimbourg et a affront\u00e9 une \u00e9quipe anglaise apparemment invincible, cr\u00e9ant ainsi un match m\u00e9morable pour des g\u00e9n\u00e9rations.<\/p>","protected":false},"excerpt":{"rendered":"<p>La casquette de rugby \u00e9cossaise bleu marine style vintage 1990 s&#039;inspire de l&#039;un des moments les plus marquants du rugby \u00e9cossais. Le match embl\u00e9matique de 1990 entre l&#039;\u00c9cosse et l&#039;Angleterre \u00e0 BT Murrayfield n&#039;\u00e9tait pas qu&#039;un simple match\u00a0; c&#039;\u00e9tait une lutte acharn\u00e9e pour la fiert\u00e9, l&#039;h\u00e9ritage et le titre du Grand Chelem. Cette casquette rend hommage \u00e0 la passion, \u00e0 la force et \u00e0 l&#039;esprit inflexible de l&#039;\u00e9quipe de rugby \u00e9cossaise men\u00e9e par le capitaine David Sole. Ce jour inoubliable du 17\u00a0mars\u00a01990, l&#039;\u00e9quipe d&#039;\u00c9cosse est entr\u00e9e sur le terrain d&#039;\u00c9dimbourg et a affront\u00e9 une \u00e9quipe anglaise apparemment invincible, cr\u00e9ant ainsi un match m\u00e9morable pour des g\u00e9n\u00e9rations.<\/p>","protected":false},"featured_media":533980,"template":"","meta":[],"product_brand":[],"product_cat":[83,423,569,555],"product_tag":[],"class_list":{"0":"post-533979","1":"product","2":"type-product","3":"status-publish","4":"has-post-thumbnail","6":"product_cat-petten-en-caps","7":"product_cat-rugby-caps","8":"product_cat-six-nations-vintage-rugby-shirts","9":"product_cat-vintage-rugby-shirts","10":"pa_merk-ellis-rugby","12":"first","13":"outofstock","14":"taxable","15":"shipping-taxable","16":"purchasable","17":"product-type-simple"},"df_price":29.95,"df_sale_price":"","df_regular_price":29.95,"df_image_link":"https:\/\/harristweed-shop.be\/wp-content\/uploads\/2024\/11\/e46e535c8888ec60d7a30198eebbc2ea_Scotland_Rugby_Cap_Navy_Vintage_Style-300x300.jpeg","_links":{"self":[{"href":"https:\/\/harristweed-shop.be\/fr\/wp-json\/wp\/v2\/product\/533979","targetHints":{"allow":["GET"]}}],"collection":[{"href":"https:\/\/harristweed-shop.be\/fr\/wp-json\/wp\/v2\/product"}],"about":[{"href":"https:\/\/harristweed-shop.be\/fr\/wp-json\/wp\/v2\/types\/product"}],"wp:featuredmedia":[{"embeddable":true,"href":"https:\/\/harristweed-shop.be\/fr\/wp-json\/wp\/v2\/media\/533980"}],"wp:attachment":[{"href":"https:\/\/harristweed-shop.be\/fr\/wp-json\/wp\/v2\/media?parent=533979"}],"wp:term":[{"taxonomy":"product_brand","embeddable":true,"href":"https:\/\/harristweed-shop.be\/fr\/wp-json\/wp\/v2\/product_brand?post=533979"},{"taxonomy":"product_cat","embeddable":true,"href":"https:\/\/harristweed-shop.be\/fr\/wp-json\/wp\/v2\/product_cat?post=533979"},{"taxonomy":"product_tag","embeddable":true,"href":"https:\/\/harristweed-shop.be\/fr\/wp-json\/wp\/v2\/product_tag?post=533979"}],"curies":[{"name":"wp","href":"https:\/\/api.w.org\/{rel}","templated":true}]}}