{"id":533975,"date":"2024-11-29T11:17:50","date_gmt":"2024-11-29T11:17:50","guid":{"rendered":"https:\/\/harristweed-shop.be\/product\/england-rugby-cap-navy-six-nations-1991\/"},"modified":"2026-04-08T06:55:17","modified_gmt":"2026-04-08T06:55:17","slug":"england-rugby-cap-navy-six-nations-1991","status":"publish","type":"product","link":"https:\/\/harristweed-shop.be\/fr\/produit\/casquette-de-rugby-anglaise-bleu-marine-des-six-nations-1991\/","title":{"rendered":"Casquette de rugby Angleterre bleu marine Six Nations 1991"},"content":{"rendered":"<p>La casquette Angleterre Rugby Bleu Marine Tournoi des Six Nations 1991 rend hommage \u00e0 l&#039;une des plus grandes \u00e9quipes de rugby anglaises. Confectionn\u00e9e en coton biologique 100%, elle rend hommage aux exploits des \u00e9quipes d&#039;Angleterre de 1991 et 1992. Ces \u00e9quipes ont fait preuve de d\u00e9termination, de r\u00e9silience et de talent, ce qui leur a permis de remporter deux Grands Chelems cons\u00e9cutifs. En coton doux au toucher, elle arbore l&#039;\u00e9cusson embl\u00e9matique, brod\u00e9 avec soin, tandis que ses empi\u00e8cements sont soigneusement doubl\u00e9s pour une durabilit\u00e9 accrue. Ainsi, cette casquette refl\u00e8te \u00e0 la fois la durabilit\u00e9 de ses mat\u00e9riaux et l&#039;h\u00e9ritage durable de l&#039;\u00e9quipe.<\/p>","protected":false},"excerpt":{"rendered":"<p>La casquette Angleterre Rugby Bleu Marine Tournoi des Six Nations 1991 rend hommage \u00e0 l&#039;une des plus grandes \u00e9quipes de rugby anglaises. Confectionn\u00e9e en coton biologique 100%, elle rend hommage aux exploits des \u00e9quipes d&#039;Angleterre de 1991 et 1992. Ces \u00e9quipes ont fait preuve de d\u00e9termination, de r\u00e9silience et de talent, ce qui leur a permis de remporter deux Grands Chelems cons\u00e9cutifs. En coton doux au toucher, elle arbore l&#039;\u00e9cusson embl\u00e9matique, brod\u00e9 avec soin, tandis que ses empi\u00e8cements sont soigneusement doubl\u00e9s pour une durabilit\u00e9 accrue. Ainsi, cette casquette refl\u00e8te \u00e0 la fois la durabilit\u00e9 de ses mat\u00e9riaux et l&#039;h\u00e9ritage durable de l&#039;\u00e9quipe.<\/p>","protected":false},"featured_media":533976,"template":"","meta":[],"product_brand":[],"product_cat":[957,83,423,955,569,555],"product_tag":[],"class_list":{"0":"post-533975","1":"product","2":"type-product","3":"status-publish","4":"has-post-thumbnail","6":"product_cat-england-shop-by-country-club","7":"product_cat-petten-en-caps","8":"product_cat-rugby-caps","9":"product_cat-shop-by-country-club","10":"product_cat-six-nations-vintage-rugby-shirts","11":"product_cat-vintage-rugby-shirts","12":"pa_merk-ellis-rugby","14":"first","15":"outofstock","16":"taxable","17":"shipping-taxable","18":"purchasable","19":"product-type-simple"},"df_price":29.95,"df_sale_price":"","df_regular_price":29.95,"df_image_link":"https:\/\/harristweed-shop.be\/wp-content\/uploads\/2024\/11\/362be2d57e04cabd8b9a1aad16d282ae_England_Rugby_Cap_Navy_Six_Nations_1991-300x300.jpeg","_links":{"self":[{"href":"https:\/\/harristweed-shop.be\/fr\/wp-json\/wp\/v2\/product\/533975","targetHints":{"allow":["GET"]}}],"collection":[{"href":"https:\/\/harristweed-shop.be\/fr\/wp-json\/wp\/v2\/product"}],"about":[{"href":"https:\/\/harristweed-shop.be\/fr\/wp-json\/wp\/v2\/types\/product"}],"wp:featuredmedia":[{"embeddable":true,"href":"https:\/\/harristweed-shop.be\/fr\/wp-json\/wp\/v2\/media\/533976"}],"wp:attachment":[{"href":"https:\/\/harristweed-shop.be\/fr\/wp-json\/wp\/v2\/media?parent=533975"}],"wp:term":[{"taxonomy":"product_brand","embeddable":true,"href":"https:\/\/harristweed-shop.be\/fr\/wp-json\/wp\/v2\/product_brand?post=533975"},{"taxonomy":"product_cat","embeddable":true,"href":"https:\/\/harristweed-shop.be\/fr\/wp-json\/wp\/v2\/product_cat?post=533975"},{"taxonomy":"product_tag","embeddable":true,"href":"https:\/\/harristweed-shop.be\/fr\/wp-json\/wp\/v2\/product_tag?post=533975"}],"curies":[{"name":"wp","href":"https:\/\/api.w.org\/{rel}","templated":true}]}}