{"id":533971,"date":"2024-11-29T11:17:46","date_gmt":"2024-11-29T11:17:46","guid":{"rendered":"https:\/\/harristweed-shop.be\/product\/france-rugby-cap-1968-grand-slam\/"},"modified":"2026-05-05T04:38:41","modified_gmt":"2026-05-05T04:38:41","slug":"france-rugby-cap-1968-grand-slam","status":"publish","type":"product","link":"https:\/\/harristweed-shop.be\/fr\/produit\/casquette-de-rugby-de-france-1968-grand-chelem\/","title":{"rendered":"Casquette France Rugby 1968 Grand Chelem"},"content":{"rendered":"<p>La casquette France Rugby 1968 s&#039;inspire de l&#039;un des exploits les plus marquants de l&#039;histoire du rugby. En 1968, l&#039;\u00e9quipe de France a remport\u00e9 son tout premier Grand Chelem, un exploit impressionnant qui demeure un symbole de fiert\u00e9 et d&#039;excellence. Cette casquette c\u00e9l\u00e8bre cet \u00e9v\u00e9nement historique et rend hommage \u00e0 la t\u00e9nacit\u00e9 et au talent de l&#039;\u00e9quipe de France, dirig\u00e9e par Christian Carr\u00e8re. Elle rappelle \u00e9galement la force et l&#039;unit\u00e9 qui ont caract\u00e9ris\u00e9 l&#039;\u00e9quipe de France Rugby 1968.<\/p>","protected":false},"excerpt":{"rendered":"<p>La casquette France Rugby 1968 s&#039;inspire de l&#039;un des exploits les plus marquants de l&#039;histoire du rugby. En 1968, l&#039;\u00e9quipe de France a remport\u00e9 son tout premier Grand Chelem, un exploit impressionnant qui demeure un symbole de fiert\u00e9 et d&#039;excellence. Cette casquette c\u00e9l\u00e8bre cet \u00e9v\u00e9nement historique et rend hommage \u00e0 la t\u00e9nacit\u00e9 et au talent de l&#039;\u00e9quipe de France, dirig\u00e9e par Christian Carr\u00e8re. Elle rappelle \u00e9galement la force et l&#039;unit\u00e9 qui ont caract\u00e9ris\u00e9 l&#039;\u00e9quipe de France Rugby 1968.<\/p>","protected":false},"featured_media":533972,"template":"","meta":[],"product_brand":[],"product_cat":[965,542,83,1030,423,955],"product_tag":[],"class_list":{"0":"post-533971","1":"product","2":"type-product","3":"status-publish","4":"has-post-thumbnail","6":"product_cat-france-shop-by-country-club","7":"product_cat-hute-und-caps","8":"product_cat-petten-en-caps","9":"product_cat-rugby-caps-hute-und-caps","10":"product_cat-rugby-caps","11":"product_cat-shop-by-country-club","12":"pa_merk-ellis-rugby","14":"first","15":"instock","16":"taxable","17":"shipping-taxable","18":"purchasable","19":"product-type-simple"},"df_price":29.95,"df_sale_price":"","df_regular_price":29.95,"df_image_link":"https:\/\/harristweed-shop.be\/wp-content\/uploads\/2024\/11\/3ea29c1e140f4c30de471b11e2afc291_France_Rugby_Cap_1968_Grand_Slam-300x300.jpeg","_links":{"self":[{"href":"https:\/\/harristweed-shop.be\/fr\/wp-json\/wp\/v2\/product\/533971","targetHints":{"allow":["GET"]}}],"collection":[{"href":"https:\/\/harristweed-shop.be\/fr\/wp-json\/wp\/v2\/product"}],"about":[{"href":"https:\/\/harristweed-shop.be\/fr\/wp-json\/wp\/v2\/types\/product"}],"wp:featuredmedia":[{"embeddable":true,"href":"https:\/\/harristweed-shop.be\/fr\/wp-json\/wp\/v2\/media\/533972"}],"wp:attachment":[{"href":"https:\/\/harristweed-shop.be\/fr\/wp-json\/wp\/v2\/media?parent=533971"}],"wp:term":[{"taxonomy":"product_brand","embeddable":true,"href":"https:\/\/harristweed-shop.be\/fr\/wp-json\/wp\/v2\/product_brand?post=533971"},{"taxonomy":"product_cat","embeddable":true,"href":"https:\/\/harristweed-shop.be\/fr\/wp-json\/wp\/v2\/product_cat?post=533971"},{"taxonomy":"product_tag","embeddable":true,"href":"https:\/\/harristweed-shop.be\/fr\/wp-json\/wp\/v2\/product_tag?post=533971"}],"curies":[{"name":"wp","href":"https:\/\/api.w.org\/{rel}","templated":true}]}}