{"id":533959,"date":"2024-11-29T11:17:38","date_gmt":"2024-11-29T11:17:38","guid":{"rendered":"https:\/\/harristweed-shop.be\/product\/british-rugby-cap-red-lions-tour\/"},"modified":"2026-04-08T06:55:18","modified_gmt":"2026-04-08T06:55:18","slug":"british-rugby-cap-red-lions-tour","status":"publish","type":"product","link":"https:\/\/harristweed-shop.be\/fr\/produit\/casquette-de-rugby-britannique-tournee-des-lions-rouges\/","title":{"rendered":"Tourn\u00e9e des Red Lions de la British Rugby Cap"},"content":{"rendered":"<p>La casquette British Rugby Cap Red 1971 rend hommage \u00e0 l&#039;une des tourn\u00e9es de rugby les plus c\u00e9l\u00e8bres de l&#039;histoire : la tourn\u00e9e des \u00eeles Britanniques en Nouvelle-Z\u00e9lande en 1971. Cette tourn\u00e9e embl\u00e9matique a conquis le c\u0153ur des fans de rugby du monde entier. Les Lions ont r\u00e9alis\u00e9 ce qu&#039;aucune autre \u00e9quipe n&#039;avait accompli auparavant : ils ont vaincu les puissants All Blacks sur leur propre terrain. De plus, l&#039;ing\u00e9niosit\u00e9 tactique et le talent remarquable des Lions ont fait de cette tourn\u00e9e un exploit l\u00e9gendaire. La casquette British Rugby Cap Red 1971 symbolise donc cette victoire et rend hommage aux joueurs devenus des ic\u00f4nes du rugby britannique.<\/p>","protected":false},"excerpt":{"rendered":"<p>La casquette British Rugby Cap Red 1971 rend hommage \u00e0 l&#039;une des tourn\u00e9es de rugby les plus c\u00e9l\u00e8bres de l&#039;histoire : la tourn\u00e9e des \u00eeles Britanniques en Nouvelle-Z\u00e9lande en 1971. Cette tourn\u00e9e embl\u00e9matique a conquis le c\u0153ur des fans de rugby du monde entier. Les Lions ont r\u00e9alis\u00e9 ce qu&#039;aucune autre \u00e9quipe n&#039;avait accompli auparavant : ils ont vaincu les puissants All Blacks sur leur propre terrain. De plus, l&#039;ing\u00e9niosit\u00e9 tactique et le talent remarquable des Lions ont fait de cette tourn\u00e9e un exploit l\u00e9gendaire. La casquette British Rugby Cap Red 1971 symbolise donc cette victoire et rend hommage aux joueurs devenus des ic\u00f4nes du rugby britannique.<\/p>","protected":false},"featured_media":533960,"template":"","meta":[],"product_brand":[],"product_cat":[968,542,83,1030,423,955],"product_tag":[],"class_list":{"0":"post-533959","1":"product","2":"type-product","3":"status-publish","4":"has-post-thumbnail","6":"product_cat-british-irish-lions-shop-by-country-club","7":"product_cat-hute-und-caps","8":"product_cat-petten-en-caps","9":"product_cat-rugby-caps-hute-und-caps","10":"product_cat-rugby-caps","11":"product_cat-shop-by-country-club","12":"pa_merk-ellis-rugby","14":"first","15":"instock","16":"taxable","17":"shipping-taxable","18":"purchasable","19":"product-type-simple"},"df_price":29.95,"df_sale_price":"","df_regular_price":29.95,"df_image_link":"https:\/\/harristweed-shop.be\/wp-content\/uploads\/2024\/11\/c13487adc9cfff864f54368088a7b487_British_Rugby_Cap_Red_Lions_Tour-300x300.jpeg","_links":{"self":[{"href":"https:\/\/harristweed-shop.be\/fr\/wp-json\/wp\/v2\/product\/533959","targetHints":{"allow":["GET"]}}],"collection":[{"href":"https:\/\/harristweed-shop.be\/fr\/wp-json\/wp\/v2\/product"}],"about":[{"href":"https:\/\/harristweed-shop.be\/fr\/wp-json\/wp\/v2\/types\/product"}],"wp:featuredmedia":[{"embeddable":true,"href":"https:\/\/harristweed-shop.be\/fr\/wp-json\/wp\/v2\/media\/533960"}],"wp:attachment":[{"href":"https:\/\/harristweed-shop.be\/fr\/wp-json\/wp\/v2\/media?parent=533959"}],"wp:term":[{"taxonomy":"product_brand","embeddable":true,"href":"https:\/\/harristweed-shop.be\/fr\/wp-json\/wp\/v2\/product_brand?post=533959"},{"taxonomy":"product_cat","embeddable":true,"href":"https:\/\/harristweed-shop.be\/fr\/wp-json\/wp\/v2\/product_cat?post=533959"},{"taxonomy":"product_tag","embeddable":true,"href":"https:\/\/harristweed-shop.be\/fr\/wp-json\/wp\/v2\/product_tag?post=533959"}],"curies":[{"name":"wp","href":"https:\/\/api.w.org\/{rel}","templated":true}]}}