{"id":533955,"date":"2024-11-29T11:17:34","date_gmt":"2024-11-29T11:17:34","guid":{"rendered":"https:\/\/harristweed-shop.be\/product\/australia-rugby-cap-1987\/"},"modified":"2026-05-05T04:38:42","modified_gmt":"2026-05-05T04:38:42","slug":"australia-rugby-cap-1987","status":"publish","type":"product","link":"https:\/\/harristweed-shop.be\/fr\/produit\/casquette-de-rugby-australienne-1987\/","title":{"rendered":"Casquette de rugby australienne 1987"},"content":{"rendered":"<p>En 1987, l&#039;\u00e9quipe australienne de rugby est entr\u00e9e dans l&#039;histoire en remportant la premi\u00e8re Coupe du monde de rugby. Cet \u00e9v\u00e9nement a marqu\u00e9 un tournant pour le rugby australien, consolidant ainsi sa place parmi les puissances mondiales du rugby. L&#039;embl\u00e9matique casquette Australia Rugby 1987 rend hommage \u00e0 cet exploit monumental. Confectionn\u00e9e en coton biologique 100%, elle symbolise la fiert\u00e9, la durabilit\u00e9 et l&#039;excellence du rugby australien.<\/p>","protected":false},"excerpt":{"rendered":"<p>En 1987, l&#039;\u00e9quipe australienne de rugby est entr\u00e9e dans l&#039;histoire en remportant la premi\u00e8re Coupe du monde de rugby. Cet \u00e9v\u00e9nement a marqu\u00e9 un tournant pour le rugby australien, consolidant ainsi sa place parmi les puissances mondiales du rugby. L&#039;embl\u00e9matique casquette Australia Rugby 1987 rend hommage \u00e0 cet exploit monumental. Confectionn\u00e9e en coton biologique 100%, elle symbolise la fiert\u00e9, la durabilit\u00e9 et l&#039;excellence du rugby australien.<\/p>","protected":false},"featured_media":533956,"template":"","meta":[],"product_brand":[],"product_cat":[964,542,83,1030,423,955],"product_tag":[],"class_list":{"0":"post-533955","1":"product","2":"type-product","3":"status-publish","4":"has-post-thumbnail","6":"product_cat-australia-wallabies-shop-by-country-club","7":"product_cat-hute-und-caps","8":"product_cat-petten-en-caps","9":"product_cat-rugby-caps-hute-und-caps","10":"product_cat-rugby-caps","11":"product_cat-shop-by-country-club","12":"pa_merk-ellis-rugby","14":"first","15":"instock","16":"taxable","17":"shipping-taxable","18":"purchasable","19":"product-type-simple"},"df_price":29.95,"df_sale_price":"","df_regular_price":29.95,"df_image_link":"https:\/\/harristweed-shop.be\/wp-content\/uploads\/2024\/11\/cf16a9686144f240164957b61229d0b1_Australia_Rugby_Cap_1987-300x300.jpeg","_links":{"self":[{"href":"https:\/\/harristweed-shop.be\/fr\/wp-json\/wp\/v2\/product\/533955","targetHints":{"allow":["GET"]}}],"collection":[{"href":"https:\/\/harristweed-shop.be\/fr\/wp-json\/wp\/v2\/product"}],"about":[{"href":"https:\/\/harristweed-shop.be\/fr\/wp-json\/wp\/v2\/types\/product"}],"wp:featuredmedia":[{"embeddable":true,"href":"https:\/\/harristweed-shop.be\/fr\/wp-json\/wp\/v2\/media\/533956"}],"wp:attachment":[{"href":"https:\/\/harristweed-shop.be\/fr\/wp-json\/wp\/v2\/media?parent=533955"}],"wp:term":[{"taxonomy":"product_brand","embeddable":true,"href":"https:\/\/harristweed-shop.be\/fr\/wp-json\/wp\/v2\/product_brand?post=533955"},{"taxonomy":"product_cat","embeddable":true,"href":"https:\/\/harristweed-shop.be\/fr\/wp-json\/wp\/v2\/product_cat?post=533955"},{"taxonomy":"product_tag","embeddable":true,"href":"https:\/\/harristweed-shop.be\/fr\/wp-json\/wp\/v2\/product_tag?post=533955"}],"curies":[{"name":"wp","href":"https:\/\/api.w.org\/{rel}","templated":true}]}}