{"id":533951,"date":"2024-11-29T11:12:29","date_gmt":"2024-11-29T11:12:29","guid":{"rendered":"https:\/\/harristweed-shop.be\/product\/springboks-rugby-cap-1937\/"},"modified":"2026-04-08T06:55:18","modified_gmt":"2026-04-08T06:55:18","slug":"springboks-rugby-cap-1937","status":"publish","type":"product","link":"https:\/\/harristweed-shop.be\/fr\/produit\/casquette-de-rugby-des-springboks-1937\/","title":{"rendered":"Casquette de rugby des Springboks 1937"},"content":{"rendered":"<p>La casquette de rugby Springboks 1937 c\u00e9l\u00e8bre un chapitre historique du rugby sud-africain. Elle rend hommage aux exploits remarquables de l&#039;\u00e9quipe sud-africaine de rugby \u00e0 XV lors de sa tourn\u00e9e de 1937 en Australie et en Nouvelle-Z\u00e9lande. Elle refl\u00e8te \u00e9galement l&#039;esprit de l&#039;une des \u00e9quipes les plus embl\u00e9matiques de l&#039;histoire du rugby.<\/p>","protected":false},"excerpt":{"rendered":"<p>La casquette de rugby Springboks 1937 c\u00e9l\u00e8bre un chapitre historique du rugby sud-africain. Elle rend hommage aux exploits remarquables de l&#039;\u00e9quipe sud-africaine de rugby \u00e0 XV lors de sa tourn\u00e9e de 1937 en Australie et en Nouvelle-Z\u00e9lande. Elle refl\u00e8te \u00e9galement l&#039;esprit de l&#039;une des \u00e9quipes les plus embl\u00e9matiques de l&#039;histoire du rugby.<\/p>","protected":false},"featured_media":533952,"template":"","meta":[],"product_brand":[],"product_cat":[542,83,1030,423,955,960],"product_tag":[],"class_list":{"0":"post-533951","1":"product","2":"type-product","3":"status-publish","4":"has-post-thumbnail","6":"product_cat-hute-und-caps","7":"product_cat-petten-en-caps","8":"product_cat-rugby-caps-hute-und-caps","9":"product_cat-rugby-caps","10":"product_cat-shop-by-country-club","11":"product_cat-south-africa-springboks-shop-by-country-club","12":"pa_merk-ellis-rugby","14":"first","15":"outofstock","16":"taxable","17":"shipping-taxable","18":"purchasable","19":"product-type-simple"},"df_price":29.95,"df_sale_price":"","df_regular_price":29.95,"df_image_link":"https:\/\/harristweed-shop.be\/wp-content\/uploads\/2024\/11\/6bfdaed94da8a2fdb4b183ca35700aa7_Springboks_Rugby_Cap_1937-300x300.jpeg","_links":{"self":[{"href":"https:\/\/harristweed-shop.be\/fr\/wp-json\/wp\/v2\/product\/533951","targetHints":{"allow":["GET"]}}],"collection":[{"href":"https:\/\/harristweed-shop.be\/fr\/wp-json\/wp\/v2\/product"}],"about":[{"href":"https:\/\/harristweed-shop.be\/fr\/wp-json\/wp\/v2\/types\/product"}],"wp:featuredmedia":[{"embeddable":true,"href":"https:\/\/harristweed-shop.be\/fr\/wp-json\/wp\/v2\/media\/533952"}],"wp:attachment":[{"href":"https:\/\/harristweed-shop.be\/fr\/wp-json\/wp\/v2\/media?parent=533951"}],"wp:term":[{"taxonomy":"product_brand","embeddable":true,"href":"https:\/\/harristweed-shop.be\/fr\/wp-json\/wp\/v2\/product_brand?post=533951"},{"taxonomy":"product_cat","embeddable":true,"href":"https:\/\/harristweed-shop.be\/fr\/wp-json\/wp\/v2\/product_cat?post=533951"},{"taxonomy":"product_tag","embeddable":true,"href":"https:\/\/harristweed-shop.be\/fr\/wp-json\/wp\/v2\/product_tag?post=533951"}],"curies":[{"name":"wp","href":"https:\/\/api.w.org\/{rel}","templated":true}]}}