{"id":533923,"date":"2024-11-28T12:22:20","date_gmt":"2024-11-28T12:22:20","guid":{"rendered":"https:\/\/harristweed-shop.be\/product\/harris-tweed-bowmont-messenger-bag-in-rust-check\/"},"modified":"2026-05-05T04:39:27","modified_gmt":"2026-05-05T04:39:27","slug":"harris-tweed-bowmont-messenger-bag-in-rust-check","status":"publish","type":"product","link":"https:\/\/harristweed-shop.be\/fr\/produit\/sac-messager-bowmont-en-tweed-harris-a-carreaux-rouille\/","title":{"rendered":"Sac messager \u00ab\u00a0Bowmont\u00a0\u00bb en tweed Harris \u00e0 carreaux rouille"},"content":{"rendered":"<p>Grand sac messager \u00ab\u00a0Bowmont\u00a0\u00bb en tweed Harris. Compartiment ext\u00e9rieur zipp\u00e9 et deux compartiments principaux zipp\u00e9s. Bandouli\u00e8re r\u00e9glable en toile avec \u00e9paulette. Assez grand pour transporter un ordinateur portable et des dossiers. Ext\u00e9rieur\u00a0: tweed Harris. Int\u00e9rieur\u00a0: doublure en polyester 100%. Finitions\u00a0: bandouli\u00e8re en toile et \u00e9paulette en PU. Dimensions\u00a0: 28\u00a0cm (H) x 40\u00a0cm (L) x 16\u00a0cm (P).<\/p>","protected":false},"excerpt":{"rendered":"<p>Grand sac messager \u00ab\u00a0Bowmont\u00a0\u00bb en tweed Harris. Compartiment ext\u00e9rieur zipp\u00e9 et deux compartiments principaux zipp\u00e9s. Bandouli\u00e8re r\u00e9glable en toile avec \u00e9paulette. Assez grand pour transporter un ordinateur portable et des dossiers. Ext\u00e9rieur\u00a0: tweed Harris. Int\u00e9rieur\u00a0: doublure en polyester 100%. Finitions\u00a0: bandouli\u00e8re en toile et \u00e9paulette en PU. Dimensions\u00a0: 28\u00a0cm (H) x 40\u00a0cm (L) x 16\u00a0cm (P).<\/p>","protected":false},"featured_media":533927,"template":"","meta":[],"product_brand":[],"product_cat":[899,638,904,1168,1141,1167,1162,1138,906,900,901,808,898],"product_tag":[],"class_list":{"0":"post-533923","1":"product","2":"type-product","3":"status-publish","4":"has-post-thumbnail","6":"product_cat-geschenke","7":"product_cat-gifts","8":"product_cat-handtaschen","9":"product_cat-harris-tweed-laptoptaschen","10":"product_cat-harris-tweed-laptoptassen","11":"product_cat-harris-tweed-reisetaschen","12":"product_cat-harris-tweed-taschen","13":"product_cat-harris-tweed-tassen","14":"product_cat-laptoptas","15":"product_cat-reisetaschen","16":"product_cat-taschen","17":"product_cat-tassen","18":"product_cat-tassen-gifts","19":"pa_merk-harristweed","21":"first","22":"instock","23":"taxable","24":"shipping-taxable","25":"purchasable","26":"product-type-simple"},"df_price":139.95,"df_sale_price":"","df_regular_price":139.95,"df_image_link":"https:\/\/harristweed-shop.be\/wp-content\/uploads\/2024\/11\/0c4b25eef158a0b5cffd3f9359c9346c_Harris_Tweed__Bowmont__Messenger_Bag_in_Rust_Check-300x300.jpeg","_links":{"self":[{"href":"https:\/\/harristweed-shop.be\/fr\/wp-json\/wp\/v2\/product\/533923","targetHints":{"allow":["GET"]}}],"collection":[{"href":"https:\/\/harristweed-shop.be\/fr\/wp-json\/wp\/v2\/product"}],"about":[{"href":"https:\/\/harristweed-shop.be\/fr\/wp-json\/wp\/v2\/types\/product"}],"wp:featuredmedia":[{"embeddable":true,"href":"https:\/\/harristweed-shop.be\/fr\/wp-json\/wp\/v2\/media\/533927"}],"wp:attachment":[{"href":"https:\/\/harristweed-shop.be\/fr\/wp-json\/wp\/v2\/media?parent=533923"}],"wp:term":[{"taxonomy":"product_brand","embeddable":true,"href":"https:\/\/harristweed-shop.be\/fr\/wp-json\/wp\/v2\/product_brand?post=533923"},{"taxonomy":"product_cat","embeddable":true,"href":"https:\/\/harristweed-shop.be\/fr\/wp-json\/wp\/v2\/product_cat?post=533923"},{"taxonomy":"product_tag","embeddable":true,"href":"https:\/\/harristweed-shop.be\/fr\/wp-json\/wp\/v2\/product_tag?post=533923"}],"curies":[{"name":"wp","href":"https:\/\/api.w.org\/{rel}","templated":true}]}}