{"id":533856,"date":"2024-11-20T15:22:30","date_gmt":"2024-11-20T15:22:30","guid":{"rendered":"https:\/\/harristweed-shop.be\/product\/harris-tweed-pippa-waistcoat-pink-green-check\/"},"modified":"2026-04-21T11:30:01","modified_gmt":"2026-04-21T11:30:01","slug":"harris-tweed-pippa-waistcoat-pink-green-check","status":"publish","type":"product","link":"https:\/\/harristweed-shop.be\/fr\/produit\/gilet-pippa-en-tweed-harris-a-carreaux-roses-et-verts\/","title":{"rendered":"Gilet Pippa en tweed du Yorkshire \u2013 Carreaux roses et verts"},"content":{"rendered":"<p>Nos cardigans pour femmes se marient \u00e0 merveille avec d&#039;autres v\u00eatements. Version f\u00e9minine d&#039;un classique masculin, ils se portent aussi bien chics que d\u00e9contract\u00e9s\u00a0; leur polyvalence est leur atout principal. Optez pour le cardigan Pippa en tweed du Yorkshire pour une coupe plus ajust\u00e9e. Son tissu raffin\u00e9 est rehauss\u00e9 \u00e0 l&#039;int\u00e9rieur d&#039;une \u00e9l\u00e9gante doublure \u00e0 motif cachemire.<\/p>\n<p>Gilet en tweed du Yorkshire \u00e0 carreaux verts et roses<br \/>\u2013 Tweed des usines du Yorkshire<br \/>\u2013 Tiss\u00e9 en pure laine<br \/>\u2013 Revers pointu<br \/>\u2013 Pochettes pour cartes<br \/>\u2013 Doublure dor\u00e9e \u00e0 motifs cachemire<br \/>\u2013 Coupe moderne<\/p>","protected":false},"excerpt":{"rendered":"<p>Gilet Pippa en tweed du Yorkshire \u2013 \u00e0 carreaux roses et verts.<\/p>\n<p>\u2013 Tissu ext\u00e9rieur \u2013 Laine 100%<br \/>\n\u2013 Doublure \u2013 ac\u00e9tate 50%\/viscose 50%<br \/>\nNettoyage \u00e0 sec uniquement<\/p>","protected":false},"featured_media":533867,"template":"","meta":[],"product_brand":[],"product_cat":[594,593,592,353,15,478,88,511],"product_tag":[],"class_list":{"0":"post-533856","1":"product","2":"type-product","3":"status-publish","4":"has-post-thumbnail","6":"product_cat-damen-westen-und-gilets","7":"product_cat-dames-vestjes","8":"product_cat-harris-tweed-blazer-fur-damen","9":"product_cat-harris-tweed-dames-jasjes","10":"product_cat-harris-tweed-colberts","11":"product_cat-tweed-sakkos","12":"product_cat-vestjes-en-gilets","13":"product_cat-westen-und-gilets","14":"pa_merk-harristweed","16":"first","17":"instock","18":"taxable","19":"shipping-taxable","20":"purchasable","21":"product-type-variable"},"df_price":239.95,"df_sale_price":"","df_regular_price":239.95,"df_image_link":"https:\/\/harristweed-shop.be\/wp-content\/uploads\/2024\/11\/a15e56392360909a1322d129528b9bad_Harris_Tweed_Pippa_Waistcoat_Pink_Green_Check-225x300.jpeg","_links":{"self":[{"href":"https:\/\/harristweed-shop.be\/fr\/wp-json\/wp\/v2\/product\/533856","targetHints":{"allow":["GET"]}}],"collection":[{"href":"https:\/\/harristweed-shop.be\/fr\/wp-json\/wp\/v2\/product"}],"about":[{"href":"https:\/\/harristweed-shop.be\/fr\/wp-json\/wp\/v2\/types\/product"}],"wp:featuredmedia":[{"embeddable":true,"href":"https:\/\/harristweed-shop.be\/fr\/wp-json\/wp\/v2\/media\/533867"}],"wp:attachment":[{"href":"https:\/\/harristweed-shop.be\/fr\/wp-json\/wp\/v2\/media?parent=533856"}],"wp:term":[{"taxonomy":"product_brand","embeddable":true,"href":"https:\/\/harristweed-shop.be\/fr\/wp-json\/wp\/v2\/product_brand?post=533856"},{"taxonomy":"product_cat","embeddable":true,"href":"https:\/\/harristweed-shop.be\/fr\/wp-json\/wp\/v2\/product_cat?post=533856"},{"taxonomy":"product_tag","embeddable":true,"href":"https:\/\/harristweed-shop.be\/fr\/wp-json\/wp\/v2\/product_tag?post=533856"}],"curies":[{"name":"wp","href":"https:\/\/api.w.org\/{rel}","templated":true}]}}