{"id":533400,"date":"2024-10-16T14:32:31","date_gmt":"2024-10-16T14:32:31","guid":{"rendered":"https:\/\/harristweed-shop.be\/product\/old-boys-rugby-shirt\/"},"modified":"2026-05-05T04:41:38","modified_gmt":"2026-05-05T04:41:38","slug":"old-boys-rugby-shirt","status":"publish","type":"product","link":"https:\/\/harristweed-shop.be\/fr\/produit\/vieux-maillot-de-rugby\/","title":{"rendered":"Maillot de rugby Old Boys"},"content":{"rendered":"<p>Le maillot de rugby vintage Old Boys ainsi que le polo h\u00e9ritage Old Boys et le t-shirt r\u00e9tro Old Boys s&#039;inspirent de l&#039;h\u00e9ritage du rugby.<\/p>\n<p>Une introduction au maillot de rugby vintage Ellis Rugby<\/p>\n<p>Le d\u00e9veloppement du rugby \u00e0 ses d\u00e9buts a \u00e9t\u00e9 rendu possible gr\u00e2ce \u00e0 la cr\u00e9ation de clubs par les anciens. Ce d\u00e9veloppement a d\u00e9but\u00e9 d\u00e8s leur sortie de l&#039;\u00e9cole et leur entr\u00e9e dans le monde du sport.<\/p>\n<p>Cela est \u00e9vident lors de la cr\u00e9ation du rugby en 1871. On le constate \u00e9galement chez la majorit\u00e9 des clubs fondateurs, compos\u00e9s d&#039;anciens rugbymen ou d&#039;anciens marlboroughiens. Le premier et le plus ancien club de football au monde, le Guy&#039;s Hospital Football Club, fond\u00e9 \u00e0 Londres en 1843, est d&#039;ailleurs n\u00e9 de la formation d&#039;anciens \u00e9l\u00e8ves de l&#039;\u00e9cole de rugby.<\/p>\n<p>Dans le monde anglophone, plusieurs autres clubs se sont form\u00e9s pour pratiquer des sports bas\u00e9s sur les r\u00e8gles de la Rugby School. L&#039;un d&#039;eux, le Dublin University Football Club, a \u00e9t\u00e9 fond\u00e9 en 1854. Il est sans doute devenu le plus ancien club de football au monde, tous codes confondus. Le Blackheath Rugby Club, fond\u00e9 en 1858, est le plus ancien club de rugby non universitaire\/scolaire encore existant. Les plus anciens clubs scolaires r\u00e9pertori\u00e9s sont le Cheltenham College (1844), la Sherborne School (1846) et la Durham School (1850).<\/p>\n<p>Jusqu&#039;\u00e0 la fin des ann\u00e9es 1860, le rugby se jouait avec un ballon en cuir dot\u00e9 d&#039;une vessie interne en vessie de porc. La forme de la vessie donnait au ballon une forme vaguement ovale. Mais leur forme \u00e9tait bien plus sph\u00e9rique qu&#039;aujourd&#039;hui.<\/p>\n<p>En 1892, la RFU a inclus pour la premi\u00e8re fois les dimensions obligatoires du ballon dans les Lois du Jeu.<\/p>","protected":false},"excerpt":{"rendered":"<p>Le rugby vintage Old Boys s&#039;inspire des pionniers du rugby. Le d\u00e9veloppement du rugby \u00e0 ses d\u00e9buts est d\u00fb \u00e0 la cr\u00e9ation de clubs de football par les \u00ab\u00a0Old Boys\u00a0\u00bb apr\u00e8s avoir quitt\u00e9 l&#039;\u00e9cole pour se lancer dans l&#039;industrie.<\/p>","protected":false},"featured_media":533693,"template":"","meta":[],"product_brand":[],"product_cat":[397,394],"product_tag":[],"class_list":{"0":"post-533400","1":"product","2":"type-product","3":"status-publish","4":"has-post-thumbnail","6":"product_cat-international","7":"product_cat-rugby-shirts-2","8":"pa_merk-ellis-rugby","10":"first","11":"instock","12":"taxable","13":"shipping-taxable","14":"purchasable","15":"product-type-variable"},"df_price":89.95,"df_sale_price":"","df_regular_price":89.95,"df_image_link":"https:\/\/harristweed-shop.be\/wp-content\/uploads\/2024\/10\/5445c5972803aa5e97416452e113f3b1_Old_Boys_Rugby_Shirt-225x300.jpeg","_links":{"self":[{"href":"https:\/\/harristweed-shop.be\/fr\/wp-json\/wp\/v2\/product\/533400","targetHints":{"allow":["GET"]}}],"collection":[{"href":"https:\/\/harristweed-shop.be\/fr\/wp-json\/wp\/v2\/product"}],"about":[{"href":"https:\/\/harristweed-shop.be\/fr\/wp-json\/wp\/v2\/types\/product"}],"wp:featuredmedia":[{"embeddable":true,"href":"https:\/\/harristweed-shop.be\/fr\/wp-json\/wp\/v2\/media\/533693"}],"wp:attachment":[{"href":"https:\/\/harristweed-shop.be\/fr\/wp-json\/wp\/v2\/media?parent=533400"}],"wp:term":[{"taxonomy":"product_brand","embeddable":true,"href":"https:\/\/harristweed-shop.be\/fr\/wp-json\/wp\/v2\/product_brand?post=533400"},{"taxonomy":"product_cat","embeddable":true,"href":"https:\/\/harristweed-shop.be\/fr\/wp-json\/wp\/v2\/product_cat?post=533400"},{"taxonomy":"product_tag","embeddable":true,"href":"https:\/\/harristweed-shop.be\/fr\/wp-json\/wp\/v2\/product_tag?post=533400"}],"curies":[{"name":"wp","href":"https:\/\/api.w.org\/{rel}","templated":true}]}}