{"id":533384,"date":"2024-10-10T13:34:26","date_gmt":"2024-10-10T13:34:26","guid":{"rendered":"https:\/\/harristweed-shop.be\/product\/harris-tweed-cassley-classic-handbag-in-green-and-purple-tartan\/"},"modified":"2026-05-09T15:05:30","modified_gmt":"2026-05-09T15:05:30","slug":"harris-tweed-cassley-classic-handbag-in-green-and-purple-tartan","status":"publish","type":"product","link":"https:\/\/harristweed-shop.be\/fr\/produit\/sac-a-main-classique-cassley-en-tweed-harris-en-tartan-vert-et-violet\/","title":{"rendered":"Sac \u00e0 main classique Harris Tweed \u2018 Cassley \u2019 en tartan vert et violet"},"content":{"rendered":"<p>Ajoutez une touche \u00e9l\u00e9gante et intemporelle \u00e0 votre tenue avec le <b>Sac \u00e0 main Glen Appin Harris Tweed \u201c Cassley \u201d<\/b> \u2014 un sac \u00e9l\u00e9gant et spacieux contenant l&#039;embl\u00e9matique <b>Tissu Harris Tweed<\/b> Elle se distingue imm\u00e9diatement. Ce sac \u00e0 main classique combine <b>L&#039;artisanat \u00e9cossais traditionnel alli\u00e9 \u00e0 un design pratique<\/b> et convient parfaitement \u00e0 un usage quotidien comme \u00e0 une occasion formelle.<\/p>\n<p>Le sac \u00e0 main Cassley est fabriqu\u00e9 avec <b>100% authentique laine Harris Tweed \u00e0 l&#039;ext\u00e9rieur<\/b>, Tiss\u00e9 \u00e0 la main selon une tradition \u00e9cossaise s\u00e9culaire, ce sac arbore une structure \u00e9l\u00e9gante et des poign\u00e9es robustes, tandis que son int\u00e9rieur spacieux offre un espace g\u00e9n\u00e9reux pour tous vos essentiels du quotidien.<\/p>\n<p>Caract\u00e9ristiques<\/p>\n<ul>\n<li><b>Mat\u00e9riel:<\/b> 100% Laine Harris Tweed avec finitions en PU pour une r\u00e9sistance accrue<\/li>\n<li><b>Garniture:<\/b> int\u00e9rieur en polyester r\u00e9sistant<\/li>\n<li><b>Fermeture:<\/b> Compartiment principal zipp\u00e9 et poches suppl\u00e9mentaires pour un rangement organis\u00e9.<\/li>\n<li><b>Options de transport :<\/b> Poign\u00e9es doubles robustes, confortables \u00e0 porter \u00e0 la main ou \u00e0 l&#039;\u00e9paule.<\/li>\n<li><b>Taille g\u00e9n\u00e9reuse :<\/b> Environ 25 x 38 x 11 cm, id\u00e9al pour portefeuille, t\u00e9l\u00e9phone, documents et plus encore.<\/li>\n<li><b>Motif unique :<\/b> Chaque sac poss\u00e8de son propre motif tartan gr\u00e2ce au proc\u00e9d\u00e9 de tissage authentique du Harris Tweed.<\/li>\n<\/ul>\n<p>Le <b>Sac \u00e0 main Cassley<\/b> est parfait pour ceux qui aiment <b>\u00c9l\u00e9gance classique et fonctionnalit\u00e9 pratique<\/b>. L&#039;association de tartans traditionnels et d&#039;un int\u00e9rieur spacieux et bien organis\u00e9 fait de ce sac un choix \u00e9l\u00e9gant et polyvalent, id\u00e9al pour le travail, une sortie \u00e0 la journ\u00e9e ou une occasion formelle.<\/p>\n<p>Id\u00e9al pour :<\/p>\n<p>\u2714 Utilisation et travail quotidiens<br \/>\n\u2714 Tenues \u00e9l\u00e9gantes et classiques<br \/>\n\u2714 Amoureux du v\u00e9ritable Harris Tweed<br \/>\n\u2714 Un cadeau durable et \u00e9l\u00e9gant&nbsp;<\/p>\n<p>25 cm x 38 cm x 11 cm.<\/p>","protected":false},"excerpt":{"rendered":"<p>Sac \u00e0 main classique Harris Tweed &#039;Cassley&#039; en tartan vert et violet COL079.<\/p>\n<p>Ce sac \u00e0 main classique allie le savoir-faire traditionnel \u00e9cossais \u00e0 un design pratique et convient parfaitement \u00e0 un usage quotidien comme \u00e0 une occasion \u00e9l\u00e9gante.<\/p>","protected":false},"featured_media":533385,"template":"","meta":[],"product_brand":[],"product_cat":[899,638,903,904,1163,1139,1162,1138,901,808,898],"product_tag":[],"class_list":{"0":"post-533384","1":"product","2":"type-product","3":"status-publish","4":"has-post-thumbnail","6":"product_cat-geschenke","7":"product_cat-gifts","8":"product_cat-handtas","9":"product_cat-handtaschen","10":"product_cat-harris-tweed-handtasche","11":"product_cat-harris-tweed-handtassen","12":"product_cat-harris-tweed-taschen","13":"product_cat-harris-tweed-tassen","14":"product_cat-taschen","15":"product_cat-tassen","16":"product_cat-tassen-gifts","17":"pa_merk-harristweed","19":"first","20":"instock","21":"taxable","22":"shipping-taxable","23":"purchasable","24":"product-type-simple"},"df_price":89.95,"df_sale_price":"","df_regular_price":89.95,"df_image_link":"https:\/\/harristweed-shop.be\/wp-content\/uploads\/2024\/10\/846084ae883381f7162cb8f6c1658480_Harris_Tweed__Cassley__Classic_Handbag_in_Green_and_Purple_Tartan-300x300.jpeg","_links":{"self":[{"href":"https:\/\/harristweed-shop.be\/fr\/wp-json\/wp\/v2\/product\/533384","targetHints":{"allow":["GET"]}}],"collection":[{"href":"https:\/\/harristweed-shop.be\/fr\/wp-json\/wp\/v2\/product"}],"about":[{"href":"https:\/\/harristweed-shop.be\/fr\/wp-json\/wp\/v2\/types\/product"}],"wp:featuredmedia":[{"embeddable":true,"href":"https:\/\/harristweed-shop.be\/fr\/wp-json\/wp\/v2\/media\/533385"}],"wp:attachment":[{"href":"https:\/\/harristweed-shop.be\/fr\/wp-json\/wp\/v2\/media?parent=533384"}],"wp:term":[{"taxonomy":"product_brand","embeddable":true,"href":"https:\/\/harristweed-shop.be\/fr\/wp-json\/wp\/v2\/product_brand?post=533384"},{"taxonomy":"product_cat","embeddable":true,"href":"https:\/\/harristweed-shop.be\/fr\/wp-json\/wp\/v2\/product_cat?post=533384"},{"taxonomy":"product_tag","embeddable":true,"href":"https:\/\/harristweed-shop.be\/fr\/wp-json\/wp\/v2\/product_tag?post=533384"}],"curies":[{"name":"wp","href":"https:\/\/api.w.org\/{rel}","templated":true}]}}