{"id":533358,"date":"2024-10-10T12:22:25","date_gmt":"2024-10-10T12:22:25","guid":{"rendered":"https:\/\/harristweed-shop.be\/product\/harris-tweed-purse-multi-colour-tartan\/"},"modified":"2026-04-18T11:05:24","modified_gmt":"2026-04-18T11:05:24","slug":"harris-tweed-purse-multi-colour-tartan","status":"publish","type":"product","link":"https:\/\/harristweed-shop.be\/fr\/produit\/sac-a-main-en-tweed-harris-tartan-multicolore\/","title":{"rendered":"Harris Tweed Portemonnee &#8216;Tiree&#8217; in Multi Colour Tartan"},"content":{"rendered":"<p data-start=\"109\" data-end=\"461\"><strong data-start=\"109\" data-end=\"180\">Rehaussez votre style quotidien avec le portefeuille Tiree de Glen Appin<\/strong>&nbsp;\u2014 Un portefeuille raffin\u00e9 confectionn\u00e9 en authentique tissu Harris Tweed, tiss\u00e9 \u00e0 la main dans les H\u00e9brides ext\u00e9rieures \u00e9cossaises selon une tradition s\u00e9culaire. Ce portefeuille compact et \u00e9l\u00e9gant allie un savoir-faire classique \u00e0 une disposition pratique, id\u00e9al au quotidien.<\/p>\n<p data-start=\"463\" data-end=\"781\">Le&nbsp;<strong data-start=\"466\" data-end=\"487\">portefeuille de pneus<\/strong>&nbsp;Ce portefeuille \u00e9l\u00e9gant offre un espace suffisant pour tous vos essentiels. Son embl\u00e9matique tissage Harris Tweed lui conf\u00e8re un aspect textur\u00e9 unique\u00a0: chaque portefeuille est unique. Son motif tweed traditionnel en fait un accessoire intemporel qui rehausse toutes vos tenues.<\/p>\n<p data-start=\"783\" data-end=\"798\"><strong data-start=\"783\" data-end=\"796\">Caract\u00e9ristiques<\/strong><\/p>\n<ul data-start=\"799\" data-end=\"1167\">\n<li data-section-id=\"p4ev1\" data-start=\"799\" data-end=\"885\"><strong data-start=\"801\" data-end=\"816\">Mat\u00e9riels:<\/strong>&nbsp;100% authentique laine Harris Tweed avec \u00e9tiquette officielle Harris Tweed<\/li>\n<li data-section-id=\"1uihjgd\" data-start=\"886\" data-end=\"937\"><strong data-start=\"888\" data-end=\"902\">Finition:<\/strong>&nbsp;Fermeture \u00e9clair robuste et doublure durable<\/li>\n<li data-section-id=\"ho2il8\" data-start=\"938\" data-end=\"1014\"><strong data-start=\"940\" data-end=\"953\">Mise en page:<\/strong>&nbsp;Plusieurs compartiments pour cartes, pi\u00e8ces de monnaie, billets et pi\u00e8ce d&#039;identit\u00e9<\/li>\n<li data-section-id=\"te7441\" data-start=\"1015\" data-end=\"1088\"><strong data-start=\"1017\" data-end=\"1037\">Format compact :<\/strong>&nbsp;Id\u00e9al \u00e0 glisser dans un sac \u00e0 main, une poche de veste ou une pochette.<\/li>\n<li data-section-id=\"xl6who\" data-start=\"1089\" data-end=\"1167\"><strong data-start=\"1091\" data-end=\"1108\">Design unique :<\/strong>&nbsp;Les motifs tartan ou \u00e0 carreaux classiques \u2014 toujours avec du caract\u00e8re<\/li>\n<\/ul>\n<p data-start=\"1169\" data-end=\"1449\">Ce portefeuille en tweed Harris allie style et fonctionnalit\u00e9. Son tissage \u00e9cossais traditionnel lui conf\u00e8re un aspect authentique, tandis que son agencement astucieux permet de ranger soigneusement tous vos essentiels. Id\u00e9al pour celles et ceux qui privil\u00e9gient l&#039;\u00e9l\u00e9gance et l&#039;organisation.<\/p>\n<p data-start=\"1451\" data-end=\"1620\"><strong data-start=\"1451\" data-end=\"1468\">Id\u00e9al pour :<\/strong><br data-start=\"1468\" data-end=\"1471\">\u2714 Utilisation quotidienne<br data-start=\"1490\" data-end=\"1493\">\u2714 Id\u00e9e cadeau pour elle ou lui<br data-start=\"1523\" data-end=\"1526\">\u2714 Amateurs de textiles classiques faits main<br data-start=\"1566\" data-end=\"1569\">\u2714 Les personnes qui valorisent la qualit\u00e9 et l&#039;originalit\u00e9<\/p>\n<p data-start=\"1622\" data-end=\"1658\"><strong data-start=\"1622\" data-end=\"1637\">Dimensions:<\/strong>&nbsp;11 cm x 20 cm x 4 cm.<\/p>","protected":false},"excerpt":{"rendered":"<p>Harris Tweed Portemonnee &#8216;Tiree&#8217; in Multi Colour Tartan COL046.<\/p>\n<p>Ce portefeuille compact et \u00e9l\u00e9gant allie un savoir-faire classique \u00e0 une disposition pratique, id\u00e9al pour un usage quotidien.<\/p>","protected":false},"featured_media":533359,"template":"","meta":[],"product_brand":[],"product_cat":[1067,907,496,899,638,1169,1142,1162,1138,1066,1068,1170,901,808],"product_tag":[],"class_list":{"0":"post-533358","1":"product","2":"type-product","3":"status-publish","4":"has-post-thumbnail","6":"product_cat-brieftasche-geschenke","7":"product_cat-brieftasche","8":"product_cat-businesskostuum-en-accessoires","9":"product_cat-geschenke","10":"product_cat-gifts","11":"product_cat-harris-tweed-geldborsen","12":"product_cat-harris-tweed-portemonnees","13":"product_cat-harris-tweed-taschen","14":"product_cat-harris-tweed-tassen","15":"product_cat-portemonnee","16":"product_cat-portemonnee-gifts","17":"product_cat-portemonnee-businesskostuum-en-accessoires","18":"product_cat-taschen","19":"product_cat-tassen","20":"pa_merk-harristweed","22":"first","23":"outofstock","24":"taxable","25":"shipping-taxable","26":"purchasable","27":"product-type-simple"},"df_price":39.95,"df_sale_price":"","df_regular_price":39.95,"df_image_link":"https:\/\/harristweed-shop.be\/wp-content\/uploads\/2024\/10\/dfb2b2b9495012e27563cfd03a814395_Harris_Tweed_Purse_Multi_colour_Tartan-300x300.jpeg","_links":{"self":[{"href":"https:\/\/harristweed-shop.be\/fr\/wp-json\/wp\/v2\/product\/533358","targetHints":{"allow":["GET"]}}],"collection":[{"href":"https:\/\/harristweed-shop.be\/fr\/wp-json\/wp\/v2\/product"}],"about":[{"href":"https:\/\/harristweed-shop.be\/fr\/wp-json\/wp\/v2\/types\/product"}],"wp:featuredmedia":[{"embeddable":true,"href":"https:\/\/harristweed-shop.be\/fr\/wp-json\/wp\/v2\/media\/533359"}],"wp:attachment":[{"href":"https:\/\/harristweed-shop.be\/fr\/wp-json\/wp\/v2\/media?parent=533358"}],"wp:term":[{"taxonomy":"product_brand","embeddable":true,"href":"https:\/\/harristweed-shop.be\/fr\/wp-json\/wp\/v2\/product_brand?post=533358"},{"taxonomy":"product_cat","embeddable":true,"href":"https:\/\/harristweed-shop.be\/fr\/wp-json\/wp\/v2\/product_cat?post=533358"},{"taxonomy":"product_tag","embeddable":true,"href":"https:\/\/harristweed-shop.be\/fr\/wp-json\/wp\/v2\/product_tag?post=533358"}],"curies":[{"name":"wp","href":"https:\/\/api.w.org\/{rel}","templated":true}]}}