{"id":533356,"date":"2024-10-10T12:18:17","date_gmt":"2024-10-10T12:18:17","guid":{"rendered":"https:\/\/harristweed-shop.be\/product\/harris-tweed-naver-backpack-in-grey-with-rust-overcheck\/"},"modified":"2026-04-08T07:55:21","modified_gmt":"2026-04-08T07:55:21","slug":"harris-tweed-naver-backpack-in-grey-with-rust-overcheck","status":"publish","type":"product","link":"https:\/\/harristweed-shop.be\/fr\/produit\/sac-a-dos-naver-en-tweed-harris-gris-a-carreaux-rouille\/","title":{"rendered":"Sac \u00e0 dos \u00ab\u00a0Naver\u00a0\u00bb en tweed Harris gris \u00e0 carreaux rouille"},"content":{"rendered":"<p>Sac \u00e0 dos \u00ab\u00a0Naver\u00a0\u00bb en Harris Tweed avec c\u00f4t\u00e9s contrast\u00e9s et poche avant. Ext\u00e9rieur en Harris Tweed de laine 100%, doublure en polyester et finitions en PU. Dimensions\u00a0: 33\u00a0cm x 29\u00a0cm x 14\u00a0cm. Grand sac \u00e0 dos zipp\u00e9 avec poche \u00e0 fermeture magn\u00e9tique. Bretelles r\u00e9glables.<\/p>","protected":false},"excerpt":{"rendered":"<p>Sac \u00e0 dos \u00ab\u00a0Naver\u00a0\u00bb en Harris Tweed avec c\u00f4t\u00e9s contrast\u00e9s et poche avant. Ext\u00e9rieur en Harris Tweed de laine 100%, doublure en polyester et finitions en PU. Dimensions\u00a0: 33\u00a0cm x 29\u00a0cm x 14\u00a0cm. Grand sac \u00e0 dos zipp\u00e9 avec poche \u00e0 fermeture magn\u00e9tique. Bretelles r\u00e9glables.<\/p>","protected":false},"featured_media":533357,"template":"","meta":[],"product_brand":[],"product_cat":[899,638,903,904,900,901,898,808],"product_tag":[],"class_list":{"0":"post-533356","1":"product","2":"type-product","3":"status-publish","4":"has-post-thumbnail","6":"product_cat-geschenke","7":"product_cat-gifts","8":"product_cat-handtas","9":"product_cat-handtaschen","10":"product_cat-reisetaschen","11":"product_cat-taschen","12":"product_cat-tassen-gifts","13":"product_cat-tassen","14":"pa_merk-harristweed","16":"first","17":"instock","18":"taxable","19":"shipping-taxable","20":"purchasable","21":"product-type-simple"},"df_price":119.95,"df_sale_price":"","df_regular_price":119.95,"df_image_link":"https:\/\/harristweed-shop.be\/wp-content\/uploads\/2024\/10\/fbcf087534d8c3b0894e2d8915ec1d5c_Harris_Tweed__Naver__Backpack_in_Grey_with_Rust_Overcheck-300x300.jpeg","_links":{"self":[{"href":"https:\/\/harristweed-shop.be\/fr\/wp-json\/wp\/v2\/product\/533356","targetHints":{"allow":["GET"]}}],"collection":[{"href":"https:\/\/harristweed-shop.be\/fr\/wp-json\/wp\/v2\/product"}],"about":[{"href":"https:\/\/harristweed-shop.be\/fr\/wp-json\/wp\/v2\/types\/product"}],"wp:featuredmedia":[{"embeddable":true,"href":"https:\/\/harristweed-shop.be\/fr\/wp-json\/wp\/v2\/media\/533357"}],"wp:attachment":[{"href":"https:\/\/harristweed-shop.be\/fr\/wp-json\/wp\/v2\/media?parent=533356"}],"wp:term":[{"taxonomy":"product_brand","embeddable":true,"href":"https:\/\/harristweed-shop.be\/fr\/wp-json\/wp\/v2\/product_brand?post=533356"},{"taxonomy":"product_cat","embeddable":true,"href":"https:\/\/harristweed-shop.be\/fr\/wp-json\/wp\/v2\/product_cat?post=533356"},{"taxonomy":"product_tag","embeddable":true,"href":"https:\/\/harristweed-shop.be\/fr\/wp-json\/wp\/v2\/product_tag?post=533356"}],"curies":[{"name":"wp","href":"https:\/\/api.w.org\/{rel}","templated":true}]}}