{"id":533341,"date":"2024-10-10T12:02:33","date_gmt":"2024-10-10T12:02:33","guid":{"rendered":"https:\/\/harristweed-shop.be\/product\/ladies-brown-leather-harris-tweed-gloves-boxed-in-heather-check\/"},"modified":"2026-05-08T15:03:55","modified_gmt":"2026-05-08T15:03:55","slug":"ladies-brown-leather-harris-tweed-gloves-boxed-in-heather-check","status":"publish","type":"product","link":"https:\/\/harristweed-shop.be\/fr\/produit\/gants-en-cuir-marron-harris-tweed-pour-femme-en-boite-a-carreaux-chines\/","title":{"rendered":"Gants pour femme en cuir marron et tweed Harris, emball\u00e9s dans un coffret \u00e0 carreaux chin\u00e9s"},"content":{"rendered":"<p>Gants femme en tweed Harris et cuir marron souple de premi\u00e8re qualit\u00e9. Doublure douce au toucher. Pr\u00e9sent\u00e9s dans un coffret cadeau.<\/p>","protected":false},"excerpt":{"rendered":"<p>Gants femme en tweed Harris et cuir marron souple de premi\u00e8re qualit\u00e9. Doublure douce au toucher. Pr\u00e9sent\u00e9s dans un coffret cadeau.<\/p>","protected":false},"featured_media":533347,"template":"","meta":[],"product_brand":[],"product_cat":[869,886,1136,1172],"product_tag":[],"class_list":{"0":"post-533341","1":"product","2":"type-product","3":"status-publish","4":"has-post-thumbnail","6":"product_cat-handschoenen","7":"product_cat-handschuhe","8":"product_cat-harris-tweed-handschoenen","9":"product_cat-harris-tweed-handschuhe","10":"pa_merk-harristweed","12":"first","13":"instock","14":"taxable","15":"shipping-taxable","16":"purchasable","17":"product-type-variable"},"df_price":59.95,"df_sale_price":"","df_regular_price":59.95,"df_image_link":"https:\/\/harristweed-shop.be\/wp-content\/uploads\/2024\/10\/d85578af8d7428007f127a9d88e76dad_Ladies_Brown_Leather___Harris_Tweed_Gloves_Boxed_in_Heather_Check-300x300.jpeg","_links":{"self":[{"href":"https:\/\/harristweed-shop.be\/fr\/wp-json\/wp\/v2\/product\/533341","targetHints":{"allow":["GET"]}}],"collection":[{"href":"https:\/\/harristweed-shop.be\/fr\/wp-json\/wp\/v2\/product"}],"about":[{"href":"https:\/\/harristweed-shop.be\/fr\/wp-json\/wp\/v2\/types\/product"}],"wp:featuredmedia":[{"embeddable":true,"href":"https:\/\/harristweed-shop.be\/fr\/wp-json\/wp\/v2\/media\/533347"}],"wp:attachment":[{"href":"https:\/\/harristweed-shop.be\/fr\/wp-json\/wp\/v2\/media?parent=533341"}],"wp:term":[{"taxonomy":"product_brand","embeddable":true,"href":"https:\/\/harristweed-shop.be\/fr\/wp-json\/wp\/v2\/product_brand?post=533341"},{"taxonomy":"product_cat","embeddable":true,"href":"https:\/\/harristweed-shop.be\/fr\/wp-json\/wp\/v2\/product_cat?post=533341"},{"taxonomy":"product_tag","embeddable":true,"href":"https:\/\/harristweed-shop.be\/fr\/wp-json\/wp\/v2\/product_tag?post=533341"}],"curies":[{"name":"wp","href":"https:\/\/api.w.org\/{rel}","templated":true}]}}