{"id":533336,"date":"2024-10-10T12:02:31","date_gmt":"2024-10-10T12:02:31","guid":{"rendered":"https:\/\/harristweed-shop.be\/product\/ladies-brown-leather-harris-tweed-gloves-boxed-in-muted-green-and-rose-pink-tartan\/"},"modified":"2026-04-08T08:10:32","modified_gmt":"2026-04-08T08:10:32","slug":"ladies-brown-leather-harris-tweed-gloves-boxed-in-muted-green-and-rose-pink-tartan","status":"publish","type":"product","link":"https:\/\/harristweed-shop.be\/fr\/produit\/gants-en-cuir-marron-harris-tweed-pour-femme-presentes-dans-une-boite-en-tartan-vert-pale-et-rose\/","title":{"rendered":"Gants pour femme en cuir marron et tweed Harris, pr\u00e9sent\u00e9s dans un coffret en tartan vert p\u00e2le et rose"},"content":{"rendered":"<p>Gants femme en tweed Harris et cuir marron souple de premi\u00e8re qualit\u00e9. Doublure douce au toucher. Pr\u00e9sent\u00e9s dans un coffret cadeau.<\/p>","protected":false},"excerpt":{"rendered":"<p>Gants femme en tweed Harris et cuir marron souple de premi\u00e8re qualit\u00e9. Doublure douce au toucher. Pr\u00e9sent\u00e9s dans un coffret cadeau.<\/p>","protected":false},"featured_media":533346,"template":"","meta":[],"product_brand":[],"product_cat":[869,926,886,1136,1172,105],"product_tag":[],"class_list":{"0":"post-533336","1":"product","2":"type-product","3":"status-publish","4":"has-post-thumbnail","6":"product_cat-handschoenen","7":"product_cat-handschoenen-shawls-shawls","8":"product_cat-handschuhe","9":"product_cat-harris-tweed-handschoenen","10":"product_cat-harris-tweed-handschuhe","11":"product_cat-shawls","12":"pa_merk-harristweed","14":"first","15":"instock","16":"taxable","17":"shipping-taxable","18":"purchasable","19":"product-type-variable"},"df_price":59.95,"df_sale_price":"","df_regular_price":59.95,"df_image_link":"https:\/\/harristweed-shop.be\/wp-content\/uploads\/2024\/10\/7c89c7a845ebdb020502bdfed6b73083_Ladies_Brown_Leather___Harris_Tweed_Gloves_Boxed_in_Muted_Green_and_Rose_Pink_Tartan-300x300.jpeg","_links":{"self":[{"href":"https:\/\/harristweed-shop.be\/fr\/wp-json\/wp\/v2\/product\/533336","targetHints":{"allow":["GET"]}}],"collection":[{"href":"https:\/\/harristweed-shop.be\/fr\/wp-json\/wp\/v2\/product"}],"about":[{"href":"https:\/\/harristweed-shop.be\/fr\/wp-json\/wp\/v2\/types\/product"}],"wp:featuredmedia":[{"embeddable":true,"href":"https:\/\/harristweed-shop.be\/fr\/wp-json\/wp\/v2\/media\/533346"}],"wp:attachment":[{"href":"https:\/\/harristweed-shop.be\/fr\/wp-json\/wp\/v2\/media?parent=533336"}],"wp:term":[{"taxonomy":"product_brand","embeddable":true,"href":"https:\/\/harristweed-shop.be\/fr\/wp-json\/wp\/v2\/product_brand?post=533336"},{"taxonomy":"product_cat","embeddable":true,"href":"https:\/\/harristweed-shop.be\/fr\/wp-json\/wp\/v2\/product_cat?post=533336"},{"taxonomy":"product_tag","embeddable":true,"href":"https:\/\/harristweed-shop.be\/fr\/wp-json\/wp\/v2\/product_tag?post=533336"}],"curies":[{"name":"wp","href":"https:\/\/api.w.org\/{rel}","templated":true}]}}