{"id":533312,"date":"2024-10-09T08:33:15","date_gmt":"2024-10-09T08:33:15","guid":{"rendered":"https:\/\/harristweed-shop.be\/product\/barbour-edgar-tailored-checked-shirt-navy\/"},"modified":"2026-04-08T08:10:32","modified_gmt":"2026-04-08T08:10:32","slug":"barbour-edgar-tailored-checked-shirt-navy","status":"publish","type":"product","link":"https:\/\/harristweed-shop.be\/fr\/produit\/chemise-a-carreaux-sur-mesure-barbour-edgar-bleu-marine\/","title":{"rendered":"Chemise \u00e0 carreaux Barbour Edgar Tailored bleu marine"},"content":{"rendered":"<p>La chemise ajust\u00e9e Barbour Edgar est confectionn\u00e9e en coton peau de p\u00eache, un tissu bross\u00e9 puis ponc\u00e9 pour un toucher velout\u00e9. Id\u00e9ale pour les journ\u00e9es d\u00e9contract\u00e9es, elle arbore un col boutonn\u00e9 pour une allure utilitaire et un logo brod\u00e9 sur le haut de la poitrine pour une touche signature.<\/p>\n<p>Coton 100%<br \/>\nSimple ann\u00e9es 40, tissage serg\u00e9, finition p\u00eache.<br \/>\nBroderie Barbour et Shield sur la poitrine gauche du porteur.<br \/>\nLongueur du dos : 76 cm \u2013 84 cm<br \/>\nLavage en machine \u00e0 30\u00b0C<\/p>","protected":false},"excerpt":{"rendered":"<p>Chemise \u00e0 carreaux Barbour Edgar Tailored bleu marine<\/p>\n<p>La chemise sur mesure Barbour Edgar est confectionn\u00e9e en coton p\u00eache : un tissu bross\u00e9 puis taill\u00e9 pour un toucher doux comme du velours.<\/p>","protected":false},"featured_media":533320,"template":"","meta":[],"product_brand":[],"product_cat":[1107,1111,1110,86,506],"product_tag":[],"class_list":{"0":"post-533312","1":"product","2":"type-product","3":"status-publish","4":"has-post-thumbnail","6":"product_cat-barbour","7":"product_cat-barbour-heren-shirts","8":"product_cat-barbour-shirts","9":"product_cat-shirts-en-overhemden","10":"product_cat-shirts-und-hemden","11":"pa_merk-barbour","13":"first","14":"instock","15":"taxable","16":"shipping-taxable","17":"purchasable","18":"product-type-variable"},"df_price":99.95,"df_sale_price":"","df_regular_price":99.95,"df_image_link":"https:\/\/harristweed-shop.be\/wp-content\/uploads\/2024\/10\/99fc02d8a71ca5bb139d400afd663f81_BARBOUR_Edgar_TAILORED_Checked_SHIRT_Navy-225x300.jpeg","_links":{"self":[{"href":"https:\/\/harristweed-shop.be\/fr\/wp-json\/wp\/v2\/product\/533312","targetHints":{"allow":["GET"]}}],"collection":[{"href":"https:\/\/harristweed-shop.be\/fr\/wp-json\/wp\/v2\/product"}],"about":[{"href":"https:\/\/harristweed-shop.be\/fr\/wp-json\/wp\/v2\/types\/product"}],"wp:featuredmedia":[{"embeddable":true,"href":"https:\/\/harristweed-shop.be\/fr\/wp-json\/wp\/v2\/media\/533320"}],"wp:attachment":[{"href":"https:\/\/harristweed-shop.be\/fr\/wp-json\/wp\/v2\/media?parent=533312"}],"wp:term":[{"taxonomy":"product_brand","embeddable":true,"href":"https:\/\/harristweed-shop.be\/fr\/wp-json\/wp\/v2\/product_brand?post=533312"},{"taxonomy":"product_cat","embeddable":true,"href":"https:\/\/harristweed-shop.be\/fr\/wp-json\/wp\/v2\/product_cat?post=533312"},{"taxonomy":"product_tag","embeddable":true,"href":"https:\/\/harristweed-shop.be\/fr\/wp-json\/wp\/v2\/product_tag?post=533312"}],"curies":[{"name":"wp","href":"https:\/\/api.w.org\/{rel}","templated":true}]}}