{"id":533282,"date":"2024-10-05T14:12:27","date_gmt":"2024-10-05T14:12:27","guid":{"rendered":"https:\/\/harristweed-shop.be\/product\/blauwe-herenmantel-finchester-all-season\/"},"modified":"2026-05-05T04:43:34","modified_gmt":"2026-05-05T04:43:34","slug":"blauwe-herenmantel-finchester-all-season","status":"publish","type":"product","link":"https:\/\/harristweed-shop.be\/fr\/produit\/manteau-bleu-pour-homme-finchester-toutes-saisons\/","title":{"rendered":"Manteau\/imperm\u00e9able toutes saisons Finchester bleu marine"},"content":{"rendered":"<p>La veste classique pour homme \u00ab\u00a0Finchester All Season\u00a0\u00bb incarne la polyvalence et l&#039;\u00e9l\u00e9gance\u00a0; une v\u00e9ritable pi\u00e8ce polyvalente qui vous accompagnera en toute saison. Con\u00e7ue dans un design 2 en 1 astucieux, elle s&#039;adapte sans effort aux variations climatiques tout en restant \u00e9l\u00e9gante et fonctionnelle. D&#039;un simple mouvement du poignet, l&#039;\u00e9l\u00e9gante doublure \u00e0 carreaux Wellington ou Bilmore traditionnels s&#039;enfile et se retire, vous assurant d&#039;\u00eatre toujours parfaitement par\u00e9 \u00e0 affronter les intemp\u00e9ries, qu&#039;il s&#039;agisse d&#039;une brise fra\u00eeche d&#039;automne ou des premiers rayons de soleil printaniers. Cette doublure amovible est non seulement incroyablement pratique, mais aussi facile d&#039;entretien, prolongeant consid\u00e9rablement la dur\u00e9e de vie de votre veste. Confectionn\u00e9e dans un m\u00e9lange de coton respirant, coupe-vent et d\u00e9perlant, la \u00ab\u00a0Finchester\u00a0\u00bb offre un confort in\u00e9gal\u00e9. <\/p>\n<p>Les d\u00e9tails sont riches et de haute qualit\u00e9\u00a0: une fermeture \u00e0 boutons dissimul\u00e9e, des poches italiennes confortables, deux grandes poches int\u00e9rieures zipp\u00e9es et une fente au dos. Parmi les petits d\u00e9tails subtils, on retrouve le col amovible en cuir nubuck d&#039;agneau couleur tabac, le rabat-temp\u00eate \u00e0 bouton-pression et les bottes Wellington amovibles. Intemporel et polyvalent, il s&#039;associe aussi bien \u00e0 des tenues professionnelles qu&#039;\u00e0 des tenues d\u00e9contract\u00e9es. Que ce soit pour une r\u00e9union d&#039;affaires ou pour les loisirs, le \u00ab\u00a0Finchester All Season\u00a0\u00bb est bien plus qu&#039;une simple veste\u00a0: c&#039;est un fid\u00e8le compagnon qui vous surprendra encore et encore par sa polyvalence et son \u00e9l\u00e9gance.<\/p>\n<p>\u2013 Collier amovible en cuir nubuck d\u2019agneau<br \/>\u2013 Veste homme \u00e0 manches mont\u00e9es<br \/>\u2013 Doublure amovible en cuir Wellington de haute qualit\u00e9 \u00e0 motif diamant<br \/>- Ventilation \u00e0 l&#039;arri\u00e8re<br \/>\u2013 Rabat-temp\u00eate avec bouton-pression<br \/>\u2013 Deux poches lat\u00e9rales<br \/>\u2013 Deux poches int\u00e9rieures refermables<\/p>\n<p>Mensurations du mod\u00e8le : Le mannequin mesure 186 cm et porte une taille 50.<br \/>Coupe : Coupe droite et confortable avec une silhouette mi-longue.<br \/>Mesures : Pour la taille 50 les mesures sont : Demi-poitrine : 62 cm \u2013 Demi-taille : 62 cm \u2013 Longueur dos : 110 cm<\/p>\n<p>Tissu ext\u00e9rieur : coton 60%, nylon 40%<br \/>Doublure : fond : 40% polyester, 35% polyester, 25% laine<br \/>Doublure des manches : polyester 100%<\/p>","protected":false},"excerpt":{"rendered":"<p>Manteau Homme Bleu &quot;Finchester All Season&quot; Marine.<\/p>\n<p>La veste classique pour homme \u00ab\u00a0Finchester All Season\u00a0\u00bb incarne la polyvalence et l&#039;\u00e9l\u00e9gance\u00a0; une v\u00e9ritable pi\u00e8ce polyvalente qui vous accompagnera en toute saison. Con\u00e7ue avec un design 2 en 1 astucieux, elle s&#039;adapte sans effort aux variations climatiques tout en restant \u00e9l\u00e9gante et fonctionnelle.<\/p>","protected":false},"featured_media":533296,"template":"","meta":[],"product_brand":[],"product_cat":[530,87,482,531,1054,1053],"product_tag":[],"class_list":{"0":"post-533282","1":"product","2":"type-product","3":"status-publish","4":"has-post-thumbnail","6":"product_cat-heren-jassen-en-jacks","7":"product_cat-jassen-en-jacks","8":"product_cat-mantel-und-jacken","9":"product_cat-mantel-und-jacken-fur-herren","10":"product_cat-regenjas","11":"product_cat-regenmantel","12":"pa_merk-wellington","14":"first","15":"instock","16":"taxable","17":"shipping-taxable","18":"purchasable","19":"product-type-variable"},"df_price":499.95,"df_sale_price":"","df_regular_price":499.95,"df_image_link":"https:\/\/harristweed-shop.be\/wp-content\/uploads\/2024\/10\/6279d40981fc362483773ed070ce798c_Blauwe_Herenmantel__Finchester_All_Season__-225x300.jpeg","_links":{"self":[{"href":"https:\/\/harristweed-shop.be\/fr\/wp-json\/wp\/v2\/product\/533282","targetHints":{"allow":["GET"]}}],"collection":[{"href":"https:\/\/harristweed-shop.be\/fr\/wp-json\/wp\/v2\/product"}],"about":[{"href":"https:\/\/harristweed-shop.be\/fr\/wp-json\/wp\/v2\/types\/product"}],"wp:featuredmedia":[{"embeddable":true,"href":"https:\/\/harristweed-shop.be\/fr\/wp-json\/wp\/v2\/media\/533296"}],"wp:attachment":[{"href":"https:\/\/harristweed-shop.be\/fr\/wp-json\/wp\/v2\/media?parent=533282"}],"wp:term":[{"taxonomy":"product_brand","embeddable":true,"href":"https:\/\/harristweed-shop.be\/fr\/wp-json\/wp\/v2\/product_brand?post=533282"},{"taxonomy":"product_cat","embeddable":true,"href":"https:\/\/harristweed-shop.be\/fr\/wp-json\/wp\/v2\/product_cat?post=533282"},{"taxonomy":"product_tag","embeddable":true,"href":"https:\/\/harristweed-shop.be\/fr\/wp-json\/wp\/v2\/product_tag?post=533282"}],"curies":[{"name":"wp","href":"https:\/\/api.w.org\/{rel}","templated":true}]}}