{"id":533226,"date":"2024-10-02T19:47:28","date_gmt":"2024-10-02T19:47:28","guid":{"rendered":"https:\/\/harristweed-shop.be\/product\/harris-tweed-ladies-cadet-cap-lilac-pastels\/"},"modified":"2026-04-08T08:25:21","modified_gmt":"2026-04-08T08:25:21","slug":"harris-tweed-ladies-cadet-cap-lilac-pastels","status":"publish","type":"product","link":"https:\/\/harristweed-shop.be\/fr\/produit\/casquette-cadette-en-tweed-harris-pour-femme-lilas-pastel\/","title":{"rendered":"Casquette Cadet pour femme en tweed Harris, lilas pastel"},"content":{"rendered":"<p>V\u00e9ritable Harris Tweed. Style casquette cadet. Dos \u00e9lastiqu\u00e9 pour un ajustement optimal. Enti\u00e8rement doubl\u00e9e. Casquette militaire pour femme en Harris Tweed. Doublure en serg\u00e9 de coton ton sur ton avec bandeau \u00e9lastique \u00e0 l&#039;arri\u00e8re pour s&#039;adapter \u00e0 la plupart des tours de t\u00eate.<\/p>","protected":false},"excerpt":{"rendered":"<p>Casquette Cadet pour femme en tweed Harris Lilas Pastels.<\/p>\n<p>V\u00e9ritable Harris Tweed. Style casquette cadet. Dos \u00e9lastiqu\u00e9 pour un ajustement optimal. Enti\u00e8rement doubl\u00e9e. Casquette militaire pour femme en Harris Tweed.<\/p>","protected":false},"featured_media":533227,"template":"","meta":[],"product_brand":[],"product_cat":[1062,1125,1119,1164,1173,433,542,83],"product_tag":[],"class_list":{"0":"post-533226","1":"product","2":"type-product","3":"status-publish","4":"has-post-thumbnail","6":"product_cat-damen-caps","7":"product_cat-harris-tweed-dames-petten-harris-tweed-hoeden-petten-en-caps","8":"product_cat-harris-tweed-hoeden-petten-en-caps","9":"product_cat-harris-tweed-mutzen-und-hute","10":"product_cat-harris-tweed-mutzen-und-hute-fur-damen","11":"product_cat-harris-tweed-petten","12":"product_cat-hute-und-caps","13":"product_cat-petten-en-caps","14":"pa_merk-harristweed","16":"first","17":"instock","18":"taxable","19":"shipping-taxable","20":"purchasable","21":"product-type-simple"},"df_price":64.95,"df_sale_price":"","df_regular_price":64.95,"df_image_link":"https:\/\/harristweed-shop.be\/wp-content\/uploads\/2024\/10\/ca9138568a1142246a2ee19da433d734_Harris_Tweed_Ladies_Cadet_Cap_Lilac_Pastels-300x300.jpeg","_links":{"self":[{"href":"https:\/\/harristweed-shop.be\/fr\/wp-json\/wp\/v2\/product\/533226","targetHints":{"allow":["GET"]}}],"collection":[{"href":"https:\/\/harristweed-shop.be\/fr\/wp-json\/wp\/v2\/product"}],"about":[{"href":"https:\/\/harristweed-shop.be\/fr\/wp-json\/wp\/v2\/types\/product"}],"wp:featuredmedia":[{"embeddable":true,"href":"https:\/\/harristweed-shop.be\/fr\/wp-json\/wp\/v2\/media\/533227"}],"wp:attachment":[{"href":"https:\/\/harristweed-shop.be\/fr\/wp-json\/wp\/v2\/media?parent=533226"}],"wp:term":[{"taxonomy":"product_brand","embeddable":true,"href":"https:\/\/harristweed-shop.be\/fr\/wp-json\/wp\/v2\/product_brand?post=533226"},{"taxonomy":"product_cat","embeddable":true,"href":"https:\/\/harristweed-shop.be\/fr\/wp-json\/wp\/v2\/product_cat?post=533226"},{"taxonomy":"product_tag","embeddable":true,"href":"https:\/\/harristweed-shop.be\/fr\/wp-json\/wp\/v2\/product_tag?post=533226"}],"curies":[{"name":"wp","href":"https:\/\/api.w.org\/{rel}","templated":true}]}}