{"id":533146,"date":"2024-09-25T11:32:27","date_gmt":"2024-09-25T11:32:27","guid":{"rendered":"https:\/\/harristweed-shop.be\/product\/barbour-essential-patch-half-zip-knitted-jumper-pearl\/"},"modified":"2026-04-08T08:41:22","modified_gmt":"2026-04-08T08:41:22","slug":"barbour-essential-patch-half-zip-knitted-jumper-pearl","status":"publish","type":"product","link":"https:\/\/harristweed-shop.be\/fr\/produit\/pull-tricote-barbour-essential-patch-a-demi-zip-perle\/","title":{"rendered":"Pull tricot\u00e9 Barbour Essential Patch demi-zipp\u00e9 Pearl"},"content":{"rendered":"<p>Confectionn\u00e9 en laine 100%, ce sweat-shirt Barbour arbore des coudi\u00e8res en cuir, clin d&#039;\u0153il \u00e0 la vie \u00e0 la campagne. Son col chemin\u00e9e boutonn\u00e9 et ses manches longues le rendent id\u00e9al pour rester bien au chaud.<\/p>\n<p>Ext\u00e9rieur : Laine 100%<br \/>\nGarniture : Polyester 100%<br \/>\nGarniture : Cuir 100%<br \/>\n100% M\u00e9rinos 7GG<br \/>\n\u00c9tiquette en cuir beige Barbour sur l&#039;ourlet gauche du porteur<br \/>\nLongueur du dos : 67 cm \u2013 73 cm<br \/>\nLavage \u00e0 la main \u00e0 30\u00b0C<\/p>","protected":false},"excerpt":{"rendered":"<p>Pull tricot\u00e9 Barbour Essential Patch demi-zip Pearl.<\/p>\n<p>Confectionn\u00e9 en laine 100%, ce sweat-shirt Barbour est dot\u00e9 de coudi\u00e8res en cuir pour un clin d&#039;\u0153il \u00e0 la vie \u00e0 la campagne.<\/p>","protected":false},"featured_media":533147,"template":"","meta":[],"product_brand":[],"product_cat":[1107,1115,1114,486,84,442,487],"product_tag":[],"class_list":{"0":"post-533146","1":"product","2":"type-product","3":"status-publish","4":"has-post-thumbnail","6":"product_cat-barbour","7":"product_cat-barbour-heren-truien","8":"product_cat-barbour-truien","9":"product_cat-pullover-und-westen","10":"product_cat-truien-en-pullovers","11":"product_cat-wollen-truien","12":"product_cat-wollpullover","13":"pa_merk-barbour","15":"first","16":"instock","17":"taxable","18":"shipping-taxable","19":"purchasable","20":"product-type-variable"},"df_price":149.95,"df_sale_price":"","df_regular_price":149.95,"df_image_link":"https:\/\/harristweed-shop.be\/wp-content\/uploads\/2024\/09\/86a94e8c71a747d27c4297a9b80c9128_BARBOUR_ESSENTIAL_PATCH_HALF_ZIP_KNITTED_JUMPER_Pearl-225x300.jpeg","_links":{"self":[{"href":"https:\/\/harristweed-shop.be\/fr\/wp-json\/wp\/v2\/product\/533146","targetHints":{"allow":["GET"]}}],"collection":[{"href":"https:\/\/harristweed-shop.be\/fr\/wp-json\/wp\/v2\/product"}],"about":[{"href":"https:\/\/harristweed-shop.be\/fr\/wp-json\/wp\/v2\/types\/product"}],"wp:featuredmedia":[{"embeddable":true,"href":"https:\/\/harristweed-shop.be\/fr\/wp-json\/wp\/v2\/media\/533147"}],"wp:attachment":[{"href":"https:\/\/harristweed-shop.be\/fr\/wp-json\/wp\/v2\/media?parent=533146"}],"wp:term":[{"taxonomy":"product_brand","embeddable":true,"href":"https:\/\/harristweed-shop.be\/fr\/wp-json\/wp\/v2\/product_brand?post=533146"},{"taxonomy":"product_cat","embeddable":true,"href":"https:\/\/harristweed-shop.be\/fr\/wp-json\/wp\/v2\/product_cat?post=533146"},{"taxonomy":"product_tag","embeddable":true,"href":"https:\/\/harristweed-shop.be\/fr\/wp-json\/wp\/v2\/product_tag?post=533146"}],"curies":[{"name":"wp","href":"https:\/\/api.w.org\/{rel}","templated":true}]}}