{"id":533144,"date":"2024-09-25T11:27:30","date_gmt":"2024-09-25T11:27:30","guid":{"rendered":"https:\/\/harristweed-shop.be\/product\/barbour-fortrose-tailored-tartan-shirt-forest-mist\/"},"modified":"2026-04-08T08:41:22","modified_gmt":"2026-04-08T08:41:22","slug":"barbour-fortrose-tailored-tartan-shirt-forest-mist","status":"publish","type":"product","link":"https:\/\/harristweed-shop.be\/fr\/produit\/chemise-tartan-sur-mesure-barbour-fortrose-brume-forestiere\/","title":{"rendered":"Chemise \u00e9cossaise ajust\u00e9e Barbour Fortrose Forest Mist"},"content":{"rendered":"<p>Id\u00e9ale pour la vie \u00e0 la campagne, la chemise Barbour Fortrose est un choix haut de gamme pour homme. Confectionn\u00e9e en coton 100%, son motif \u00e0 carreaux int\u00e9gral lui conf\u00e8re une allure \u00e9l\u00e9gante, tandis que sa finition bross\u00e9e est douce et luxueuse.<\/p>\n<p>Coton 100%<br \/>\nTissu simple des ann\u00e9es 30. Armure serg\u00e9e. Finition bross\u00e9e.<br \/>\n\u00c9tiquette de marque Barbour et Shield positionn\u00e9e en haut \u00e0 gauche de la poche poitrine du porteur.<br \/>\nLongueur du dos : 76 \u2013 84 cm<br \/>\nLavage en machine \u00e0 30\u00b0C<\/p>","protected":false},"excerpt":{"rendered":"<p>Chemise tartan sur mesure Barbour Fortrose Forest Mist.<\/p>\n<p>Fabriqu\u00e9 en coton 100%, le motif \u00e0 carreaux int\u00e9gral de ce v\u00eatement offre un attrait \u00e9l\u00e9gant tandis que la finition bross\u00e9e est douce et offre une sensation luxueuse.<\/p>","protected":false},"featured_media":538903,"template":"","meta":[],"product_brand":[],"product_cat":[1107,1111,1110,86,506],"product_tag":[],"class_list":{"0":"post-533144","1":"product","2":"type-product","3":"status-publish","4":"has-post-thumbnail","6":"product_cat-barbour","7":"product_cat-barbour-heren-shirts","8":"product_cat-barbour-shirts","9":"product_cat-shirts-en-overhemden","10":"product_cat-shirts-und-hemden","11":"pa_merk-barbour","13":"first","14":"instock","15":"taxable","16":"shipping-taxable","17":"purchasable","18":"product-type-variable"},"df_price":99.95,"df_sale_price":"","df_regular_price":99.95,"df_image_link":"https:\/\/harristweed-shop.be\/wp-content\/uploads\/2024\/09\/f1e7df0962c5cbf451eef763895fd9c8_BARBOUR_FORTROSE_TAILORED_TARTAN_SHIRT_Forest_Mist_1-225x300.jpeg","_links":{"self":[{"href":"https:\/\/harristweed-shop.be\/fr\/wp-json\/wp\/v2\/product\/533144","targetHints":{"allow":["GET"]}}],"collection":[{"href":"https:\/\/harristweed-shop.be\/fr\/wp-json\/wp\/v2\/product"}],"about":[{"href":"https:\/\/harristweed-shop.be\/fr\/wp-json\/wp\/v2\/types\/product"}],"wp:featuredmedia":[{"embeddable":true,"href":"https:\/\/harristweed-shop.be\/fr\/wp-json\/wp\/v2\/media\/538903"}],"wp:attachment":[{"href":"https:\/\/harristweed-shop.be\/fr\/wp-json\/wp\/v2\/media?parent=533144"}],"wp:term":[{"taxonomy":"product_brand","embeddable":true,"href":"https:\/\/harristweed-shop.be\/fr\/wp-json\/wp\/v2\/product_brand?post=533144"},{"taxonomy":"product_cat","embeddable":true,"href":"https:\/\/harristweed-shop.be\/fr\/wp-json\/wp\/v2\/product_cat?post=533144"},{"taxonomy":"product_tag","embeddable":true,"href":"https:\/\/harristweed-shop.be\/fr\/wp-json\/wp\/v2\/product_tag?post=533144"}],"curies":[{"name":"wp","href":"https:\/\/api.w.org\/{rel}","templated":true}]}}