{"id":526,"date":"2019-10-24T10:35:02","date_gmt":"2019-10-24T10:35:02","guid":{"rendered":"https:\/\/harristweed-shop.be\/?post_type=product&#038;p=526"},"modified":"2023-10-27T14:02:20","modified_gmt":"2023-10-27T14:02:20","slug":"regenjas","status":"publish","type":"product","link":"https:\/\/harristweed-shop.be\/fr\/produit\/impermeable\/","title":{"rendered":"Imperm\u00e9able Wellington"},"content":{"rendered":"<p><img decoding=\"async\" class=\"alignnone size-full wp-image-504\" src=\"https:\/\/harristweed-shop.be\/wp-content\/uploads\/2019\/10\/Schermafbeelding-2019-10-24-om-11.03.27.png\" alt=\"\" width=\"215\" height=\"95\" \/><\/p>","protected":false},"excerpt":{"rendered":"<p>Imperm\u00e9able classique \u00e0 manches mont\u00e9es en sable fonc\u00e9.<\/p>\n<p>Collier en cuir amovible<\/p>\n<p>2 poches int\u00e9rieures avec fermeture \u00e9clair<\/p>\n<p>Poches lat\u00e9rales confortables et fente arri\u00e8re<\/p>\n<p>Doublure amovible en laine, carreaux Wellington<\/p>\n<p><img decoding=\"async\" class=\"alignnone size-full wp-image-504\" src=\"https:\/\/harristweed-shop.be\/wp-content\/uploads\/2019\/10\/Schermafbeelding-2019-10-24-om-11.03.27.png\" alt=\"\" width=\"215\" height=\"95\" \/><\/p>\n<p>&nbsp;<\/p>","protected":false},"featured_media":528,"template":"","meta":[],"product_brand":[],"product_cat":[87],"product_tag":[93,95,96,92,94,97],"class_list":{"0":"post-526","1":"product","2":"type-product","3":"status-publish","4":"has-post-thumbnail","6":"product_cat-jassen-en-jacks","7":"product_tag-regen-jas","8":"product_tag-regen-mantel","9":"product_tag-regen-mantel-wellington","10":"product_tag-regenjas","11":"product_tag-wellington-regen-jas","12":"product_tag-wellington-regenjas","13":"pa_merk-wellington","15":"first","16":"outofstock","17":"taxable","18":"shipping-taxable","19":"product-type-variable"},"df_price":"","df_sale_price":"","df_regular_price":"","df_image_link":"https:\/\/harristweed-shop.be\/wp-content\/uploads\/2019\/10\/Finchester_160222_0319-e1571923660805-200x300.jpg","_links":{"self":[{"href":"https:\/\/harristweed-shop.be\/fr\/wp-json\/wp\/v2\/product\/526","targetHints":{"allow":["GET"]}}],"collection":[{"href":"https:\/\/harristweed-shop.be\/fr\/wp-json\/wp\/v2\/product"}],"about":[{"href":"https:\/\/harristweed-shop.be\/fr\/wp-json\/wp\/v2\/types\/product"}],"wp:featuredmedia":[{"embeddable":true,"href":"https:\/\/harristweed-shop.be\/fr\/wp-json\/wp\/v2\/media\/528"}],"wp:attachment":[{"href":"https:\/\/harristweed-shop.be\/fr\/wp-json\/wp\/v2\/media?parent=526"}],"wp:term":[{"taxonomy":"product_brand","embeddable":true,"href":"https:\/\/harristweed-shop.be\/fr\/wp-json\/wp\/v2\/product_brand?post=526"},{"taxonomy":"product_cat","embeddable":true,"href":"https:\/\/harristweed-shop.be\/fr\/wp-json\/wp\/v2\/product_cat?post=526"},{"taxonomy":"product_tag","embeddable":true,"href":"https:\/\/harristweed-shop.be\/fr\/wp-json\/wp\/v2\/product_tag?post=526"}],"curies":[{"name":"wp","href":"https:\/\/api.w.org\/{rel}","templated":true}]}}