{"id":5247,"date":"2020-10-08T11:42:30","date_gmt":"2020-10-08T11:42:30","guid":{"rendered":"https:\/\/harristweed-shop.be\/?post_type=product&#038;p=5247"},"modified":"2023-10-26T13:54:22","modified_gmt":"2023-10-26T13:54:22","slug":"slater-t-shirt-stretch-v-hals-2-pack-wit-navy-zwart","status":"publish","type":"product","link":"https:\/\/harristweed-shop.be\/fr\/produit\/lot-de-2-t-shirts-slater-extensibles-a-col-en-v-blanc-marine-et-noir\/","title":{"rendered":"T-shirt extensible col V Slater, lot de 2, blanc\/bleu marine\/noir"},"content":{"rendered":"<p>Les t-shirts extensibles Slater sont parmi nos pr\u00e9f\u00e9r\u00e9s. Ils sont incroyablement doux gr\u00e2ce au lavage, ultra confortables gr\u00e2ce \u00e0 leur longueur suppl\u00e9mentaire et pr\u00e9sentent une belle coupe ajust\u00e9e. Ce tissu extensible est \u00e9galement disponible avec un col V profond pour un look \u00ab\u00a0invisible\u00a0\u00bb en blanc et noir, du S au XXL.<br \/>\nPaquet : Paquet de 2<br \/>\nQualit\u00e9 : 95% coton 5% \u00e9lasthanne<br \/>\nCoupe : extensible<br \/>\nCol : Col en V<br \/>\nCouleurs disponibles : Blanc, Noir, Bleu Marine<\/p>\n<p><img fetchpriority=\"high\" decoding=\"async\" class=\"alignnone wp-image-5114 size-full\" src=\"https:\/\/harristweed-shop.be\/wp-content\/uploads\/2020\/10\/Schermafbeelding-2019-10-23-om-17.43.06.png\" alt=\"\" width=\"842\" height=\"339\" \/><\/p>\n<p><img decoding=\"async\" class=\"alignnone size-full wp-image-5110\" src=\"https:\/\/harristweed-shop.be\/wp-content\/uploads\/2020\/10\/Schermafbeelding-2019-10-23-om-16.46.19.png\" alt=\"\" width=\"249\" height=\"88\" \/><\/p>","protected":false},"excerpt":{"rendered":"<p>De Slater stretch T-shirts horen bij 1 van de favorieten. De T-shirts voelen heel zacht aan door de wassing, zijn super comfortabel door de extra lengte en hebben een mooie strakke pasvorm. Deze stretch kwaliteit is ook verkrijgbaar met een diepe V-hals voor de \u2018invisible look\u2019 in het wit en zwart van S t\/m XXL. [&hellip;]<\/p>\n","protected":false},"featured_media":0,"template":"","meta":[],"product_brand":[],"product_cat":[336],"product_tag":[],"class_list":{"0":"post-5247","1":"product","2":"type-product","3":"status-publish","5":"product_cat-t-shirts-en-ondergoed","6":"pa_merk-slater","8":"first","9":"outofstock","10":"taxable","11":"shipping-taxable","12":"product-type-variable"},"df_price":"","df_sale_price":"","df_regular_price":"","df_image_link":"https:\/\/harristweed-shop.be\/wp-content\/uploads\/woocommerce-placeholder-300x300.png","_links":{"self":[{"href":"https:\/\/harristweed-shop.be\/fr\/wp-json\/wp\/v2\/product\/5247","targetHints":{"allow":["GET"]}}],"collection":[{"href":"https:\/\/harristweed-shop.be\/fr\/wp-json\/wp\/v2\/product"}],"about":[{"href":"https:\/\/harristweed-shop.be\/fr\/wp-json\/wp\/v2\/types\/product"}],"wp:attachment":[{"href":"https:\/\/harristweed-shop.be\/fr\/wp-json\/wp\/v2\/media?parent=5247"}],"wp:term":[{"taxonomy":"product_brand","embeddable":true,"href":"https:\/\/harristweed-shop.be\/fr\/wp-json\/wp\/v2\/product_brand?post=5247"},{"taxonomy":"product_cat","embeddable":true,"href":"https:\/\/harristweed-shop.be\/fr\/wp-json\/wp\/v2\/product_cat?post=5247"},{"taxonomy":"product_tag","embeddable":true,"href":"https:\/\/harristweed-shop.be\/fr\/wp-json\/wp\/v2\/product_tag?post=5247"}],"curies":[{"name":"wp","href":"https:\/\/api.w.org\/{rel}","templated":true}]}}