{"id":5196,"date":"2020-10-08T09:13:48","date_gmt":"2020-10-08T09:13:48","guid":{"rendered":"https:\/\/harristweed-shop.be\/?post_type=product&#038;p=5196"},"modified":"2023-10-26T13:56:54","modified_gmt":"2023-10-26T13:56:54","slug":"harris-tweed-dames-jasje-631","status":"publish","type":"product","link":"https:\/\/harristweed-shop.be\/fr\/produit\/veste-femme-en-tweed-harris-631\/","title":{"rendered":"Veste femme en tweed Harris 631"},"content":{"rendered":"<p><img fetchpriority=\"high\" decoding=\"async\" class=\"alignnone size-full wp-image-495\" src=\"https:\/\/harristweed-shop.be\/wp-content\/uploads\/2019\/10\/images.png\" alt=\"\" width=\"314\" height=\"161\" srcset=\"https:\/\/harristweed-shop.be\/wp-content\/uploads\/2019\/10\/images.png 314w, https:\/\/harristweed-shop.be\/wp-content\/uploads\/2019\/10\/images-262x134.png 262w, https:\/\/harristweed-shop.be\/wp-content\/uploads\/2019\/10\/images-300x154.png 300w\" sizes=\"(max-width: 314px) 100vw, 314px\" \/> <img decoding=\"async\" class=\"alignnone size-full wp-image-504\" src=\"https:\/\/harristweed-shop.be\/wp-content\/uploads\/2019\/10\/Schermafbeelding-2019-10-24-om-11.03.27.png\" alt=\"\" width=\"215\" height=\"95\" \/><\/p>\n<p><img decoding=\"async\" class=\"alignnone size-full wp-image-496\" src=\"https:\/\/harristweed-shop.be\/wp-content\/uploads\/2019\/10\/image.png\" alt=\"\" width=\"420\" height=\"180\" srcset=\"https:\/\/harristweed-shop.be\/wp-content\/uploads\/2019\/10\/image.png 420w, https:\/\/harristweed-shop.be\/wp-content\/uploads\/2019\/10\/image-262x112.png 262w, https:\/\/harristweed-shop.be\/wp-content\/uploads\/2019\/10\/image-300x129.png 300w\" sizes=\"(max-width: 420px) 100vw, 420px\" \/><\/p>\n<p>\u00ab L&#039;un des meilleurs tweeds au monde \u00bb<\/p>\n<p>La veste sportive en Harris Tweed aux couleurs caract\u00e9ristiques des H\u00e9brides \u00e9cossaises, confectionn\u00e9e en pure laine de mouton. Sportive et indestructible, le Harris Tweed est tiss\u00e9 \u00e0 la main en \u00c9cosse. Un incontournable pour les femmes.<\/p>\n<p>&nbsp;<\/p>","protected":false},"excerpt":{"rendered":"<p>Magnifique veste femme en tweed Harris \u00e0 chevrons et carreaux. Chevrons verts et bleus avec carreaux couleur rouille.<\/p>\n<p>Magnifiquement confectionn\u00e9 dans une coupe moderne, avec des poches \u00e0 rabat et une fermeture \u00e0 trois boutons. Deux fentes lat\u00e9rales.<\/p>","protected":false},"featured_media":0,"template":"","meta":[],"product_brand":[],"product_cat":[353,15],"product_tag":[90,355,91,89,357,356],"class_list":{"0":"post-5196","1":"product","2":"type-product","3":"status-publish","5":"product_cat-harris-tweed-dames-jasjes","6":"product_cat-harris-tweed-colberts","7":"product_tag-harris-tweed-colbert","8":"product_tag-harris-tweed-dames-blazer","9":"product_tag-harris-tweed-jacket","10":"product_tag-harris-tweed-jasje","11":"product_tag-tweed-dames-blazer","12":"product_tag-tweed-dames-colbert","13":"pa_merk-harristweed","14":"pa_merk-wellington","16":"first","17":"outofstock","18":"taxable","19":"shipping-taxable","20":"product-type-variable"},"df_price":"","df_sale_price":"","df_regular_price":"","df_image_link":"https:\/\/harristweed-shop.be\/wp-content\/uploads\/woocommerce-placeholder-300x300.png","_links":{"self":[{"href":"https:\/\/harristweed-shop.be\/fr\/wp-json\/wp\/v2\/product\/5196","targetHints":{"allow":["GET"]}}],"collection":[{"href":"https:\/\/harristweed-shop.be\/fr\/wp-json\/wp\/v2\/product"}],"about":[{"href":"https:\/\/harristweed-shop.be\/fr\/wp-json\/wp\/v2\/types\/product"}],"wp:attachment":[{"href":"https:\/\/harristweed-shop.be\/fr\/wp-json\/wp\/v2\/media?parent=5196"}],"wp:term":[{"taxonomy":"product_brand","embeddable":true,"href":"https:\/\/harristweed-shop.be\/fr\/wp-json\/wp\/v2\/product_brand?post=5196"},{"taxonomy":"product_cat","embeddable":true,"href":"https:\/\/harristweed-shop.be\/fr\/wp-json\/wp\/v2\/product_cat?post=5196"},{"taxonomy":"product_tag","embeddable":true,"href":"https:\/\/harristweed-shop.be\/fr\/wp-json\/wp\/v2\/product_tag?post=5196"}],"curies":[{"name":"wp","href":"https:\/\/api.w.org\/{rel}","templated":true}]}}