{"id":5165,"date":"2020-10-06T12:06:10","date_gmt":"2020-10-06T12:06:10","guid":{"rendered":"https:\/\/harristweed-shop.be\/?post_type=product&#038;p=5165"},"modified":"2023-10-26T14:00:12","modified_gmt":"2023-10-26T14:00:12","slug":"t-shirt-body-fit-ronde-hals-wit","status":"publish","type":"product","link":"https:\/\/harristweed-shop.be\/fr\/produit\/t-shirt-blanc-moulant-a-col-rond\/","title":{"rendered":"T-shirt Slater coupe ajust\u00e9e col rond blanc"},"content":{"rendered":"<p>T-shirt ajust\u00e9 en fine maille c\u00f4tel\u00e9e. Cette maille c\u00f4tel\u00e9e offre un confort optimal et une excellente portabilit\u00e9.<\/p>\n<p>Paquet : 1 paquet<br \/>\nQualit\u00e9 : coton 100%<br \/>\nCoupe : Coupe ajust\u00e9e<br \/>\nCol : Rond<br \/>\nCouleurs : Blanc<\/p>\n<p><img fetchpriority=\"high\" decoding=\"async\" class=\"alignnone wp-image-5166 size-large\" src=\"https:\/\/harristweed-shop.be\/wp-content\/uploads\/2020\/10\/Schermafbeelding-2020-10-06-om-14.07.29-1024x382.png\" alt=\"\" width=\"980\" height=\"366\" \/><img decoding=\"async\" class=\"alignnone size-full wp-image-5110\" src=\"https:\/\/harristweed-shop.be\/wp-content\/uploads\/2020\/10\/Schermafbeelding-2019-10-23-om-16.46.19.png\" alt=\"\" width=\"249\" height=\"88\" \/><\/p>\n<p>&nbsp;<\/p>\n<p>&nbsp;<\/p>","protected":false},"excerpt":{"rendered":"<p>Aansluitend T-shirt in een fijne rib kwaliteit. Door deze rib kwaliteit voelt het T-shirt extra prettig aan en zit het heel comfortabel. Pack: 1-Pack Kwaliteit: 100% katoen Fit: Body Fit Hals: Rond Kleuren: Wit &nbsp; &nbsp;<\/p>","protected":false},"featured_media":0,"template":"","meta":[],"product_brand":[],"product_cat":[336],"product_tag":[342],"class_list":{"0":"post-5165","1":"product","2":"type-product","3":"status-publish","5":"product_cat-t-shirts-en-ondergoed","6":"product_tag-t-shirt","7":"pa_merk-slater","9":"first","10":"outofstock","11":"taxable","12":"shipping-taxable","13":"product-type-variable"},"df_price":"","df_sale_price":"","df_regular_price":"","df_image_link":"https:\/\/harristweed-shop.be\/wp-content\/uploads\/woocommerce-placeholder-300x300.png","_links":{"self":[{"href":"https:\/\/harristweed-shop.be\/fr\/wp-json\/wp\/v2\/product\/5165","targetHints":{"allow":["GET"]}}],"collection":[{"href":"https:\/\/harristweed-shop.be\/fr\/wp-json\/wp\/v2\/product"}],"about":[{"href":"https:\/\/harristweed-shop.be\/fr\/wp-json\/wp\/v2\/types\/product"}],"wp:attachment":[{"href":"https:\/\/harristweed-shop.be\/fr\/wp-json\/wp\/v2\/media?parent=5165"}],"wp:term":[{"taxonomy":"product_brand","embeddable":true,"href":"https:\/\/harristweed-shop.be\/fr\/wp-json\/wp\/v2\/product_brand?post=5165"},{"taxonomy":"product_cat","embeddable":true,"href":"https:\/\/harristweed-shop.be\/fr\/wp-json\/wp\/v2\/product_cat?post=5165"},{"taxonomy":"product_tag","embeddable":true,"href":"https:\/\/harristweed-shop.be\/fr\/wp-json\/wp\/v2\/product_tag?post=5165"}],"curies":[{"name":"wp","href":"https:\/\/api.w.org\/{rel}","templated":true}]}}