{"id":505633,"date":"2024-08-10T09:42:30","date_gmt":"2024-08-10T09:42:30","guid":{"rendered":"https:\/\/harristweed-shop.be\/product\/wellington-dames-waxcoat-oliv\/"},"modified":"2026-04-08T09:10:30","modified_gmt":"2026-04-08T09:10:30","slug":"wellington-dames-waxcoat-oliv","status":"publish","type":"product","link":"https:\/\/harristweed-shop.be\/fr\/produit\/manteau-cire-pour-femme-wellington-olive\/","title":{"rendered":"Manteau cir\u00e9 Queensberg pour femme, couleur olive"},"content":{"rendered":"<p>L&#039;authentique veste cir\u00e9e \u201c Queensberg \u201d, fabriqu\u00e9e en Angleterre, offre une coupe confortable et d\u00e9contract\u00e9e et allie des \u00e9l\u00e9ments de style classiques. Confectionn\u00e9e en coton cir\u00e9 haut de gamme avec une finition vieillie et une patine unique, elle pr\u00e9sente des d\u00e9tails distinctifs tels qu&#039;un col en velours c\u00f4tel\u00e9 doux, une fermeture \u00e9clair robuste en laiton \u00e0 double sens, des poches plaqu\u00e9es et des poches chauffe-mains pratiques. Les impressions m\u00e9talliques personnalis\u00e9es et les finitions en velours c\u00f4tel\u00e9 aux poignets t\u00e9moignent d&#039;un souci du d\u00e9tail exceptionnel. Cette veste robuste et imperm\u00e9able, devenue culte, est le compagnon id\u00e9al pour les activit\u00e9s de plein air et un accessoire de mode incontournable pour les adeptes du style britannique.<\/p>\n<p>\u2013 Col en velours c\u00f4tel\u00e9<br \/>\u2013 Une poche int\u00e9rieure refermable<br \/>\u2013 Poches lat\u00e9rales<br \/>\u2013 Poignets en velours c\u00f4tel\u00e9<br \/>\u2013 Fermeture \u00e9clair robuste en laiton \u00e0 double curseur<br \/>\u2013 Doublure matelass\u00e9e chaude<br \/>\u2013 Hydrofuge<br \/>\u2013 Deux poches plaqu\u00e9es<\/p>\n<p>Mensurations du mannequin\u00a0: Le mannequin mesure 176\u00a0cm et porte une taille\u00a038 sur la photo.<br \/>Coupe : Confortable et droite.<br \/>Dimensions du produit\u00a0: Pour la taille 38, les mesures sont\u00a0: tour de poitrine\u00a0: 56\u00a0cm \u2013 tour de taille\u00a0: 57\u00a0cm \u2013 longueur des manches (depuis l\u2019ourlet)\u00a0: 62\u00a0cm \u2013 longueur dos\u00a0: 75\u00a0cm<\/p>\n<p>Tissu ext\u00e9rieur : cuir 100%<br \/>Doublure : polyester 100%<br \/>Doublure des manches : polyester 100%<\/p>","protected":false},"excerpt":{"rendered":"<p>Manteau cir\u00e9 Queensberg pour femme, couleur olive, taille 30.<\/p>\n<p>L&#039;authentique veste cir\u00e9e \u201c Queensberg \u201d, fabriqu\u00e9e en Angleterre, offre une coupe confortable et d\u00e9contract\u00e9e et allie des \u00e9l\u00e9ments de style classiques. Confectionn\u00e9e en coton cir\u00e9 de haute qualit\u00e9 avec une finition antique et une patine unique, cette veste est un incontournable.<\/p>","protected":false},"featured_media":505644,"template":"","meta":[],"product_brand":[],"product_cat":[481,87,482,483,1026],"product_tag":[],"class_list":{"0":"post-505633","1":"product","2":"type-product","3":"status-publish","4":"has-post-thumbnail","6":"product_cat-dames-jassen-en-jacks","7":"product_cat-jassen-en-jacks","8":"product_cat-mantel-und-jacken","9":"product_cat-mantel-und-jacken-fur-damen","10":"product_cat-wax-jackets","11":"pa_merk-wellington","13":"first","14":"instock","15":"taxable","16":"shipping-taxable","17":"purchasable","18":"product-type-variable"},"df_price":249.95,"df_sale_price":"","df_regular_price":249.95,"df_image_link":"https:\/\/harristweed-shop.be\/wp-content\/uploads\/2024\/08\/1d62ff6684f9df954dfa25dcd28b329a_Wellington__Dames_Waxcoat_Oliv-225x300.jpeg","_links":{"self":[{"href":"https:\/\/harristweed-shop.be\/fr\/wp-json\/wp\/v2\/product\/505633","targetHints":{"allow":["GET"]}}],"collection":[{"href":"https:\/\/harristweed-shop.be\/fr\/wp-json\/wp\/v2\/product"}],"about":[{"href":"https:\/\/harristweed-shop.be\/fr\/wp-json\/wp\/v2\/types\/product"}],"wp:featuredmedia":[{"embeddable":true,"href":"https:\/\/harristweed-shop.be\/fr\/wp-json\/wp\/v2\/media\/505644"}],"wp:attachment":[{"href":"https:\/\/harristweed-shop.be\/fr\/wp-json\/wp\/v2\/media?parent=505633"}],"wp:term":[{"taxonomy":"product_brand","embeddable":true,"href":"https:\/\/harristweed-shop.be\/fr\/wp-json\/wp\/v2\/product_brand?post=505633"},{"taxonomy":"product_cat","embeddable":true,"href":"https:\/\/harristweed-shop.be\/fr\/wp-json\/wp\/v2\/product_cat?post=505633"},{"taxonomy":"product_tag","embeddable":true,"href":"https:\/\/harristweed-shop.be\/fr\/wp-json\/wp\/v2\/product_tag?post=505633"}],"curies":[{"name":"wp","href":"https:\/\/api.w.org\/{rel}","templated":true}]}}