{"id":504551,"date":"2024-08-10T08:04:00","date_gmt":"2024-08-10T08:04:00","guid":{"rendered":"https:\/\/harristweed-shop.be\/product\/tweed-jacket-kirsty-fuchsia\/"},"modified":"2026-05-05T04:48:06","modified_gmt":"2026-05-05T04:48:06","slug":"tweed-jacket-kirsty-fuchsia","status":"publish","type":"product","link":"https:\/\/harristweed-shop.be\/fr\/produit\/veste-en-tweed-kirsty-fuchsia\/","title":{"rendered":"Veste en tweed Kirsty Fuchsia"},"content":{"rendered":"<p>Le manteau Kirsty est l\u2019un de nos pr\u00e9f\u00e9r\u00e9s.<\/p>\n<p>Ce manteau mi-long pr\u00e9sente un devant boutonn\u00e9 et un col montant de style militaire qui ajoute des d\u00e9tails \u00e0 ce superbe manteau.<\/p>\n<p>Fabriqu\u00e9 en pure laine Yorkshire 100%<\/p>\n<p>Composition : laine 100%<\/p>","protected":false},"excerpt":{"rendered":"<p>The Kirsty coat is one of our favourites. This Mid-length coat features a button front and a stand-up military-style collar add detail to this stunning coat. Made from 100% Pure Yorkshire wool Composition:100% Wool<\/p>","protected":false},"featured_media":504562,"template":"","meta":[],"product_brand":[],"product_cat":[592,353,15,478,1086],"product_tag":[],"class_list":{"0":"post-504551","1":"product","2":"type-product","3":"status-publish","4":"has-post-thumbnail","6":"product_cat-harris-tweed-blazer-fur-damen","7":"product_cat-harris-tweed-dames-jasjes","8":"product_cat-harris-tweed-colberts","9":"product_cat-tweed-sakkos","10":"product_cat-yorkshire-tweed-dames-jasjes","11":"pa_merk-dukes-forest","13":"first","14":"instock","15":"taxable","16":"shipping-taxable","17":"purchasable","18":"product-type-variable"},"df_price":398.95,"df_sale_price":"","df_regular_price":398.95,"df_image_link":"https:\/\/harristweed-shop.be\/wp-content\/uploads\/2024\/08\/e9224db687c29105ae905cd9313d3dfc_Tweed_Jacket_Kirsty_Fuchsia-225x300.jpeg","_links":{"self":[{"href":"https:\/\/harristweed-shop.be\/fr\/wp-json\/wp\/v2\/product\/504551","targetHints":{"allow":["GET"]}}],"collection":[{"href":"https:\/\/harristweed-shop.be\/fr\/wp-json\/wp\/v2\/product"}],"about":[{"href":"https:\/\/harristweed-shop.be\/fr\/wp-json\/wp\/v2\/types\/product"}],"wp:featuredmedia":[{"embeddable":true,"href":"https:\/\/harristweed-shop.be\/fr\/wp-json\/wp\/v2\/media\/504562"}],"wp:attachment":[{"href":"https:\/\/harristweed-shop.be\/fr\/wp-json\/wp\/v2\/media?parent=504551"}],"wp:term":[{"taxonomy":"product_brand","embeddable":true,"href":"https:\/\/harristweed-shop.be\/fr\/wp-json\/wp\/v2\/product_brand?post=504551"},{"taxonomy":"product_cat","embeddable":true,"href":"https:\/\/harristweed-shop.be\/fr\/wp-json\/wp\/v2\/product_cat?post=504551"},{"taxonomy":"product_tag","embeddable":true,"href":"https:\/\/harristweed-shop.be\/fr\/wp-json\/wp\/v2\/product_tag?post=504551"}],"curies":[{"name":"wp","href":"https:\/\/api.w.org\/{rel}","templated":true}]}}