{"id":504515,"date":"2024-08-10T08:03:52","date_gmt":"2024-08-10T08:03:52","guid":{"rendered":"https:\/\/harristweed-shop.be\/product\/tweed-jacket-millie-olive\/"},"modified":"2026-04-08T09:10:31","modified_gmt":"2026-04-08T09:10:31","slug":"tweed-jacket-millie-olive","status":"publish","type":"product","link":"https:\/\/harristweed-shop.be\/fr\/produit\/veste-en-tweed-millie-olive\/","title":{"rendered":"Veste en tweed Millie Olive"},"content":{"rendered":"<p>Veste Millie Tweed Olive pour femme<\/p>\n<p>Plongez dans l&#039;\u00e9l\u00e9gance avec la veste Millie en tweed pour femme, couleur olive. Cette pi\u00e8ce est un incontournable de la collection. Con\u00e7u pour allier sophistication et chaleur, le manteau Millie incarne un style classique avec une touche de modernit\u00e9.<\/p>\n<p>Fabriqu\u00e9e en pure laine Yorkshire 100%, la veste Millie vous aidera \u00e0 rester au chaud lors des journ\u00e9es plus fra\u00eeches.<\/p>\n<p>Boutonn\u00e9 sur le devant<br \/>\nPoches avant<br \/>\nCol de style militaire<br \/>\nPassepoil contrast\u00e9 au col, sur le devant et sur les poches<br \/>\nComposition : laine 100%<\/p>\n<p>Conception et fonctionnalit\u00e9s<\/p>\n<p>Le manteau Millie arbore une coupe mi-longue, alliant chaleur et style. Son boutonnage orn\u00e9 sur le devant apporte une touche d&#039;\u00e9l\u00e9gance, tandis que ses deux poches avant carr\u00e9es allient fonctionnalit\u00e9 et style. Son col montant de style militaire lui conf\u00e8re une allure \u00e9l\u00e9gante et distingu\u00e9e. De plus, des passepoils contrast\u00e9s le long du col, du devant et des poches rehaussent son design exceptionnel. Confectionn\u00e9e en pure laine Yorkshire 100%, cette veste est non seulement \u00e9l\u00e9gante, mais aussi extr\u00eamement confortable et chaude.<\/p>\n<p>Composition et confort<\/p>\n<p>Enti\u00e8rement confectionn\u00e9e en laine Yorkshire de premi\u00e8re qualit\u00e9, la veste Millie vous promet un confort optimal lors des journ\u00e9es plus fra\u00eeches. Ses fibres naturelles offrent une chaleur et une respirabilit\u00e9 in\u00e9gal\u00e9es, garantissant un confort optimal tout au long de la journ\u00e9e. Sa fabrication soign\u00e9e et son souci du d\u00e9tail en font un ajout durable \u00e0 toute garde-robe.<\/p>\n<p>Polyvalence et occasions<\/p>\n<p>Id\u00e9ale pour diverses occasions, la veste en tweed Millie pour femme brillera lors d&#039;\u00e9v\u00e9nements comme les courses de Cheltenham ou d&#039;une sortie d\u00e9contract\u00e9e entre amis. Sa palette de rose lui conf\u00e8re une grande polyvalence et s&#039;accorde facilement avec toutes vos tenues. Que vous vous habilliez pour un \u00e9v\u00e9nement sp\u00e9cial ou que vous recherchiez une couche \u00e9l\u00e9gante pour une journ\u00e9e fra\u00eeche, la veste Millie est parfaite.<\/p>\n<p>En r\u00e9sum\u00e9, la veste Millie Tweed pour femme est un chef-d&#039;\u0153uvre de savoir-faire et de style. Son design \u00e9l\u00e9gant, associ\u00e9 \u00e0 la chaleur de la pure laine, en fait une pi\u00e8ce incontournable pour les amateurs de mode intemporelle.<\/p>\n<p>Id\u00e9ale pour de nombreuses occasions, cette veste est un incontournable pour tous ceux qui cherchent \u00e0 ajouter une touche de classe \u00e0 leur collection de v\u00eatements d&#039;ext\u00e9rieur.<\/p>","protected":false},"excerpt":{"rendered":"<p>Ladies Millie Tweed Jacket Olive Dive into elegance with the Ladies Millie Tweed Jacket in Olive. This piece stands out as a favourite in the collection. Tailored for sophistication and warmth, the Millie coat embodies classic style with modern flair. Made from 100% Pure Yorkshire wool, The Millie Jacket, will help keep you warm on [&hellip;]<\/p>\n","protected":false},"featured_media":540524,"template":"","meta":[],"product_brand":[],"product_cat":[592,353,15,478,1086],"product_tag":[],"class_list":{"0":"post-504515","1":"product","2":"type-product","3":"status-publish","4":"has-post-thumbnail","6":"product_cat-harris-tweed-blazer-fur-damen","7":"product_cat-harris-tweed-dames-jasjes","8":"product_cat-harris-tweed-colberts","9":"product_cat-tweed-sakkos","10":"product_cat-yorkshire-tweed-dames-jasjes","11":"pa_merk-dukes-forest","13":"first","14":"instock","15":"taxable","16":"shipping-taxable","17":"purchasable","18":"product-type-variable"},"df_price":398.95,"df_sale_price":"","df_regular_price":398.95,"df_image_link":"https:\/\/harristweed-shop.be\/wp-content\/uploads\/2024\/08\/22682dd936990ec8c6bac475110e4137_Tweed_Jacket_Millie_Olive_1-225x300.jpeg","_links":{"self":[{"href":"https:\/\/harristweed-shop.be\/fr\/wp-json\/wp\/v2\/product\/504515","targetHints":{"allow":["GET"]}}],"collection":[{"href":"https:\/\/harristweed-shop.be\/fr\/wp-json\/wp\/v2\/product"}],"about":[{"href":"https:\/\/harristweed-shop.be\/fr\/wp-json\/wp\/v2\/types\/product"}],"wp:featuredmedia":[{"embeddable":true,"href":"https:\/\/harristweed-shop.be\/fr\/wp-json\/wp\/v2\/media\/540524"}],"wp:attachment":[{"href":"https:\/\/harristweed-shop.be\/fr\/wp-json\/wp\/v2\/media?parent=504515"}],"wp:term":[{"taxonomy":"product_brand","embeddable":true,"href":"https:\/\/harristweed-shop.be\/fr\/wp-json\/wp\/v2\/product_brand?post=504515"},{"taxonomy":"product_cat","embeddable":true,"href":"https:\/\/harristweed-shop.be\/fr\/wp-json\/wp\/v2\/product_cat?post=504515"},{"taxonomy":"product_tag","embeddable":true,"href":"https:\/\/harristweed-shop.be\/fr\/wp-json\/wp\/v2\/product_tag?post=504515"}],"curies":[{"name":"wp","href":"https:\/\/api.w.org\/{rel}","templated":true}]}}