{"id":487455,"date":"2024-07-25T07:32:38","date_gmt":"2024-07-25T07:32:38","guid":{"rendered":"https:\/\/harristweed-shop.be\/product\/barbour-laven-fleece-olive\/"},"modified":"2026-04-08T09:10:31","modified_gmt":"2026-04-08T09:10:31","slug":"barbour-laven-fleece-olive","status":"publish","type":"product","link":"https:\/\/harristweed-shop.be\/fr\/produit\/polaire-barbour-laven-olive\/","title":{"rendered":"Polaire Barbour Lavenham Olive"},"content":{"rendered":"<p>Incontournable pour les promenades au grand air, la polaire Barbour Lavenham offre une veste sherpa confortable sans compromis sur le style. Avec son envers en polaire, ce mod\u00e8le est dot\u00e9 de poches en cordon et d&#039;une bordure pour des d\u00e9tails saisonniers. Port\u00e9e sous une veste ou port\u00e9e seule, la polaire Lavenham est dot\u00e9e d&#039;une fermeture \u00e9clair \u00e0 double curseur et de poches zipp\u00e9es pour un rangement pratique. Le logo Barbour sur la poche poitrine compl\u00e8te le v\u00eatement.<\/p>\n<p>Fausse fourrure ext\u00e9rieure\u00a0: 90% polyester, 10% acrylique<br \/>\nFace Sherpa avec polaire au verso<br \/>\n\u00c0 c\u00f4t\u00e9 du c\u00f4t\u00e9 gauche, poche zipp\u00e9e us\u00e9e<br \/>\nLongueur du dos : 66 cm avec une chute de 3 cm<br \/>\nLavage en machine \u00e0 30\u00b0C<\/p>","protected":false},"excerpt":{"rendered":"<p>Polaire Barbour Lavenham Olive.<\/p>\n<p>Avec de la polaire ajout\u00e9e au verso, ce style poss\u00e8de des poches en cordon et une reliure pour les d\u00e9tails saisonniers.<\/p>","protected":false},"featured_media":539706,"template":"","meta":[],"product_brand":[],"product_cat":[1107,1129,1112,481,87,482,483],"product_tag":[],"class_list":{"0":"post-487455","1":"product","2":"type-product","3":"status-publish","4":"has-post-thumbnail","6":"product_cat-barbour","7":"product_cat-barbour-dames-jassen","8":"product_cat-barbour-jassen","9":"product_cat-dames-jassen-en-jacks","10":"product_cat-jassen-en-jacks","11":"product_cat-mantel-und-jacken","12":"product_cat-mantel-und-jacken-fur-damen","13":"pa_merk-barbour","15":"first","16":"instock","17":"taxable","18":"shipping-taxable","19":"purchasable","20":"product-type-variable"},"df_price":189.95,"df_sale_price":"","df_regular_price":189.95,"df_image_link":"https:\/\/harristweed-shop.be\/wp-content\/uploads\/2024\/07\/f47e62dcf061dbf70a62e79e1722ceca_Barbour_Lavenham_Fleece_Olive-225x300.jpeg","_links":{"self":[{"href":"https:\/\/harristweed-shop.be\/fr\/wp-json\/wp\/v2\/product\/487455","targetHints":{"allow":["GET"]}}],"collection":[{"href":"https:\/\/harristweed-shop.be\/fr\/wp-json\/wp\/v2\/product"}],"about":[{"href":"https:\/\/harristweed-shop.be\/fr\/wp-json\/wp\/v2\/types\/product"}],"wp:featuredmedia":[{"embeddable":true,"href":"https:\/\/harristweed-shop.be\/fr\/wp-json\/wp\/v2\/media\/539706"}],"wp:attachment":[{"href":"https:\/\/harristweed-shop.be\/fr\/wp-json\/wp\/v2\/media?parent=487455"}],"wp:term":[{"taxonomy":"product_brand","embeddable":true,"href":"https:\/\/harristweed-shop.be\/fr\/wp-json\/wp\/v2\/product_brand?post=487455"},{"taxonomy":"product_cat","embeddable":true,"href":"https:\/\/harristweed-shop.be\/fr\/wp-json\/wp\/v2\/product_cat?post=487455"},{"taxonomy":"product_tag","embeddable":true,"href":"https:\/\/harristweed-shop.be\/fr\/wp-json\/wp\/v2\/product_tag?post=487455"}],"curies":[{"name":"wp","href":"https:\/\/api.w.org\/{rel}","templated":true}]}}