{"id":484903,"date":"2024-07-19T14:07:21","date_gmt":"2024-07-19T14:07:21","guid":{"rendered":"https:\/\/harristweed-shop.be\/product\/barbour-burne-roll-neck-navy\/"},"modified":"2026-05-05T04:48:31","modified_gmt":"2026-05-05T04:48:31","slug":"barbour-burne-roll-neck-navy","status":"publish","type":"product","link":"https:\/\/harristweed-shop.be\/fr\/produit\/col-roule-barbour-burne-bleu-marine\/","title":{"rendered":"Col roul\u00e9 Barbour Burne bleu marine"},"content":{"rendered":"<p>Le sweat-shirt Barbour Burne est confectionn\u00e9 dans un m\u00e9lange chaud de laine et de coton, avec un col roul\u00e9 et des manches longues. Son tricot torsad\u00e9 d&#039;inspiration losanges en fait une option \u00e9l\u00e9gante pour moderniser vos tenues d\u00e9contract\u00e9es.<\/p>\n<p>55% Laine, 45% Coton<br \/>\n5gg<br \/>\nBarre d&#039;identification Barbour \u00e0 l&#039;arri\u00e8re du cou<br \/>\nLongueur du dos : 64 cm<br \/>\nLavage \u00e0 la main \u00e0 30\u00b0C<\/p>","protected":false},"excerpt":{"rendered":"<p>Col roul\u00e9 Barbour Burne bleu marine. <\/p>\n<p>Il est agr\u00e9ment\u00e9 d&#039;un tricot torsad\u00e9 inspir\u00e9 du motif argyle, ce qui en fait une option \u00e9l\u00e9gante pour mettre \u00e0 jour les looks d\u00e9contract\u00e9s.<\/p>","protected":false},"featured_media":484913,"template":"","meta":[],"product_brand":[],"product_cat":[1107,1130,1114,486,84,442,487],"product_tag":[],"class_list":{"0":"post-484903","1":"product","2":"type-product","3":"status-publish","4":"has-post-thumbnail","6":"product_cat-barbour","7":"product_cat-barbour-dames-truien","8":"product_cat-barbour-truien","9":"product_cat-pullover-und-westen","10":"product_cat-truien-en-pullovers","11":"product_cat-wollen-truien","12":"product_cat-wollpullover","13":"pa_merk-barbour","15":"first","16":"instock","17":"taxable","18":"shipping-taxable","19":"purchasable","20":"product-type-variable"},"df_price":149.95,"df_sale_price":"","df_regular_price":149.95,"df_image_link":"https:\/\/harristweed-shop.be\/wp-content\/uploads\/2024\/07\/86d3f10e67b28c4c138b35355d4dfabd_Barbour_Burne_Roll_Neck_Navy-225x300.jpeg","_links":{"self":[{"href":"https:\/\/harristweed-shop.be\/fr\/wp-json\/wp\/v2\/product\/484903","targetHints":{"allow":["GET"]}}],"collection":[{"href":"https:\/\/harristweed-shop.be\/fr\/wp-json\/wp\/v2\/product"}],"about":[{"href":"https:\/\/harristweed-shop.be\/fr\/wp-json\/wp\/v2\/types\/product"}],"wp:featuredmedia":[{"embeddable":true,"href":"https:\/\/harristweed-shop.be\/fr\/wp-json\/wp\/v2\/media\/484913"}],"wp:attachment":[{"href":"https:\/\/harristweed-shop.be\/fr\/wp-json\/wp\/v2\/media?parent=484903"}],"wp:term":[{"taxonomy":"product_brand","embeddable":true,"href":"https:\/\/harristweed-shop.be\/fr\/wp-json\/wp\/v2\/product_brand?post=484903"},{"taxonomy":"product_cat","embeddable":true,"href":"https:\/\/harristweed-shop.be\/fr\/wp-json\/wp\/v2\/product_cat?post=484903"},{"taxonomy":"product_tag","embeddable":true,"href":"https:\/\/harristweed-shop.be\/fr\/wp-json\/wp\/v2\/product_tag?post=484903"}],"curies":[{"name":"wp","href":"https:\/\/api.w.org\/{rel}","templated":true}]}}