{"id":484587,"date":"2024-07-19T13:02:34","date_gmt":"2024-07-19T13:02:34","guid":{"rendered":"https:\/\/harristweed-shop.be\/product\/barbour-wax-cap\/"},"modified":"2026-05-05T04:48:29","modified_gmt":"2026-05-05T04:48:29","slug":"barbour-wax-cap","status":"publish","type":"product","link":"https:\/\/harristweed-shop.be\/fr\/produit\/casquette-en-cire-barbour\/","title":{"rendered":"Casquette Barbour Wax Olive"},"content":{"rendered":"<p>La casquette Wax Sports est une casquette \u00e0 visi\u00e8re classique de la collection sport homme. Fabriqu\u00e9e en coton cir\u00e9 Barbour traditionnel, elle est dot\u00e9e d&#039;une doublure en tartan de coton, d&#039;une boucle en laiton et d&#039;une sangle r\u00e9glable \u00e0 l&#039;arri\u00e8re.<\/p>\n<p>Mati\u00e8re ext\u00e9rieure : coton 100% (cir\u00e9)<br \/>\nHydrofuge<br \/>\nLogo brod\u00e9 ton sur ton sur le c\u00f4t\u00e9<br \/>\nDrapeau \u00e0 logo tiss\u00e9<br \/>\nGlissi\u00e8re m\u00e9tallique avec logo imprim\u00e9<br \/>\nNettoyer uniquement avec un chiffon humide<\/p>","protected":false},"excerpt":{"rendered":"<p>La casquette Wax Sports est une casquette \u00e0 visi\u00e8re classique issue de la collection Sports Homme. Fabriqu\u00e9e en coton cir\u00e9 traditionnel Barbour, elle est dot\u00e9e d&#039;une doublure en coton tartan, d&#039;une boucle en laiton et d&#039;une sangle arri\u00e8re r\u00e9glable.<\/p>","protected":false},"featured_media":484588,"template":"","meta":[],"product_brand":[],"product_cat":[1107,1116,866,542,83,877,885,867],"product_tag":[],"class_list":{"0":"post-484587","1":"product","2":"type-product","3":"status-publish","4":"has-post-thumbnail","6":"product_cat-barbour","7":"product_cat-barbour-hoeden-petten-en-caps","8":"product_cat-hoeden-2","9":"product_cat-hute-und-caps","10":"product_cat-petten-en-caps","11":"product_cat-wachs-baseballmutze","12":"product_cat-wax-baseball-caps","13":"product_cat-wax-hoeden","14":"pa_merk-barbour","16":"first","17":"instock","18":"taxable","19":"shipping-taxable","20":"purchasable","21":"product-type-simple"},"df_price":59.95,"df_sale_price":"","df_regular_price":59.95,"df_image_link":"https:\/\/harristweed-shop.be\/wp-content\/uploads\/2024\/07\/e161539d60ba9185758595ad4a6af7ea_Barbour_Wax_Cap-225x300.jpeg","_links":{"self":[{"href":"https:\/\/harristweed-shop.be\/fr\/wp-json\/wp\/v2\/product\/484587","targetHints":{"allow":["GET"]}}],"collection":[{"href":"https:\/\/harristweed-shop.be\/fr\/wp-json\/wp\/v2\/product"}],"about":[{"href":"https:\/\/harristweed-shop.be\/fr\/wp-json\/wp\/v2\/types\/product"}],"wp:featuredmedia":[{"embeddable":true,"href":"https:\/\/harristweed-shop.be\/fr\/wp-json\/wp\/v2\/media\/484588"}],"wp:attachment":[{"href":"https:\/\/harristweed-shop.be\/fr\/wp-json\/wp\/v2\/media?parent=484587"}],"wp:term":[{"taxonomy":"product_brand","embeddable":true,"href":"https:\/\/harristweed-shop.be\/fr\/wp-json\/wp\/v2\/product_brand?post=484587"},{"taxonomy":"product_cat","embeddable":true,"href":"https:\/\/harristweed-shop.be\/fr\/wp-json\/wp\/v2\/product_cat?post=484587"},{"taxonomy":"product_tag","embeddable":true,"href":"https:\/\/harristweed-shop.be\/fr\/wp-json\/wp\/v2\/product_tag?post=484587"}],"curies":[{"name":"wp","href":"https:\/\/api.w.org\/{rel}","templated":true}]}}