{"id":483893,"date":"2024-07-18T10:18:27","date_gmt":"2024-07-18T10:18:27","guid":{"rendered":"https:\/\/harristweed-shop.be\/product\/le-boucle-riem-biarritz-trio-navy-blue-green-beige\/"},"modified":"2026-04-08T09:40:28","modified_gmt":"2026-04-08T09:40:28","slug":"le-boucle-riem-biarritz-trio-navy-blue-green-beige","status":"publish","type":"product","link":"https:\/\/harristweed-shop.be\/fr\/produit\/le-boucle-ceinture-biarritz-trio-bleu-marine-vert-beige\/","title":{"rendered":"Le Boucle Ceinture Biarritz Trio Bleu Marine Vert Beige"},"content":{"rendered":"","protected":false},"excerpt":{"rendered":"<p>\u2013 Pas de trous + \u00e9lasticit\u00e9 = ajustement parfait<\/p>\n<p>\u2013 Boucle sans nickel = pas de corrosion, pas de r\u00e9actions cutan\u00e9es<\/p>\n<p>\u2013 Cuir italien tann\u00e9 v\u00e9g\u00e9tal<\/p>\n<p>\u2013 Double couture pour une r\u00e9sistance et une durabilit\u00e9 optimales<\/p>\n<p>\u2013 Emballage cadeau recycl\u00e9 personnalis\u00e9<\/p>\n<p>\u2013 1 ceinture vendue = 1 arbre plant\u00e9 <\/p>","protected":false},"featured_media":483993,"template":"","meta":[],"product_brand":[],"product_cat":[529,162],"product_tag":[],"class_list":{"0":"post-483893","1":"product","2":"type-product","3":"status-publish","4":"has-post-thumbnail","6":"product_cat-gurtel","7":"product_cat-riemen","9":"first","10":"outofstock","11":"taxable","12":"shipping-taxable","13":"product-type-variable"},"df_price":"","df_sale_price":"","df_regular_price":"","df_image_link":"https:\/\/harristweed-shop.be\/wp-content\/uploads\/2024\/07\/7f5379ff43b1065b9edab9f82c78f359_Le_Boucle_Riem_Biarritz_Trio_Navy_Blue_Green_Beige-300x300.jpeg","_links":{"self":[{"href":"https:\/\/harristweed-shop.be\/fr\/wp-json\/wp\/v2\/product\/483893","targetHints":{"allow":["GET"]}}],"collection":[{"href":"https:\/\/harristweed-shop.be\/fr\/wp-json\/wp\/v2\/product"}],"about":[{"href":"https:\/\/harristweed-shop.be\/fr\/wp-json\/wp\/v2\/types\/product"}],"wp:featuredmedia":[{"embeddable":true,"href":"https:\/\/harristweed-shop.be\/fr\/wp-json\/wp\/v2\/media\/483993"}],"wp:attachment":[{"href":"https:\/\/harristweed-shop.be\/fr\/wp-json\/wp\/v2\/media?parent=483893"}],"wp:term":[{"taxonomy":"product_brand","embeddable":true,"href":"https:\/\/harristweed-shop.be\/fr\/wp-json\/wp\/v2\/product_brand?post=483893"},{"taxonomy":"product_cat","embeddable":true,"href":"https:\/\/harristweed-shop.be\/fr\/wp-json\/wp\/v2\/product_cat?post=483893"},{"taxonomy":"product_tag","embeddable":true,"href":"https:\/\/harristweed-shop.be\/fr\/wp-json\/wp\/v2\/product_tag?post=483893"}],"curies":[{"name":"wp","href":"https:\/\/api.w.org\/{rel}","templated":true}]}}