{"id":483852,"date":"2024-07-18T10:17:56","date_gmt":"2024-07-18T10:17:56","guid":{"rendered":"https:\/\/harristweed-shop.be\/product\/le-boucle-riem-gstaad-mono-odyssey-grey\/"},"modified":"2026-05-05T04:50:35","modified_gmt":"2026-05-05T04:50:35","slug":"le-boucle-riem-gstaad-mono-odyssey-grey","status":"publish","type":"product","link":"https:\/\/harristweed-shop.be\/fr\/produit\/le-boucle-ceinture-gstaad-mono-odyssey-gris\/","title":{"rendered":"Le Boucle Ceinture Gstaad Mono Odyssey Gris"},"content":{"rendered":"","protected":false},"excerpt":{"rendered":"<p>\u2013 Pas de trous + \u00e9lasticit\u00e9 = ajustement parfait<\/p>\n<p>\u2013 Boucle sans nickel = pas de corrosion, pas de r\u00e9actions cutan\u00e9es<\/p>\n<p>\u2013 Cuir italien tann\u00e9 v\u00e9g\u00e9tal<\/p>\n<p>\u2013 Double couture pour une r\u00e9sistance et une durabilit\u00e9 optimales<\/p>\n<p>\u2013 Emballage cadeau recycl\u00e9 personnalis\u00e9<\/p>\n<p>\u2013 1 ceinture vendue = 1 arbre plant\u00e9 <\/p>","protected":false},"featured_media":483952,"template":"","meta":[],"product_brand":[],"product_cat":[529,162],"product_tag":[],"class_list":{"0":"post-483852","1":"product","2":"type-product","3":"status-publish","4":"has-post-thumbnail","6":"product_cat-gurtel","7":"product_cat-riemen","9":"first","10":"instock","11":"taxable","12":"shipping-taxable","13":"purchasable","14":"product-type-variable"},"df_price":69.95,"df_sale_price":"","df_regular_price":69.95,"df_image_link":"https:\/\/harristweed-shop.be\/wp-content\/uploads\/2024\/07\/7c78e98332f4b35df56a2d3969209d80_Le_Boucle_Riem_Gstaad_Mono_Odyssey_Grey-300x300.jpeg","_links":{"self":[{"href":"https:\/\/harristweed-shop.be\/fr\/wp-json\/wp\/v2\/product\/483852","targetHints":{"allow":["GET"]}}],"collection":[{"href":"https:\/\/harristweed-shop.be\/fr\/wp-json\/wp\/v2\/product"}],"about":[{"href":"https:\/\/harristweed-shop.be\/fr\/wp-json\/wp\/v2\/types\/product"}],"wp:featuredmedia":[{"embeddable":true,"href":"https:\/\/harristweed-shop.be\/fr\/wp-json\/wp\/v2\/media\/483952"}],"wp:attachment":[{"href":"https:\/\/harristweed-shop.be\/fr\/wp-json\/wp\/v2\/media?parent=483852"}],"wp:term":[{"taxonomy":"product_brand","embeddable":true,"href":"https:\/\/harristweed-shop.be\/fr\/wp-json\/wp\/v2\/product_brand?post=483852"},{"taxonomy":"product_cat","embeddable":true,"href":"https:\/\/harristweed-shop.be\/fr\/wp-json\/wp\/v2\/product_cat?post=483852"},{"taxonomy":"product_tag","embeddable":true,"href":"https:\/\/harristweed-shop.be\/fr\/wp-json\/wp\/v2\/product_tag?post=483852"}],"curies":[{"name":"wp","href":"https:\/\/api.w.org\/{rel}","templated":true}]}}