{"id":483405,"date":"2024-07-17T14:02:33","date_gmt":"2024-07-17T14:02:33","guid":{"rendered":"https:\/\/harristweed-shop.be\/product\/wax-bodywarmer-brown\/"},"modified":"2026-05-05T04:50:35","modified_gmt":"2026-05-05T04:50:35","slug":"wax-bodywarmer-brown","status":"publish","type":"product","link":"https:\/\/harristweed-shop.be\/fr\/produit\/gilet-sans-manches-en-cire-marron\/","title":{"rendered":"Gilet en cire marron"},"content":{"rendered":"<p>La doublure int\u00e9rieure est en coton 100% \u00e0 carreaux.<\/p>\n<p>La veste ext\u00e9rieure (coque) est fabriqu\u00e9e en coton cir\u00e9 100% \u00e9pais, ce qui rend ce gilet imperm\u00e9able et coupe-vent.<\/p>\n<p>Il est \u00e9galement dot\u00e9 de deux poches chauffe-mains, de deux poches avant \u00e0 soufflet, d&#039;une fermeture \u00e9clair double sens ultra-r\u00e9sistante avec rabat clout\u00e9, d&#039;un col en velours c\u00f4tel\u00e9, d&#039;une poche int\u00e9rieure et d&#039;une doublure en nylon 100%. Fabriqu\u00e9 au Royaume-Uni par un fabricant de v\u00eatements de campagne et de derby haut de gamme. <\/p>","protected":false},"excerpt":{"rendered":"<p>Gilet Wax Bodywarmer, fabriqu\u00e9 en coton cir\u00e9 100% \u00e9pais, rendant ce gilet imperm\u00e9able et coupe-vent.<\/p>","protected":false},"featured_media":483446,"template":"","meta":[],"product_brand":[],"product_cat":[1060,530,87,482,531,1026],"product_tag":[],"class_list":{"0":"post-483405","1":"product","2":"type-product","3":"status-publish","4":"has-post-thumbnail","6":"product_cat-bodywarmer","7":"product_cat-heren-jassen-en-jacks","8":"product_cat-jassen-en-jacks","9":"product_cat-mantel-und-jacken","10":"product_cat-mantel-und-jacken-fur-herren","11":"product_cat-wax-jackets","12":"pa_merk-walker-hawkes","14":"first","15":"instock","16":"taxable","17":"shipping-taxable","18":"purchasable","19":"product-type-variable"},"df_price":99.95,"df_sale_price":"","df_regular_price":99.95,"df_image_link":"https:\/\/harristweed-shop.be\/wp-content\/uploads\/2024\/07\/7be1060044128f218f3fecaa9d3f4411_Wax_Bodywarmer_Brown-225x300.jpeg","_links":{"self":[{"href":"https:\/\/harristweed-shop.be\/fr\/wp-json\/wp\/v2\/product\/483405","targetHints":{"allow":["GET"]}}],"collection":[{"href":"https:\/\/harristweed-shop.be\/fr\/wp-json\/wp\/v2\/product"}],"about":[{"href":"https:\/\/harristweed-shop.be\/fr\/wp-json\/wp\/v2\/types\/product"}],"wp:featuredmedia":[{"embeddable":true,"href":"https:\/\/harristweed-shop.be\/fr\/wp-json\/wp\/v2\/media\/483446"}],"wp:attachment":[{"href":"https:\/\/harristweed-shop.be\/fr\/wp-json\/wp\/v2\/media?parent=483405"}],"wp:term":[{"taxonomy":"product_brand","embeddable":true,"href":"https:\/\/harristweed-shop.be\/fr\/wp-json\/wp\/v2\/product_brand?post=483405"},{"taxonomy":"product_cat","embeddable":true,"href":"https:\/\/harristweed-shop.be\/fr\/wp-json\/wp\/v2\/product_cat?post=483405"},{"taxonomy":"product_tag","embeddable":true,"href":"https:\/\/harristweed-shop.be\/fr\/wp-json\/wp\/v2\/product_tag?post=483405"}],"curies":[{"name":"wp","href":"https:\/\/api.w.org\/{rel}","templated":true}]}}