{"id":482242,"date":"2024-07-16T07:09:29","date_gmt":"2024-07-16T07:09:29","guid":{"rendered":"https:\/\/harristweed-shop.be\/product\/wellington-damen-trenchcoat-beige\/"},"modified":"2026-05-05T15:36:51","modified_gmt":"2026-05-05T15:36:51","slug":"wellington-damen-trenchcoat-beige","status":"publish","type":"product","link":"https:\/\/harristweed-shop.be\/fr\/produit\/trench-coat-beige-pour-femme-en-caoutchouc\/","title":{"rendered":"Trench-coat femme \u201c\u00a0Darby\u00a0\u201d beige"},"content":{"rendered":"<p>Le trench-coat \u201c\u00a0Darby\u00a0\u201d est un v\u00e9ritable classique qui s\u00e9duit par ses d\u00e9tails authentiques et de grande qualit\u00e9, ainsi que par son confort exceptionnel. Ce manteau crois\u00e9, confectionn\u00e9 avec un savoir-faire exceptionnel, pr\u00e9sente une coupe f\u00e9minine orn\u00e9e de d\u00e9coupes princesse \u00e0 l&#039;avant et \u00e0 l&#039;arri\u00e8re. Il est dot\u00e9 d&#039;un col rabattu, de boutons en corne v\u00e9ritable personnalisables, de deux larges poches passepoil\u00e9es aux surpiq\u00fbres d\u00e9coratives et d&#039;une fente d&#039;aisance au dos. <\/p>\n<p>Outre son esth\u00e9tique, cette veste offre de nombreux atouts pratiques. Son \u00e9l\u00e9gant col en daim camel se ferme par un crochet m\u00e9tallique. Une patte de boutonnage au dos et un empi\u00e8cement sur le devant gauche assurent une protection optimale contre la pluie et le vent. Les manches sont ajustables gr\u00e2ce \u00e0 des pattes et des boucles en corne v\u00e9ritable, et la ceinture \u00e0 passant garantit un maintien parfait. Pi\u00e8ce intemporelle et raffin\u00e9e, cette veste s\u00e9duit \u00e9galement par ses finitions int\u00e9rieures soign\u00e9es et impeccables. <\/p>\n<p>La doublure \u00e9l\u00e9gante des manches \u00e0 motifs cachemire est particuli\u00e8rement remarquable lorsqu&#039;elles sont retrouss\u00e9es. Sinon, une doublure en coton bleu clair \u00e0 l&#039;aspect denim compl\u00e8te avec style le look sportif. Deux poches int\u00e9rieures refermables offrent un espace g\u00e9n\u00e9reux pour vos essentiels. Ce trench-coat bleu marine polyvalent s\u00e9duit par son \u00e9l\u00e9gance intemporelle et souligne votre style impeccable. D&#039;une grande polyvalence, c&#039;est un incontournable de toute garde-robe\u00a0!<\/p>\n<p>\u2013 Fendue \u00e0 l&#039;arri\u00e8re<br \/>- Enti\u00e8rement doubl\u00e9<br \/>\u2013 Fermeture \u00e0 lacets dans les poches<br \/>- L\u00e9g\u00e8rement ajust\u00e9<br \/>\u2013 \u00c9tiquette nominative<br \/>\u2013 Boutons personnalis\u00e9s en corne v\u00e9ritable<br \/>\u2013 Pi\u00e8ce pour le dos et les \u00e9paules<br \/>\u2013 Ceinture<br \/>\u2013 Bretelles r\u00e9glables avec boucle en corne v\u00e9ritable<br \/>\u2013 Deux poches int\u00e9rieures<\/p>\n<p>Mensurations du mannequin\u00a0: Le mannequin mesure 176\u00a0cm et porte une taille\u00a036 sur la photo.<br \/>Coupe : f\u00e9minine.<br \/>Mesures du v\u00eatement\u00a0: pour la taille 36, les mesures sont les suivantes\u00a0: longueur dos\u00a0: 96\u00a0cm \u2013 longueur de manche depuis le bonnet\u00a0: 61\u00a0cm \u2013 largeur d\u2019\u00e9paules\u00a0: 12\u00a0cm \u2013 demi-tour de poitrine\u00a0: 51,5\u00a0cm<\/p>\n<p>Tissu ext\u00e9rieur\u00a0: coton 55%, polyamide 45%<br \/>Doublure : polyester 100%<br \/>Doublure des manches : polyester 100%<\/p>","protected":false},"excerpt":{"rendered":"<p>Trench-coat femme \u201c Darby \u201d beige 29.<\/p>\n<p>Le trench-coat \u201c\u00a0Darby\u00a0\u201d est un v\u00e9ritable classique qui s\u00e9duit par ses d\u00e9tails authentiques et de grande qualit\u00e9, ainsi que par son confort exceptionnel. Ce manteau crois\u00e9, confectionn\u00e9 avec un savoir-faire exceptionnel, pr\u00e9sente une coupe f\u00e9minine orn\u00e9e de d\u00e9coupes princesse \u00e0 l&#039;avant et \u00e0 l&#039;arri\u00e8re.<\/p>","protected":false},"featured_media":482251,"template":"","meta":[],"product_brand":[],"product_cat":[481,87,482,483],"product_tag":[],"class_list":{"0":"post-482242","1":"product","2":"type-product","3":"status-publish","4":"has-post-thumbnail","6":"product_cat-dames-jassen-en-jacks","7":"product_cat-jassen-en-jacks","8":"product_cat-mantel-und-jacken","9":"product_cat-mantel-und-jacken-fur-damen","10":"pa_merk-wellington","12":"first","13":"instock","14":"taxable","15":"shipping-taxable","16":"purchasable","17":"product-type-variable"},"df_price":299.95,"df_sale_price":"","df_regular_price":299.95,"df_image_link":"https:\/\/harristweed-shop.be\/wp-content\/uploads\/2024\/07\/39e4309a9c831fb8a127e672ce4d57a1_Wellington_Damen_Trenchcoat_Beige-225x300.jpeg","_links":{"self":[{"href":"https:\/\/harristweed-shop.be\/fr\/wp-json\/wp\/v2\/product\/482242","targetHints":{"allow":["GET"]}}],"collection":[{"href":"https:\/\/harristweed-shop.be\/fr\/wp-json\/wp\/v2\/product"}],"about":[{"href":"https:\/\/harristweed-shop.be\/fr\/wp-json\/wp\/v2\/types\/product"}],"wp:featuredmedia":[{"embeddable":true,"href":"https:\/\/harristweed-shop.be\/fr\/wp-json\/wp\/v2\/media\/482251"}],"wp:attachment":[{"href":"https:\/\/harristweed-shop.be\/fr\/wp-json\/wp\/v2\/media?parent=482242"}],"wp:term":[{"taxonomy":"product_brand","embeddable":true,"href":"https:\/\/harristweed-shop.be\/fr\/wp-json\/wp\/v2\/product_brand?post=482242"},{"taxonomy":"product_cat","embeddable":true,"href":"https:\/\/harristweed-shop.be\/fr\/wp-json\/wp\/v2\/product_cat?post=482242"},{"taxonomy":"product_tag","embeddable":true,"href":"https:\/\/harristweed-shop.be\/fr\/wp-json\/wp\/v2\/product_tag?post=482242"}],"curies":[{"name":"wp","href":"https:\/\/api.w.org\/{rel}","templated":true}]}}