{"id":482088,"date":"2024-07-15T19:28:54","date_gmt":"2024-07-15T19:28:54","guid":{"rendered":"https:\/\/harristweed-shop.be\/product\/wellington-damesjas-gesteppt-navy\/"},"modified":"2026-04-08T10:11:22","modified_gmt":"2026-04-08T10:11:22","slug":"wellington-damesjas-gesteppt-navy","status":"publish","type":"product","link":"https:\/\/harristweed-shop.be\/fr\/produit\/veste-en-caoutchouc-pour-femme-bleu-marine\/","title":{"rendered":"Manteau l\u00e9ger \u00e0 capuche pour femme \u2018\u00a0Perth\u00a0\u2019 bleu marine"},"content":{"rendered":"<p>D&#039;une l\u00e9g\u00e8ret\u00e9 et d&#039;un confort exceptionnels, la doudoune \u201c\u00a0Perth\u00a0\u201d pour femme s\u00e9duit par ses surpiq\u00fbres en losange contemporaines et sportives. Id\u00e9ale pour la mi-saison ou les fra\u00eeches journ\u00e9es d&#039;\u00e9t\u00e9, cette veste est dot\u00e9e de surpiq\u00fbres innovantes, d&#039;une capuche fixe, d&#039;une fermeture \u00e9clair double sens pratique et de deux grandes poches plaqu\u00e9es sur le devant. Les finitions en velours c\u00f4tel\u00e9 lui conf\u00e8rent une touche charmante, tandis que deux poches int\u00e9rieures refermables offrent un rangement pratique pour les petits objets.<\/p>\n<p>De longues fentes lat\u00e9rales orn\u00e9es de boutons-pression d\u00e9coratifs garantissent une libert\u00e9 de mouvement optimale pour un confort maximal. Toutes les coutures de cette veste non doubl\u00e9e sont soigneusement finies par un passepoil contrastant, lui conf\u00e9rant une allure moderne et des d\u00e9tails \u00e9l\u00e9gants. Sa silhouette droite et tendance, associ\u00e9e \u00e0 une coupe classique, fait de cette veste matelass\u00e9e respirante et l\u00e9g\u00e8re un alli\u00e9 confortable au quotidien et un indispensable de votre garde-robe.<\/p>\n<p>\u2013 Fermeture \u00e9clair \u00e0 double sens<br \/>\u2013 Finition en velours c\u00f4tel\u00e9 sur les poches et les poignets des manches<br \/>\u2013 Capot fixe<br \/>\u2013 Passepoil contrastant le long des coutures<br \/>\u2013 \u00c9tiquette nominative<br \/>\u2013 Fentes lat\u00e9rales avec boutons-pression d\u00e9coratifs<br \/>\u2013 Tr\u00e8s l\u00e9ger<br \/>\u2013 Deux grandes poches plaqu\u00e9es<br \/>\u2013 Deux poches int\u00e9rieures zipp\u00e9es<\/p>\n<p>Mensurations du mannequin\u00a0: Le mannequin mesure 176\u00a0cm et porte une taille\u00a036 sur la photo.<br \/>Coupe : Coupe r\u00e9guli\u00e8re<br \/>Mesures du v\u00eatement\u00a0: pour la taille 36\u00a0: demi-tour de poitrine\u00a0: 53\u00a0cm \u2013 demi-tour de taille\u00a0: 54,5\u00a0cm \u2013 longueur des manches (depuis l\u2019ourlet)\u00a0: 62,5\u00a0cm \u2013 longueur dos\u00a0: 94\u00a0cm<\/p>\n<p>Tissu ext\u00e9rieur : polyester 100%<br \/>Doublure : polyester 100%<br \/>Doublure des manches : polyester 100%<\/p>","protected":false},"excerpt":{"rendered":"<p>Manteau l\u00e9ger \u00e0 capuche pour femme \u2018 Perth \u2019 en bleu marine, taille 10.<\/p>\n<p>D&#039;une l\u00e9g\u00e8ret\u00e9 et d&#039;un confort exceptionnels, la doudoune \u201c\u00a0Perth\u00a0\u201d pour femme s\u00e9duit par ses surpiq\u00fbres en losange contemporaines et sportives. Id\u00e9ale pour la mi-saison ou les fra\u00eeches journ\u00e9es d&#039;\u00e9t\u00e9, cette veste est dot\u00e9e de surpiq\u00fbres innovantes, d&#039;une capuche fixe, d&#039;une fermeture \u00e9clair double sens pratique et de deux grandes poches plaqu\u00e9es sur le devant.<\/p>","protected":false},"featured_media":482099,"template":"","meta":[],"product_brand":[],"product_cat":[481,87,482,483],"product_tag":[],"class_list":{"0":"post-482088","1":"product","2":"type-product","3":"status-publish","4":"has-post-thumbnail","6":"product_cat-dames-jassen-en-jacks","7":"product_cat-jassen-en-jacks","8":"product_cat-mantel-und-jacken","9":"product_cat-mantel-und-jacken-fur-damen","10":"pa_merk-wellington","12":"first","13":"instock","14":"taxable","15":"shipping-taxable","16":"purchasable","17":"product-type-variable"},"df_price":229.95,"df_sale_price":"","df_regular_price":229.95,"df_image_link":"https:\/\/harristweed-shop.be\/wp-content\/uploads\/2024\/07\/8c2016b2981d43dfae519a0fa81d1dd7_Wellington__damesjas_gesteppt_Navy-225x300.jpeg","_links":{"self":[{"href":"https:\/\/harristweed-shop.be\/fr\/wp-json\/wp\/v2\/product\/482088","targetHints":{"allow":["GET"]}}],"collection":[{"href":"https:\/\/harristweed-shop.be\/fr\/wp-json\/wp\/v2\/product"}],"about":[{"href":"https:\/\/harristweed-shop.be\/fr\/wp-json\/wp\/v2\/types\/product"}],"wp:featuredmedia":[{"embeddable":true,"href":"https:\/\/harristweed-shop.be\/fr\/wp-json\/wp\/v2\/media\/482099"}],"wp:attachment":[{"href":"https:\/\/harristweed-shop.be\/fr\/wp-json\/wp\/v2\/media?parent=482088"}],"wp:term":[{"taxonomy":"product_brand","embeddable":true,"href":"https:\/\/harristweed-shop.be\/fr\/wp-json\/wp\/v2\/product_brand?post=482088"},{"taxonomy":"product_cat","embeddable":true,"href":"https:\/\/harristweed-shop.be\/fr\/wp-json\/wp\/v2\/product_cat?post=482088"},{"taxonomy":"product_tag","embeddable":true,"href":"https:\/\/harristweed-shop.be\/fr\/wp-json\/wp\/v2\/product_tag?post=482088"}],"curies":[{"name":"wp","href":"https:\/\/api.w.org\/{rel}","templated":true}]}}