{"id":477840,"date":"2024-07-10T12:52:32","date_gmt":"2024-07-10T12:52:32","guid":{"rendered":"https:\/\/harristweed-shop.be\/product\/college-shawl-university-of-london-scarf-2\/"},"modified":"2026-05-05T04:51:37","modified_gmt":"2026-05-05T04:51:37","slug":"college-shawl-university-of-london-scarf-2","status":"publish","type":"product","link":"https:\/\/harristweed-shop.be\/fr\/produit\/chale-universitaire-echarpe-universite-de-londres-2\/","title":{"rendered":"Ch\u00e2le universitaire, \u00e9charpe de rugby Dukes"},"content":{"rendered":"<p>\u00c9charpe traditionnelle en laine de Saxe aux couleurs des Dukes de rugby. Fabriqu\u00e9e \u00e0 la main dans notre atelier d&#039;Ely, dans le Cambridgeshire, en Angleterre. Elle mesure environ 1,80 m de long. Elle est orn\u00e9e de notre propre \u00e9tiquette Ryder &amp; Amies.<\/p>","protected":false},"excerpt":{"rendered":"<p>Fabriqu\u00e9 en Angleterre et fini avec l&#039;\u00e9tiquette embl\u00e9matique Ryder &amp; Amies.<\/p>","protected":false},"featured_media":477848,"template":"","meta":[],"product_brand":[],"product_cat":[1038,1037,874,873,105,1135],"product_tag":[],"class_list":{"0":"post-477840","1":"product","2":"type-product","3":"status-publish","4":"has-post-thumbnail","6":"product_cat-college-schals","7":"product_cat-college-shawls","8":"product_cat-schals-schals","9":"product_cat-schals","10":"product_cat-shawls","11":"product_cat-thetweedshop","12":"pa_merk-ryder-and-amies","14":"first","15":"instock","16":"taxable","17":"shipping-taxable","18":"purchasable","19":"product-type-simple"},"df_price":84.95,"df_sale_price":"","df_regular_price":84.95,"df_image_link":"https:\/\/harristweed-shop.be\/wp-content\/uploads\/2024\/07\/e6c66c439769b1a9d95a63e946496933_College_Shawl__Dukes_rugby_Scarf-225x300.jpeg","_links":{"self":[{"href":"https:\/\/harristweed-shop.be\/fr\/wp-json\/wp\/v2\/product\/477840","targetHints":{"allow":["GET"]}}],"collection":[{"href":"https:\/\/harristweed-shop.be\/fr\/wp-json\/wp\/v2\/product"}],"about":[{"href":"https:\/\/harristweed-shop.be\/fr\/wp-json\/wp\/v2\/types\/product"}],"wp:featuredmedia":[{"embeddable":true,"href":"https:\/\/harristweed-shop.be\/fr\/wp-json\/wp\/v2\/media\/477848"}],"wp:attachment":[{"href":"https:\/\/harristweed-shop.be\/fr\/wp-json\/wp\/v2\/media?parent=477840"}],"wp:term":[{"taxonomy":"product_brand","embeddable":true,"href":"https:\/\/harristweed-shop.be\/fr\/wp-json\/wp\/v2\/product_brand?post=477840"},{"taxonomy":"product_cat","embeddable":true,"href":"https:\/\/harristweed-shop.be\/fr\/wp-json\/wp\/v2\/product_cat?post=477840"},{"taxonomy":"product_tag","embeddable":true,"href":"https:\/\/harristweed-shop.be\/fr\/wp-json\/wp\/v2\/product_tag?post=477840"}],"curies":[{"name":"wp","href":"https:\/\/api.w.org\/{rel}","templated":true}]}}