{"id":477712,"date":"2024-07-10T10:07:54","date_gmt":"2024-07-10T10:07:54","guid":{"rendered":"https:\/\/harristweed-shop.be\/product\/college-shawl-school-of-oriental-and-african-studies-soas-scarf\/"},"modified":"2026-05-05T04:52:23","modified_gmt":"2026-05-05T04:52:23","slug":"college-shawl-school-of-oriental-and-african-studies-soas-scarf","status":"publish","type":"product","link":"https:\/\/harristweed-shop.be\/fr\/produit\/chale-universitaire-ecole-detudes-orientales-et-africaines-echarpe-soas\/","title":{"rendered":"Ch\u00e2le universitaire, \u00c9cole d&#039;\u00e9tudes orientales et africaines (SOAS)"},"content":{"rendered":"<p>L&#039;\u00c9cole d&#039;\u00e9tudes orientales et africaines est un institut membre de l&#039;Universit\u00e9 de Londres. La SOAS est l&#039;une des principales institutions mondiales d&#039;\u00e9tudes sur l&#039;Asie, l&#039;Afrique et le Moyen-Orient. Ryder &amp; Amies est ravi de vous proposer cette \u00e9charpe acad\u00e9mique traditionnelle aux couleurs de la SOAS, Universit\u00e9 de Londres. Confectionn\u00e9e dans le style traditionnel en laine de Saxe 100%, elle mesure 1,80 m de long. Fabriqu\u00e9e en Angleterre et orn\u00e9e de l&#039;embl\u00e9matique \u00e9tiquette Ryder &amp; Amies.<\/p>","protected":false},"excerpt":{"rendered":"<p>Fabriqu\u00e9 en Angleterre et fini avec l&#039;\u00e9tiquette embl\u00e9matique Ryder &amp; Amies.<\/p>","protected":false},"featured_media":477713,"template":"","meta":[],"product_brand":[],"product_cat":[1038,1037,873,874,105,1135],"product_tag":[],"class_list":{"0":"post-477712","1":"product","2":"type-product","3":"status-publish","4":"has-post-thumbnail","6":"product_cat-college-schals","7":"product_cat-college-shawls","8":"product_cat-schals","9":"product_cat-schals-schals","10":"product_cat-shawls","11":"product_cat-thetweedshop","12":"pa_merk-ryder-and-amies","14":"first","15":"instock","16":"taxable","17":"shipping-taxable","18":"purchasable","19":"product-type-simple"},"df_price":84.95,"df_sale_price":"","df_regular_price":84.95,"df_image_link":"https:\/\/harristweed-shop.be\/wp-content\/uploads\/2024\/07\/c098f4d790252dbe626631ad1cfe2897_College_Shawl__School_of_Oriental_and_African_Studies__SOAS__Scarf-225x300.jpeg","_links":{"self":[{"href":"https:\/\/harristweed-shop.be\/fr\/wp-json\/wp\/v2\/product\/477712","targetHints":{"allow":["GET"]}}],"collection":[{"href":"https:\/\/harristweed-shop.be\/fr\/wp-json\/wp\/v2\/product"}],"about":[{"href":"https:\/\/harristweed-shop.be\/fr\/wp-json\/wp\/v2\/types\/product"}],"wp:featuredmedia":[{"embeddable":true,"href":"https:\/\/harristweed-shop.be\/fr\/wp-json\/wp\/v2\/media\/477713"}],"wp:attachment":[{"href":"https:\/\/harristweed-shop.be\/fr\/wp-json\/wp\/v2\/media?parent=477712"}],"wp:term":[{"taxonomy":"product_brand","embeddable":true,"href":"https:\/\/harristweed-shop.be\/fr\/wp-json\/wp\/v2\/product_brand?post=477712"},{"taxonomy":"product_cat","embeddable":true,"href":"https:\/\/harristweed-shop.be\/fr\/wp-json\/wp\/v2\/product_cat?post=477712"},{"taxonomy":"product_tag","embeddable":true,"href":"https:\/\/harristweed-shop.be\/fr\/wp-json\/wp\/v2\/product_tag?post=477712"}],"curies":[{"name":"wp","href":"https:\/\/api.w.org\/{rel}","templated":true}]}}