{"id":477708,"date":"2024-07-10T10:07:51","date_gmt":"2024-07-10T10:07:51","guid":{"rendered":"https:\/\/harristweed-shop.be\/product\/college-shawl-oxford-university-nuffield-college-scarf\/"},"modified":"2026-05-05T04:52:23","modified_gmt":"2026-05-05T04:52:23","slug":"college-shawl-oxford-university-nuffield-college-scarf","status":"publish","type":"product","link":"https:\/\/harristweed-shop.be\/fr\/produit\/chale-universitaire-echarpe-du-nuffield-college-de-luniversite-doxford\/","title":{"rendered":"Ch\u00e2le universitaire, Universit\u00e9 d&#039;Oxford, \u00e9charpe du Nuffield College"},"content":{"rendered":"<p>Le Nuffield College, \u00e9tablissement d&#039;enseignement sup\u00e9rieur de l&#039;Universit\u00e9 d&#039;Oxford, est sp\u00e9cialis\u00e9 en sciences sociales. Cette \u00e9charpe universitaire du Nuffield College est confectionn\u00e9e dans un style traditionnel en laine de Saxe 100%, d&#039;une longueur de 1,80 m. Fabriqu\u00e9e en Angleterre, elle arbore l&#039;embl\u00e9matique \u00e9tiquette Ryder &amp; Amies.<\/p>","protected":false},"excerpt":{"rendered":"<p>Fabriqu\u00e9 en Angleterre et fini avec l&#039;\u00e9tiquette embl\u00e9matique Ryder &amp; Amies.<\/p>","protected":false},"featured_media":477709,"template":"","meta":[],"product_brand":[],"product_cat":[1038,1037,873,874,105,1135],"product_tag":[],"class_list":{"0":"post-477708","1":"product","2":"type-product","3":"status-publish","4":"has-post-thumbnail","6":"product_cat-college-schals","7":"product_cat-college-shawls","8":"product_cat-schals","9":"product_cat-schals-schals","10":"product_cat-shawls","11":"product_cat-thetweedshop","12":"pa_merk-ryder-and-amies","14":"first","15":"instock","16":"taxable","17":"shipping-taxable","18":"purchasable","19":"product-type-simple"},"df_price":84.95,"df_sale_price":"","df_regular_price":84.95,"df_image_link":"https:\/\/harristweed-shop.be\/wp-content\/uploads\/2024\/07\/ab8bf19283875ba8167335bb01a1f762_College_Shawl__Oxford_University__Nuffield_College_Scarf-225x300.jpeg","_links":{"self":[{"href":"https:\/\/harristweed-shop.be\/fr\/wp-json\/wp\/v2\/product\/477708","targetHints":{"allow":["GET"]}}],"collection":[{"href":"https:\/\/harristweed-shop.be\/fr\/wp-json\/wp\/v2\/product"}],"about":[{"href":"https:\/\/harristweed-shop.be\/fr\/wp-json\/wp\/v2\/types\/product"}],"wp:featuredmedia":[{"embeddable":true,"href":"https:\/\/harristweed-shop.be\/fr\/wp-json\/wp\/v2\/media\/477709"}],"wp:attachment":[{"href":"https:\/\/harristweed-shop.be\/fr\/wp-json\/wp\/v2\/media?parent=477708"}],"wp:term":[{"taxonomy":"product_brand","embeddable":true,"href":"https:\/\/harristweed-shop.be\/fr\/wp-json\/wp\/v2\/product_brand?post=477708"},{"taxonomy":"product_cat","embeddable":true,"href":"https:\/\/harristweed-shop.be\/fr\/wp-json\/wp\/v2\/product_cat?post=477708"},{"taxonomy":"product_tag","embeddable":true,"href":"https:\/\/harristweed-shop.be\/fr\/wp-json\/wp\/v2\/product_tag?post=477708"}],"curies":[{"name":"wp","href":"https:\/\/api.w.org\/{rel}","templated":true}]}}